{"id":5127,"date":"2025-02-14T12:09:46","date_gmt":"2025-02-14T11:09:46","guid":{"rendered":"https:\/\/bizeta-macchinehf.it\/?page_id=5127"},"modified":"2025-03-10T10:14:40","modified_gmt":"2025-03-10T09:14:40","slug":"contactez-nous","status":"publish","type":"page","link":"https:\/\/bizeta-macchinehf.it\/fr\/contactez-nous\/","title":{"rendered":"Contactez-nous"},"content":{"rendered":"<div class=\"wpb-content-wrapper\"><p>[vc_row full_width=\u00a0\u00bbstretch_row_content_no_spaces\u00a0\u00bb content_placement=\u00a0\u00bbmiddle\u00a0\u00bb css=\u00a0\u00bb.vc_custom_1738576045605{padding-top: 0px !important;padding-bottom: 0px !important;background-color: #ffffff !important;border-color: #FFFFFF !important;}\u00a0\u00bb][vc_column css=\u00a0\u00bb.vc_custom_1738576010535{padding-top: 0px !important;background-color: #FFFFFF !important;border-color: #FFFFFF !important;}\u00a0\u00bb][vc_gmaps link=\u00a0\u00bb#E-8_JTNDaWZyYW1lJTIwc3JjJTNEJTIyaHR0cHMlM0ElMkYlMkZ3d3cuZ29vZ2xlLmNvbSUyRm1hcHMlMkZlbWJlZCUzRnBiJTNEJTIxMW0xNCUyMTFtOCUyMTFtMyUyMTFkMTExOTEuODcyMzgzMzQ1JTIxMmQxMS45MDQ2NjglMjEzZDQ1LjQ3MDQ0NjYlMjEzbTIlMjExaTEwMjQlMjEyaTc2OCUyMTRmMTMuMSUyMTNtMyUyMTFtMiUyMTFzMHgwJTI1M0EweGFlNDU3N2IyNDhjODk1ZmYlMjEyc0JpemV0YSUyNTIwVW5pcGVyc29uYWxlJTIxNWUwJTIxM20yJTIxMXNpdCUyMTJzaXQlMjE0djE1OTY0NTkzODM4MzYlMjE1bTIlMjExc2l0JTIxMnNpdCUyMiUyMHdpZHRoJTNEJTIyMTAwJTI1JTIyJTIwaGVpZ2h0JTNEJTIyNDUwJTIyJTIwZnJhbWVib3JkZXIlM0QlMjIwJTIyJTIwc3R5bGUlM0QlMjJib3JkZXIlM0EwJTNCJTIyJTIwYWxsb3dmdWxsc2NyZWVuJTNEJTIyJTIyJTIwYXJpYS1oaWRkZW4lM0QlMjJmYWxzZSUyMiUyMHRhYmluZGV4JTNEJTIyMCUyMiUzRSUzQyUyRmlmcmFtZSUzRQ==\u00a0\u00bb css=\u00a0\u00bb.vc_custom_1738575899947{margin-top: 0px !important;margin-bottom: 0px !important;border-bottom-width: 0px !important;padding-top: 0px !important;background-color: #FFFFFF !important;border-color: #FFFFFF !important;}\u00a0\u00bb][\/vc_column][\/vc_row][vc_row content_placement=\u00a0\u00bbmiddle\u00a0\u00bb css_animation=\u00a0\u00bbnone\u00a0\u00bb][vc_column width=\u00a0\u00bb1\/4&Prime;][\/vc_column][vc_column width=\u00a0\u00bb1\/2&Prime; css=\u00a0\u00bb.vc_custom_1738576086467{background-color: #EB212E !important;}\u00a0\u00bb][vc_column_text css=\u00a0\u00bb\u00a0\u00bb]<\/p>\n<h1 style=\"text-align: center;\"><span style=\"color: #ffffff; font-size: 30px; line-height: 40px;\">Contactez-nous pour plus d&rsquo;informations<\/span><\/h1>\n<p>[\/vc_column_text]\n<div class=\"wpcf7 no-js\" id=\"wpcf7-f5118-o1\" lang=\"it-IT\" dir=\"ltr\" data-wpcf7-id=\"5118\">\n<div class=\"screen-reader-response\"><p role=\"status\" aria-live=\"polite\" aria-atomic=\"true\"><\/p> <ul><\/ul><\/div>\n<form action=\"\/fr\/wp-json\/wp\/v2\/pages\/5127#wpcf7-f5118-o1\" method=\"post\" class=\"wpcf7-form init\" aria-label=\"Modulo di contatto\" novalidate=\"novalidate\" data-status=\"init\">\n<fieldset class=\"hidden-fields-container\"><input type=\"hidden\" name=\"_wpcf7\" value=\"5118\" \/><input type=\"hidden\" name=\"_wpcf7_version\" value=\"6.1.5\" \/><input type=\"hidden\" name=\"_wpcf7_locale\" value=\"it_IT\" \/><input type=\"hidden\" name=\"_wpcf7_unit_tag\" value=\"wpcf7-f5118-o1\" \/><input type=\"hidden\" name=\"_wpcf7_container_post\" value=\"0\" \/><input type=\"hidden\" name=\"_wpcf7_posted_data_hash\" value=\"\" \/><input type=\"hidden\" name=\"_wpcf7_recaptcha_response\" value=\"\" \/>\n<\/fieldset>\n<div class=\"form-contatto-colonna-1\">\n\t<p><span class=\"wpcf7-form-control-wrap\" data-name=\"nome\"><input size=\"40\" maxlength=\"400\" class=\"wpcf7-form-control wpcf7-text wpcf7-validates-as-required\" id=\"nome\" aria-required=\"true\" aria-invalid=\"false\" placeholder=\"NOM*\" value=\"\" type=\"text\" name=\"nome\" \/><\/span>\n\t<\/p>\n\t<p><span class=\"wpcf7-form-control-wrap\" data-name=\"your-societa\"><input size=\"40\" maxlength=\"400\" class=\"wpcf7-form-control wpcf7-text wpcf7-validates-as-required\" id=\"your-societa\" aria-required=\"true\" aria-invalid=\"false\" placeholder=\"SOCI\u00c9T\u00c9*\" value=\"\" type=\"text\" name=\"your-societa\" \/><\/span>\n\t<\/p>\n\t<p><span class=\"wpcf7-form-control-wrap\" data-name=\"your-email\"><input size=\"40\" maxlength=\"400\" class=\"wpcf7-form-control wpcf7-email wpcf7-validates-as-required wpcf7-text wpcf7-validates-as-email\" id=\"your-email\" aria-required=\"true\" aria-invalid=\"false\" placeholder=\"EMAIL*\" value=\"\" type=\"email\" name=\"your-email\" \/><\/span>\n\t<\/p>\n<\/div>\n<div class=\"form-contatto-colonna-2\">\n\t<p><span class=\"wpcf7-form-control-wrap\" data-name=\"your-cognome\"><input size=\"40\" maxlength=\"400\" class=\"wpcf7-form-control wpcf7-text wpcf7-validates-as-required\" id=\"your-cognome\" aria-required=\"true\" aria-invalid=\"false\" placeholder=\"NOM DE FAMILLE*\" value=\"\" type=\"text\" name=\"your-cognome\" \/><\/span>\n\t<\/p>\n\t<p><span class=\"wpcf7-form-control-wrap\" data-name=\"your-stato\"><input size=\"40\" maxlength=\"400\" class=\"wpcf7-form-control wpcf7-text wpcf7-validates-as-required\" id=\"your-stato\" aria-required=\"true\" aria-invalid=\"false\" placeholder=\"\u00c9TAT*\" value=\"\" type=\"text\" name=\"your-stato\" \/><\/span>\n\t<\/p>\n\t<p><span class=\"wpcf7-form-control-wrap\" data-name=\"tel-407\"><input size=\"40\" maxlength=\"400\" class=\"wpcf7-form-control wpcf7-tel wpcf7-text wpcf7-validates-as-tel\" id=\"tel-407\" aria-invalid=\"false\" placeholder=\"T\u00c9L\u00c9PHONE\" value=\"\" type=\"tel\" name=\"tel-407\" \/><\/span>\n\t<\/p>\n<\/div>\n<div class=\"form-contatto-colonna-unica\" style=\"margin-bottom:20px;\">\n\t<p><span class=\"wpcf7-form-control-wrap\" data-name=\"textarea-840\"><textarea cols=\"40\" rows=\"10\" maxlength=\"2000\" class=\"wpcf7-form-control wpcf7-textarea\" aria-invalid=\"false\" placeholder=\"MESSAGE\" name=\"textarea-840\"><\/textarea><\/span>\n\t<\/p>\n<\/div>\n<p>(*) Afin d'envoyer votre demande, vous devez accepter l'utilisation de vos donn\u00e9es conform\u00e9ment \u00e0 la politique de confidentialit\u00e9 de ce site.\n<\/p>\n<p><span class=\"wpcf7-form-control-wrap\" data-name=\"acceptance-670\"><span class=\"wpcf7-form-control wpcf7-acceptance\"><span class=\"wpcf7-list-item\"><input type=\"checkbox\" name=\"acceptance-670\" value=\"1\" aria-invalid=\"false\" \/><\/span><\/span><\/span> J'ai lu et j'accepte les <a style=\"color:#020202;\" href=\"\/fr\/privacy-policy\/\" title=\"Politique de Confidentialit\u00e9\">Politique de Confidentialit\u00e9<\/a>.\n<\/p>\n<p style=\"text-align:center;\"><input class=\"wpcf7-form-control wpcf7-submit has-spinner\" type=\"submit\" value=\"ENVOYER\" \/>\n<\/p><input type='hidden' class='wpcf7-pum' value='{\"closepopup\":false,\"closedelay\":0,\"openpopup\":false,\"openpopup_id\":0}' \/><div class=\"wpcf7-response-output\" aria-hidden=\"true\"><\/div>\n<\/form>\n<\/div>\n[\/vc_column][vc_column width=\u00a0\u00bb1\/4&Prime;][\/vc_column][\/vc_row]<\/p>\n<\/div>","protected":false},"excerpt":{"rendered":"<p>[vc_row full_width=\u00a0\u00bbstretch_row_content_no_spaces\u00a0\u00bb content_placement=\u00a0\u00bbmiddle\u00a0\u00bb css=\u00a0\u00bb.vc_custom_1738576045605{padding-top: 0px !important;padding-bottom: 0px !important;background-color: #ffffff !important;border-color: #FFFFFF !important;}\u00a0\u00bb][vc_column css=\u00a0\u00bb.vc_custom_1738576010535{padding-top: 0px !important;background-color: #FFFFFF !important;border-color: #FFFFFF !important;}\u00a0\u00bb][vc_gmaps link=\u00a0\u00bb#E-8_JTNDaWZyYW1lJTIwc3JjJTNEJTIyaHR0cHMlM0ElMkYlMkZ3d3cuZ29vZ2xlLmNvbSUyRm1hcHMlMkZlbWJlZCUzRnBiJTNEJTIxMW0xNCUyMTFtOCUyMTFtMyUyMTFkMTExOTEuODcyMzgzMzQ1JTIxMmQxMS45MDQ2NjglMjEzZDQ1LjQ3MDQ0NjYlMjEzbTIlMjExaTEwMjQlMjEyaTc2OCUyMTRmMTMuMSUyMTNtMyUyMTFtMiUyMTFzMHgwJTI1M0EweGFlNDU3N2IyNDhjODk1ZmYlMjEyc0JpemV0YSUyNTIwVW5pcGVyc29uYWxlJTIxNWUwJTIxM20yJTIxMXNpdCUyMTJzaXQlMjE0djE1OTY0NTkzODM4MzYlMjE1bTIlMjExc2l0JTIxMnNpdCUyMiUyMHdpZHRoJTNEJTIyMTAwJTI1JTIyJTIwaGVpZ2h0JTNEJTIyNDUwJTIyJTIwZnJhbWVib3JkZXIlM0QlMjIwJTIyJTIwc3R5bGUlM0QlMjJib3JkZXIlM0EwJTNCJTIyJTIwYWxsb3dmdWxsc2NyZWVuJTNEJTIyJTIyJTIwYXJpYS1oaWRkZW4lM0QlMjJmYWxzZSUyMiUyMHRhYmluZGV4JTNEJTIyMCUyMiUzRSUzQyUyRmlmcmFtZSUzRQ==\u00a0\u00bb css=\u00a0\u00bb.vc_custom_1738575899947{margin-top: 0px !important;margin-bottom: 0px !important;border-bottom-width: 0px<span class=\"excerpt-hellip\"> [\u2026]<\/span><\/p>\n","protected":false},"author":2,"featured_media":0,"parent":0,"menu_order":0,"comment_status":"closed","ping_status":"closed","template":"","meta":{"_acf_changed":false,"footnotes":""},"class_list":["post-5127","page","type-page","status-publish","hentry"],"acf":[],"yoast_head":"<!-- This site is optimized with the Yoast SEO plugin v26.9 - https:\/\/yoast.com\/product\/yoast-seo-wordpress\/ -->\n<title>Contactez-nous | Bizeta<\/title>\n<meta name=\"robots\" content=\"index, follow, max-snippet:-1, max-image-preview:large, max-video-preview:-1\" \/>\n<link rel=\"canonical\" href=\"https:\/\/bizeta-macchinehf.it\/fr\/contactez-nous\/\" \/>\n<meta property=\"og:locale\" content=\"fr_FR\" \/>\n<meta property=\"og:type\" content=\"article\" \/>\n<meta property=\"og:title\" content=\"Contactez-nous | Bizeta\" \/>\n<meta property=\"og:description\" content=\"[vc_row full_width=\u00a0\u00bbstretch_row_content_no_spaces\u00a0\u00bb content_placement=\u00a0\u00bbmiddle\u00a0\u00bb css=\u00a0\u00bb.vc_custom_1738576045605{padding-top: 0px !important;padding-bottom: 0px !important;background-color: #ffffff !important;border-color: #FFFFFF !important;}\u00a0\u00bb][vc_column css=\u00a0\u00bb.vc_custom_1738576010535{padding-top: 0px !important;background-color: #FFFFFF !important;border-color: #FFFFFF !important;}\u00a0\u00bb][vc_gmaps link=\u00a0\u00bb#E-8_JTNDaWZyYW1lJTIwc3JjJTNEJTIyaHR0cHMlM0ElMkYlMkZ3d3cuZ29vZ2xlLmNvbSUyRm1hcHMlMkZlbWJlZCUzRnBiJTNEJTIxMW0xNCUyMTFtOCUyMTFtMyUyMTFkMTExOTEuODcyMzgzMzQ1JTIxMmQxMS45MDQ2NjglMjEzZDQ1LjQ3MDQ0NjYlMjEzbTIlMjExaTEwMjQlMjEyaTc2OCUyMTRmMTMuMSUyMTNtMyUyMTFtMiUyMTFzMHgwJTI1M0EweGFlNDU3N2IyNDhjODk1ZmYlMjEyc0JpemV0YSUyNTIwVW5pcGVyc29uYWxlJTIxNWUwJTIxM20yJTIxMXNpdCUyMTJzaXQlMjE0djE1OTY0NTkzODM4MzYlMjE1bTIlMjExc2l0JTIxMnNpdCUyMiUyMHdpZHRoJTNEJTIyMTAwJTI1JTIyJTIwaGVpZ2h0JTNEJTIyNDUwJTIyJTIwZnJhbWVib3JkZXIlM0QlMjIwJTIyJTIwc3R5bGUlM0QlMjJib3JkZXIlM0EwJTNCJTIyJTIwYWxsb3dmdWxsc2NyZWVuJTNEJTIyJTIyJTIwYXJpYS1oaWRkZW4lM0QlMjJmYWxzZSUyMiUyMHRhYmluZGV4JTNEJTIyMCUyMiUzRSUzQyUyRmlmcmFtZSUzRQ==\u00a0\u00bb css=\u00a0\u00bb.vc_custom_1738575899947{margin-top: 0px !important;margin-bottom: 0px !important;border-bottom-width: 0px [\u2026]\" \/>\n<meta property=\"og:url\" content=\"https:\/\/bizeta-macchinehf.it\/fr\/contactez-nous\/\" \/>\n<meta property=\"og:site_name\" content=\"Bizeta\" \/>\n<meta property=\"article:modified_time\" content=\"2025-03-10T09:14:40+00:00\" \/>\n<meta name=\"twitter:card\" content=\"summary_large_image\" \/>\n<meta name=\"twitter:label1\" content=\"Dur\u00e9e de lecture estim\u00e9e\" \/>\n\t<meta name=\"twitter:data1\" content=\"1 minute\" \/>\n<script type=\"application\/ld+json\" class=\"yoast-schema-graph\">{\"@context\":\"https:\/\/schema.org\",\"@graph\":[{\"@type\":\"WebPage\",\"@id\":\"https:\/\/bizeta-macchinehf.it\/fr\/contactez-nous\/\",\"url\":\"https:\/\/bizeta-macchinehf.it\/fr\/contactez-nous\/\",\"name\":\"Contactez-nous | Bizeta\",\"isPartOf\":{\"@id\":\"https:\/\/bizeta-macchinehf.it\/#website\"},\"datePublished\":\"2025-02-14T11:09:46+00:00\",\"dateModified\":\"2025-03-10T09:14:40+00:00\",\"breadcrumb\":{\"@id\":\"https:\/\/bizeta-macchinehf.it\/fr\/contactez-nous\/#breadcrumb\"},\"inLanguage\":\"fr-FR\",\"potentialAction\":[{\"@type\":\"ReadAction\",\"target\":[\"https:\/\/bizeta-macchinehf.it\/fr\/contactez-nous\/\"]}]},{\"@type\":\"BreadcrumbList\",\"@id\":\"https:\/\/bizeta-macchinehf.it\/fr\/contactez-nous\/#breadcrumb\",\"itemListElement\":[{\"@type\":\"ListItem\",\"position\":1,\"name\":\"Home\",\"item\":\"https:\/\/bizeta-macchinehf.it\/fr\/\"},{\"@type\":\"ListItem\",\"position\":2,\"name\":\"Contactez-nous\"}]},{\"@type\":\"WebSite\",\"@id\":\"https:\/\/bizeta-macchinehf.it\/#website\",\"url\":\"https:\/\/bizeta-macchinehf.it\/\",\"name\":\"Bizeta\",\"description\":\"Welding Machines High Frequency\",\"potentialAction\":[{\"@type\":\"SearchAction\",\"target\":{\"@type\":\"EntryPoint\",\"urlTemplate\":\"https:\/\/bizeta-macchinehf.it\/?s={search_term_string}\"},\"query-input\":{\"@type\":\"PropertyValueSpecification\",\"valueRequired\":true,\"valueName\":\"search_term_string\"}}],\"inLanguage\":\"fr-FR\"}]}<\/script>\n<!-- \/ Yoast SEO plugin. -->","yoast_head_json":{"title":"Contactez-nous | Bizeta","robots":{"index":"index","follow":"follow","max-snippet":"max-snippet:-1","max-image-preview":"max-image-preview:large","max-video-preview":"max-video-preview:-1"},"canonical":"https:\/\/bizeta-macchinehf.it\/fr\/contactez-nous\/","og_locale":"fr_FR","og_type":"article","og_title":"Contactez-nous | Bizeta","og_description":"[vc_row full_width=\u00a0\u00bbstretch_row_content_no_spaces\u00a0\u00bb content_placement=\u00a0\u00bbmiddle\u00a0\u00bb css=\u00a0\u00bb.vc_custom_1738576045605{padding-top: 0px !important;padding-bottom: 0px !important;background-color: #ffffff !important;border-color: #FFFFFF !important;}\u00a0\u00bb][vc_column css=\u00a0\u00bb.vc_custom_1738576010535{padding-top: 0px !important;background-color: #FFFFFF !important;border-color: #FFFFFF !important;}\u00a0\u00bb][vc_gmaps link=\u00a0\u00bb#E-8_JTNDaWZyYW1lJTIwc3JjJTNEJTIyaHR0cHMlM0ElMkYlMkZ3d3cuZ29vZ2xlLmNvbSUyRm1hcHMlMkZlbWJlZCUzRnBiJTNEJTIxMW0xNCUyMTFtOCUyMTFtMyUyMTFkMTExOTEuODcyMzgzMzQ1JTIxMmQxMS45MDQ2NjglMjEzZDQ1LjQ3MDQ0NjYlMjEzbTIlMjExaTEwMjQlMjEyaTc2OCUyMTRmMTMuMSUyMTNtMyUyMTFtMiUyMTFzMHgwJTI1M0EweGFlNDU3N2IyNDhjODk1ZmYlMjEyc0JpemV0YSUyNTIwVW5pcGVyc29uYWxlJTIxNWUwJTIxM20yJTIxMXNpdCUyMTJzaXQlMjE0djE1OTY0NTkzODM4MzYlMjE1bTIlMjExc2l0JTIxMnNpdCUyMiUyMHdpZHRoJTNEJTIyMTAwJTI1JTIyJTIwaGVpZ2h0JTNEJTIyNDUwJTIyJTIwZnJhbWVib3JkZXIlM0QlMjIwJTIyJTIwc3R5bGUlM0QlMjJib3JkZXIlM0EwJTNCJTIyJTIwYWxsb3dmdWxsc2NyZWVuJTNEJTIyJTIyJTIwYXJpYS1oaWRkZW4lM0QlMjJmYWxzZSUyMiUyMHRhYmluZGV4JTNEJTIyMCUyMiUzRSUzQyUyRmlmcmFtZSUzRQ==\u00a0\u00bb css=\u00a0\u00bb.vc_custom_1738575899947{margin-top: 0px !important;margin-bottom: 0px !important;border-bottom-width: 0px [\u2026]","og_url":"https:\/\/bizeta-macchinehf.it\/fr\/contactez-nous\/","og_site_name":"Bizeta","article_modified_time":"2025-03-10T09:14:40+00:00","twitter_card":"summary_large_image","twitter_misc":{"Dur\u00e9e de lecture estim\u00e9e":"1 minute"},"schema":{"@context":"https:\/\/schema.org","@graph":[{"@type":"WebPage","@id":"https:\/\/bizeta-macchinehf.it\/fr\/contactez-nous\/","url":"https:\/\/bizeta-macchinehf.it\/fr\/contactez-nous\/","name":"Contactez-nous | Bizeta","isPartOf":{"@id":"https:\/\/bizeta-macchinehf.it\/#website"},"datePublished":"2025-02-14T11:09:46+00:00","dateModified":"2025-03-10T09:14:40+00:00","breadcrumb":{"@id":"https:\/\/bizeta-macchinehf.it\/fr\/contactez-nous\/#breadcrumb"},"inLanguage":"fr-FR","potentialAction":[{"@type":"ReadAction","target":["https:\/\/bizeta-macchinehf.it\/fr\/contactez-nous\/"]}]},{"@type":"BreadcrumbList","@id":"https:\/\/bizeta-macchinehf.it\/fr\/contactez-nous\/#breadcrumb","itemListElement":[{"@type":"ListItem","position":1,"name":"Home","item":"https:\/\/bizeta-macchinehf.it\/fr\/"},{"@type":"ListItem","position":2,"name":"Contactez-nous"}]},{"@type":"WebSite","@id":"https:\/\/bizeta-macchinehf.it\/#website","url":"https:\/\/bizeta-macchinehf.it\/","name":"Bizeta","description":"Welding Machines High Frequency","potentialAction":[{"@type":"SearchAction","target":{"@type":"EntryPoint","urlTemplate":"https:\/\/bizeta-macchinehf.it\/?s={search_term_string}"},"query-input":{"@type":"PropertyValueSpecification","valueRequired":true,"valueName":"search_term_string"}}],"inLanguage":"fr-FR"}]}},"_links":{"self":[{"href":"https:\/\/bizeta-macchinehf.it\/fr\/wp-json\/wp\/v2\/pages\/5127","targetHints":{"allow":["GET"]}}],"collection":[{"href":"https:\/\/bizeta-macchinehf.it\/fr\/wp-json\/wp\/v2\/pages"}],"about":[{"href":"https:\/\/bizeta-macchinehf.it\/fr\/wp-json\/wp\/v2\/types\/page"}],"author":[{"embeddable":true,"href":"https:\/\/bizeta-macchinehf.it\/fr\/wp-json\/wp\/v2\/users\/2"}],"replies":[{"embeddable":true,"href":"https:\/\/bizeta-macchinehf.it\/fr\/wp-json\/wp\/v2\/comments?post=5127"}],"version-history":[{"count":5,"href":"https:\/\/bizeta-macchinehf.it\/fr\/wp-json\/wp\/v2\/pages\/5127\/revisions"}],"predecessor-version":[{"id":5492,"href":"https:\/\/bizeta-macchinehf.it\/fr\/wp-json\/wp\/v2\/pages\/5127\/revisions\/5492"}],"wp:attachment":[{"href":"https:\/\/bizeta-macchinehf.it\/fr\/wp-json\/wp\/v2\/media?parent=5127"}],"curies":[{"name":"wp","href":"https:\/\/api.w.org\/{rel}","templated":true}]}}