{"id":5178,"date":"2025-02-24T09:38:07","date_gmt":"2025-02-24T08:38:07","guid":{"rendered":"https:\/\/bizeta-macchinehf.it\/?page_id=5178"},"modified":"2025-03-10T10:05:59","modified_gmt":"2025-03-10T09:05:59","slug":"presse-a-chaud-bz-300-ptn","status":"publish","type":"page","link":"https:\/\/bizeta-macchinehf.it\/fr\/presse-a-chaud-bz-300-ptn\/","title":{"rendered":"Presse \u00e0 chaud BZ 300\/PTN"},"content":{"rendered":"<div class=\"wpb-content-wrapper\"><p>[vc_row content_placement=\u00a0\u00bbmiddle\u00a0\u00bb css_animation=\u00a0\u00bbnone\u00a0\u00bb css=\u00a0\u00bb.vc_custom_1738917307552{padding-top: 30px !important;}\u00a0\u00bb][vc_column width=\u00a0\u00bb1\/2&Prime;][vc_single_image image=\u00a0\u00bb4620&Prime; img_size=\u00a0\u00bb1200&#215;900&Prime; css=\u00a0\u00bb\u00a0\u00bb][\/vc_column][vc_column width=\u00a0\u00bb1\/2&Prime;][vc_column_text css=\u00a0\u00bb\u00a0\u00bb]<\/p>\n<h2><strong>Presse<\/strong> <strong>\u00e0<\/strong> <strong>chaud<\/strong> <strong>type<\/strong> <strong>BZ<\/strong> <strong>300\/PTN<\/strong> <strong>:<\/strong> <strong>polyvalence<\/strong> <strong>et<\/strong> <strong>pr\u00e9cision<\/strong> <strong>pour<\/strong> <strong>chaque<\/strong> <strong>mat\u00e9riau<\/strong><strong>\u00a0<\/strong><\/h2>\n<p>La machine de marquage \u00e0 chaud BZ 300\/PTN, con\u00e7u et cr\u00e9\u00e9 par Bizeta, c&rsquo;est la solution id\u00e9ale pour le transfert thermique de logos et d&rsquo;\u00e9tiquettes clairs et durables.<\/p>\n<p>Elle propose des impressions pr\u00e9cises sur une large gamme de mat\u00e9riaux aussi bien souples que rigides, allant du cuir au plastique, en passant par le papier, le carton et le bois, permettant \u00e9galement d&rsquo;ajouter des effets sp\u00e9ciaux comparables \u00e0 une finition m\u00e9tallique, et ainsi de jouer avec une riche palette de couleurs.<\/p>\n<p>Gr\u00e2ce \u00e0 la possibilit\u00e9 de combiner diff\u00e9rents types d&rsquo;impression multicolore, les presses \u00e0 chaud Bizeta ouvrent un monde de possibilit\u00e9s cr\u00e9atives pour personnaliser n&rsquo;importe quel produit.<\/p>\n<h2><strong>Principales<\/strong> <strong>techniques<\/strong> <strong>d&rsquo;impression<\/strong> <strong>du<\/strong> <strong>BZ<\/strong> <strong>300\/PTN<\/strong><\/h2>\n<ul>\n<li><strong>Impression<\/strong> <strong>\u00e0<\/strong> <strong>partir<\/strong> <strong>de<\/strong> <strong>film<\/strong>: ce processus s&rsquo;effectue \u00e0 l&rsquo;aide d&rsquo;un clich\u00e9 grav\u00e9 du graphisme \u00e0 transf\u00e9rer, chauff\u00e9 \u00e0 la bonne temp\u00e9rature et combin\u00e9 \u00e0 la pression exerc\u00e9e par la Id\u00e9al pour les mat\u00e9riaux plastiques et non plastiques.<\/li>\n<li><strong>Impression<\/strong> <strong>\u00e0<\/strong> <strong>partir<\/strong> <strong>de<\/strong> <strong>bande<\/strong> <strong>de<\/strong> <strong>transfert<\/strong>: les graphismes sont d&rsquo;abord r\u00e9alis\u00e9s sur une bande de transfert et puis transf\u00e9r\u00e9s \u00e0 chaud sur le mat\u00e9riau souhait\u00e9 \u00e0 l&rsquo;aide d&rsquo;un tampon en silicone fix\u00e9 sur le clich\u00e9 chauff\u00e9. Une fibre optique int\u00e9gr\u00e9e lit avec pr\u00e9cision les marques de r\u00e9f\u00e9rence sur la bande, garantissant une pr\u00e9cision maximale.<\/li>\n<li><strong>Marquage<\/strong> <strong>du<\/strong> <strong>cuir<\/strong> : parfaite pour les personnalisations sur cuir, simili cuir et bois, cette technique utilise un clich\u00e9 grav\u00e9 pour cr\u00e9er un effet \u00ab\u00a0feu br\u00fblant\u00a0\u00bb sur la mati\u00e8re.<\/li>\n<\/ul>\n<p>La machine BZ 300\/PTN peut aussi \u00eatre int\u00e9gr\u00e9e avec une table rotative et \u00e0 un syst\u00e8me de chargement et de d\u00e9chargement automatique, tels qui augmentent consid\u00e9rablement la productivit\u00e9 et rendent la machine id\u00e9ale m\u00eame pour les fabrications \u00e0 grande \u00e9chelle.[\/vc_column_text][\/vc_column][\/vc_row][vc_row css_animation=\u00a0\u00bbnone\u00a0\u00bb][vc_column width=\u00a0\u00bb1\/3&Prime; css=\u00a0\u00bb.vc_custom_1737714520449{background-color: #eb212e !important;}\u00a0\u00bb]<div class=\"list_item lists_2 clearfix\"><div class=\"list_left list_icon\"><i class=\"fas fa-redo\" aria-hidden=\"true\"><\/i><\/div><div class=\"list_right\"><h4 class=\"title \">Table rotative int\u00e9grable<\/h4><div class=\"desc\"><\/div><\/div><\/div>\n[\/vc_column][vc_column width=\u00a0\u00bb1\/3&Prime; css=\u00a0\u00bb.vc_custom_1737714481184{background-color: #b31b25 !important;}\u00a0\u00bb]<div class=\"list_item lists_2 clearfix\"><div class=\"list_left list_icon\"><i class=\"fas fa-temperature-high\" aria-hidden=\"true\"><\/i><\/div><div class=\"list_right\"><h4 class=\"title \">Temperature du moule jusqu'a 400\u00b0c<\/h4><div class=\"desc\"><\/div><\/div><\/div>\n[\/vc_column][vc_column width=\u00a0\u00bb1\/3&Prime; css=\u00a0\u00bb.vc_custom_1737713399732{background-color: #eb212e !important;}\u00a0\u00bb]<div class=\"list_item lists_2 clearfix\"><div class=\"list_left list_icon\"><i class=\"fas fa-stamp\" aria-hidden=\"true\"><\/i><\/div><div class=\"list_right\"><h4 class=\"title \">Dimensions du clich\u00e9 du 100 x 60 mm au 350 x 300 mm<\/h4><div class=\"desc\"><\/div><\/div><\/div>\n[\/vc_column][\/vc_row][vc_row content_placement=\u00a0\u00bbmiddle\u00a0\u00bb css_animation=\u00a0\u00bbnone\u00a0\u00bb css=\u00a0\u00bb.vc_custom_1738917316359{margin-top: 30px !important;}\u00a0\u00bb][vc_column width=\u00a0\u00bb1\/2&Prime;][vc_column_text css=\u00a0\u00bb\u00a0\u00bb]<\/p>\n<h2>\u00c0 qui s&rsquo;adresse la machine \u00e0 chaud BZ 300\/PTN ?<strong>\u00a0<\/strong><\/h2>\n<p>La presse<strong> BZ 300\/PTN<\/strong> est une machine pour l\u2019estampage \u00e0 chaud qui est parfait pour les entreprises qui travail pour:<\/p>\n<ul>\n<li>Industries du cuir pour <strong>Haute Couture<\/strong>;<\/li>\n<li>Production de <strong>l&#8217;emballage<\/strong> <strong>et de l&rsquo;\u00e9tiquetage<\/strong> des cosm\u00e9tiques;<\/li>\n<li>Industrie <strong>textile<\/strong>.<\/li>\n<\/ul>\n<p>[\/vc_column_text][vc_btn title=\u00a0\u00bbFiche technique du produit\u00a0\u00bb style=\u00a0\u00bbcustom\u00a0\u00bb custom_background=\u00a0\u00bb#eb212e\u00a0\u00bb custom_text=\u00a0\u00bb#ffffff\u00a0\u00bb shape=\u00a0\u00bbsquare\u00a0\u00bb size=\u00a0\u00bblg\u00a0\u00bb align=\u00a0\u00bbcenter\u00a0\u00bb i_type=\u00a0\u00bbpixelicons\u00a0\u00bb i_icon_pixelicons=\u00a0\u00bbvc_pixel_icon vc_pixel_icon-document_pdf\u00a0\u00bb css=\u00a0\u00bb\u00a0\u00bb add_icon=\u00a0\u00bbtrue\u00a0\u00bb link=\u00a0\u00bburl:%2Fwp-content%2Fuploads%2F2025%2F02%2FScheda-tecnica-BZ-300-PTN.pdf\u00a0\u00bb][\/vc_column][vc_column width=\u00a0\u00bb1\/2&Prime;][vc_single_image image=\u00a0\u00bb763&Prime; img_size=\u00a0\u00bb1200&#215;900&Prime; alignment=\u00a0\u00bbcenter\u00a0\u00bb css=\u00a0\u00bb\u00a0\u00bb][\/vc_column][\/vc_row][vc_row full_width=\u00a0\u00bbstretch_row\u00a0\u00bb css_animation=\u00a0\u00bbnone\u00a0\u00bb css=\u00a0\u00bb.vc_custom_1738917320820{background-color: #eb212e !important;}\u00a0\u00bb][vc_column][vc_column_text css=\u00a0\u00bb\u00a0\u00bb]<\/p>\n<h3 style=\"text-align: center; color: #fff;\">Souhaitez-vous plus d&rsquo;informations sur notre machine \u00e0 haute fr\u00e9quence?<\/h3>\n<p>[\/vc_column_text][vc_btn title=\u00a0\u00bbDemand\u00e9s info\u00a0\u00bb style=\u00a0\u00bbcustom\u00a0\u00bb custom_background=\u00a0\u00bb#ffffff\u00a0\u00bb custom_text=\u00a0\u00bb#020202&Prime; shape=\u00a0\u00bbsquare\u00a0\u00bb size=\u00a0\u00bblg\u00a0\u00bb align=\u00a0\u00bbcenter\u00a0\u00bb css=\u00a0\u00bb\u00a0\u00bb link=\u00a0\u00bburl:%2Ffr%2Fpresse-a-chaud-bz-300-ptn%2F%23demandes-info\u00a0\u00bb el_class=\u00a0\u00bbscroll\u00a0\u00bb][\/vc_column][\/vc_row][vc_row content_placement=\u00a0\u00bbmiddle\u00a0\u00bb css_animation=\u00a0\u00bbnone\u00a0\u00bb][vc_column][vc_tta_accordion shape=\u00a0\u00bbsquare\u00a0\u00bb color=\u00a0\u00bbwhite\u00a0\u00bb gap=\u00a0\u00bb20&Prime; active_section=\u00a0\u00bb1&Prime; title=\u00a0\u00bbFabrication et finition de haute qualit\u00e9 et sur mesure de cuirs, de mati\u00e8res synth\u00e9tiques et de tissus pour la haute couture gr\u00e2ce \u00e0 la haute fr\u00e9quence Bizeta\u00a0\u00bb][vc_tta_section title=\u00a0\u00bbIndustrie 4.0&Prime; tab_id=\u00a0\u00bb1737712327423-cbae458a-44f90b83-c45f0528-32a7&Prime;][vc_column_text css=\u00a0\u00bb\u00a0\u00bb]Toutes les machines \u00e0 haute fr\u00e9quence \u00e0 souder et \/ ou d\u00e9couper Bizeta r\u00e9pondent aux exigences de l&rsquo;Industrie 4.0, gr\u00e2ce \u00e0 l&rsquo;interconnexion avec les syst\u00e8mes informatiques de l&rsquo;entreprise, l&rsquo;\u00e9change de donn\u00e9es entre le logiciel de gestion de l&rsquo;entreprise et la machine, la possibilit\u00e9 de planification, de gestion et de surveillance continue du processus de travail et l&rsquo;assistance avec diagnostic et maintenance \u00e0 distance.[\/vc_column_text][\/vc_tta_section][vc_tta_section title=\u00a0\u00bbComposants et HMI\u00a0\u00bb tab_id=\u00a0\u00bb1737712327439-e12d4eab-fbb00b83-c45f0528-32a7&Prime;][vc_column_text css=\u00a0\u00bb\u00a0\u00bb]Les machines \u00e0 souder et \/ ou d\u00e9couper \u00e0 haute fr\u00e9quence Bizeta sont \u00e9quip\u00e9es de composants Siemens et d\u2019un HMI avec une <strong>interface<\/strong> <strong>simple<\/strong> <strong>et<\/strong> <strong>intuitive<\/strong> pour l&rsquo;op\u00e9rateur.<\/p>\n<p>La technologie dont ils b\u00e9n\u00e9ficient offre la possibilit\u00e9 de cr\u00e9er de nombreuses recettes de cycles de travail en m\u00e9morisant leurs param\u00e8tres.<\/p>\n<p>Cela permet d&rsquo;optimiser les temps du processus de production en rappelant les param\u00e8tres, d\u00e9j\u00e0 enregistr\u00e9s, \u00e0 chaque fois qu&rsquo;un changement de moule est effectu\u00e9.[\/vc_column_text][\/vc_tta_section][vc_tta_section title=\u00a0\u00bbR\u00e8glement du pression\u00a0\u00bb tab_id=\u00a0\u00bb1737715370642-e82c2456-c1280b83-c45f0528-32a7&Prime;][vc_column_text css=\u00a0\u00bb\u00a0\u00bb]Les machines \u00e0 haute fr\u00e9quence Bizeta peuvent \u00eatre \u00e9quip\u00e9es de la fonction qui permet de r\u00e9gler la pression d\u2019\u00e9crasement du moule sur le mat\u00e9riau pendant les phases de travail.<\/p>\n<p>La pression est r\u00e9gul\u00e9e et affich\u00e9e par HMI.[\/vc_column_text][\/vc_tta_section][vc_tta_section title=\u00a0\u00bbAssistance apr\u00e8s-vente\u00a0\u00bb tab_id=\u00a0\u00bb1737715409672-bc621156-26b90b83-c45f0528-32a7&Prime;][vc_column_text css=\u00a0\u00bb\u00a0\u00bb]En Bizeta, nous r\u00e9alisons toutes les op\u00e9rations de maintenance, tant ordinaires qu&rsquo;extraordinaires, directement chez nos clients dans des d\u00e9lais rapides.<\/p>\n<p>Nous garantissons \u00e9galement toutes les r\u00e9parations m\u00e9caniques et \u00e9lectriques avec nos techniciens internes <strong>sp\u00e9cialis\u00e9s<\/strong> et continuellement mis \u00e0 jour.[\/vc_column_text][\/vc_tta_section][\/vc_tta_accordion][\/vc_column][\/vc_row][vc_row full_width=\u00a0\u00bbstretch_row\u00a0\u00bb css=\u00a0\u00bb.vc_custom_1740386520437{background-color: #dd3333 !important;}\u00a0\u00bb el_id=\u00a0\u00bbdemandes-info\u00a0\u00bb][vc_column width=\u00a0\u00bb1\/4&Prime;][\/vc_column][vc_column width=\u00a0\u00bb1\/2&Prime;][vc_column_text css=\u00a0\u00bb\u00a0\u00bb]<\/p>\n<h3 style=\"text-align: center;\"><span style=\"color: #fff;\">Compiler le formulaire pour plus d&rsquo;informations<\/span><\/h3>\n<p>[\/vc_column_text]\n<div class=\"wpcf7 no-js\" id=\"wpcf7-f5117-o1\" lang=\"it-IT\" dir=\"ltr\" data-wpcf7-id=\"5117\">\n<div class=\"screen-reader-response\"><p role=\"status\" aria-live=\"polite\" aria-atomic=\"true\"><\/p> <ul><\/ul><\/div>\n<form action=\"\/fr\/wp-json\/wp\/v2\/pages\/5178#wpcf7-f5117-o1\" method=\"post\" class=\"wpcf7-form init\" aria-label=\"Modulo di contatto\" novalidate=\"novalidate\" data-status=\"init\">\n<fieldset class=\"hidden-fields-container\"><input type=\"hidden\" name=\"_wpcf7\" value=\"5117\" \/><input type=\"hidden\" name=\"_wpcf7_version\" value=\"6.1.5\" \/><input type=\"hidden\" name=\"_wpcf7_locale\" value=\"it_IT\" \/><input type=\"hidden\" name=\"_wpcf7_unit_tag\" value=\"wpcf7-f5117-o1\" \/><input type=\"hidden\" name=\"_wpcf7_container_post\" value=\"0\" \/><input type=\"hidden\" name=\"_wpcf7_posted_data_hash\" value=\"\" \/><input type=\"hidden\" name=\"_wpcf7_recaptcha_response\" value=\"\" \/>\n<\/fieldset>\n<div class=\"form-contatto-colonna-1\">\n\t<p><span class=\"wpcf7-form-control-wrap\" data-name=\"nome\"><input size=\"40\" maxlength=\"400\" class=\"wpcf7-form-control wpcf7-text wpcf7-validates-as-required\" id=\"nome\" aria-required=\"true\" aria-invalid=\"false\" placeholder=\"NOM*\" value=\"\" type=\"text\" name=\"nome\" \/><\/span>\n\t<\/p>\n\t<p><span class=\"wpcf7-form-control-wrap\" data-name=\"your-societa\"><input size=\"40\" maxlength=\"400\" class=\"wpcf7-form-control wpcf7-text wpcf7-validates-as-required\" id=\"your-societa\" aria-required=\"true\" aria-invalid=\"false\" placeholder=\"SOCI\u00c9T\u00c9*\" value=\"\" type=\"text\" name=\"your-societa\" \/><\/span>\n\t<\/p>\n\t<p><span class=\"wpcf7-form-control-wrap\" data-name=\"your-email\"><input size=\"40\" maxlength=\"400\" class=\"wpcf7-form-control wpcf7-email wpcf7-validates-as-required wpcf7-text wpcf7-validates-as-email\" id=\"your-email\" aria-required=\"true\" aria-invalid=\"false\" placeholder=\"EMAIL*\" value=\"\" type=\"email\" name=\"your-email\" \/><\/span>\n\t<\/p>\n<\/div>\n<div class=\"form-contatto-colonna-2\">\n\t<p><span class=\"wpcf7-form-control-wrap\" data-name=\"your-cognome\"><input size=\"40\" maxlength=\"400\" class=\"wpcf7-form-control wpcf7-text wpcf7-validates-as-required\" id=\"your-cognome\" aria-required=\"true\" aria-invalid=\"false\" placeholder=\"PR\u00c9NOM*\" value=\"\" type=\"text\" name=\"your-cognome\" \/><\/span>\n\t<\/p>\n\t<p><span class=\"wpcf7-form-control-wrap\" data-name=\"your-stato\"><input size=\"40\" maxlength=\"400\" class=\"wpcf7-form-control wpcf7-text wpcf7-validates-as-required\" id=\"your-stato\" aria-required=\"true\" aria-invalid=\"false\" placeholder=\"NATION*\" value=\"\" type=\"text\" name=\"your-stato\" \/><\/span>\n\t<\/p>\n\t<p><span class=\"wpcf7-form-control-wrap\" data-name=\"tel-407\"><input size=\"40\" maxlength=\"400\" class=\"wpcf7-form-control wpcf7-tel wpcf7-text wpcf7-validates-as-tel\" id=\"tel-407\" aria-invalid=\"false\" placeholder=\"T\u00c9L\u00c9PHONE\" value=\"\" type=\"tel\" name=\"tel-407\" \/><\/span>\n\t<\/p>\n<\/div>\n<div class=\"form-contatto-colonna-unica\" style=\"margin-bottom:20px;\">\n\t<p><span class=\"wpcf7-form-control-wrap\" data-name=\"textarea-840\"><textarea cols=\"40\" rows=\"10\" maxlength=\"2000\" class=\"wpcf7-form-control wpcf7-textarea\" aria-invalid=\"false\" placeholder=\"MESSAGE\" name=\"textarea-840\"><\/textarea><\/span>\n\t<\/p>\n<\/div>\n<p>(*) Afin d'envoyer votre demande, vous devez accepter l'utilisation de vos donn\u00e9es conform\u00e9ment \u00e0 la politique de confidentialit\u00e9 de ce site.\n<\/p>\n<p><span class=\"wpcf7-form-control-wrap\" data-name=\"acceptance-670\"><span class=\"wpcf7-form-control wpcf7-acceptance\"><span class=\"wpcf7-list-item\"><input type=\"checkbox\" name=\"acceptance-670\" value=\"1\" aria-invalid=\"false\" \/><\/span><\/span><\/span> J'ai lu et j'accepte les <a style=\"color:#020202;\" href=\"\/fr\/privacy-policy\/\" title=\"Politique de Confidentialit\u00e9\">Politique de Confidentialit\u00e9<\/a>.\n<\/p>\n<p style=\"text-align:center;\"><input class=\"wpcf7-form-control wpcf7-submit has-spinner\" type=\"submit\" value=\"ENVOYER\" \/>\n<\/p><input type='hidden' class='wpcf7-pum' value='{\"closepopup\":false,\"closedelay\":0,\"openpopup\":false,\"openpopup_id\":0}' \/><div class=\"wpcf7-response-output\" aria-hidden=\"true\"><\/div>\n<\/form>\n<\/div>\n[\/vc_column][vc_column width=\u00a0\u00bb1\/4&Prime;][\/vc_column][\/vc_row]<\/p>\n<\/div>","protected":false},"excerpt":{"rendered":"<p>[vc_row content_placement=\u00a0\u00bbmiddle\u00a0\u00bb css_animation=\u00a0\u00bbnone\u00a0\u00bb css=\u00a0\u00bb.vc_custom_1738917307552{padding-top: 30px !important;}\u00a0\u00bb][vc_column width=\u00a0\u00bb1\/2&Prime;][vc_single_image image=\u00a0\u00bb4620&Prime; img_size=\u00a0\u00bb1200&#215;900&Prime; css=\u00a0\u00bb\u00a0\u00bb][\/vc_column][vc_column width=\u00a0\u00bb1\/2&Prime;][vc_column_text css=\u00a0\u00bb\u00a0\u00bb] Presse \u00e0 chaud type BZ 300\/PTN : polyvalence et pr\u00e9cision pour chaque mat\u00e9riau\u00a0 La<span class=\"excerpt-hellip\"> [\u2026]<\/span><\/p>\n","protected":false},"author":2,"featured_media":0,"parent":0,"menu_order":0,"comment_status":"closed","ping_status":"closed","template":"","meta":{"_acf_changed":false,"footnotes":""},"class_list":["post-5178","page","type-page","status-publish","hentry"],"acf":[],"yoast_head":"<!-- This site is optimized with the Yoast SEO plugin v26.9 - https:\/\/yoast.com\/product\/yoast-seo-wordpress\/ -->\n<title>Presse \u00e0 chaud BZ 300\/PTN | Bizeta<\/title>\n<meta name=\"robots\" content=\"index, follow, max-snippet:-1, max-image-preview:large, max-video-preview:-1\" \/>\n<link rel=\"canonical\" href=\"https:\/\/bizeta-macchinehf.it\/fr\/presse-a-chaud-bz-300-ptn\/\" \/>\n<meta property=\"og:locale\" content=\"fr_FR\" \/>\n<meta property=\"og:type\" content=\"article\" \/>\n<meta property=\"og:title\" content=\"Presse \u00e0 chaud BZ 300\/PTN | Bizeta\" \/>\n<meta property=\"og:description\" content=\"[vc_row content_placement=\u00a0\u00bbmiddle\u00a0\u00bb css_animation=\u00a0\u00bbnone\u00a0\u00bb css=\u00a0\u00bb.vc_custom_1738917307552{padding-top: 30px !important;}\u00a0\u00bb][vc_column width=\u00a0\u00bb1\/2&Prime;][vc_single_image image=\u00a0\u00bb4620&Prime; img_size=\u00a0\u00bb1200&#215;900&Prime; css=\u00a0\u00bb\u00a0\u00bb][\/vc_column][vc_column width=\u00a0\u00bb1\/2&Prime;][vc_column_text css=\u00a0\u00bb\u00a0\u00bb] Presse \u00e0 chaud type BZ 300\/PTN : polyvalence et pr\u00e9cision pour chaque mat\u00e9riau\u00a0 La [\u2026]\" \/>\n<meta property=\"og:url\" content=\"https:\/\/bizeta-macchinehf.it\/fr\/presse-a-chaud-bz-300-ptn\/\" \/>\n<meta property=\"og:site_name\" content=\"Bizeta\" \/>\n<meta property=\"article:modified_time\" content=\"2025-03-10T09:05:59+00:00\" \/>\n<meta name=\"twitter:card\" content=\"summary_large_image\" \/>\n<meta name=\"twitter:label1\" content=\"Dur\u00e9e de lecture estim\u00e9e\" \/>\n\t<meta name=\"twitter:data1\" content=\"4 minutes\" \/>\n<script type=\"application\/ld+json\" class=\"yoast-schema-graph\">{\"@context\":\"https:\/\/schema.org\",\"@graph\":[{\"@type\":\"WebPage\",\"@id\":\"https:\/\/bizeta-macchinehf.it\/fr\/presse-a-chaud-bz-300-ptn\/\",\"url\":\"https:\/\/bizeta-macchinehf.it\/fr\/presse-a-chaud-bz-300-ptn\/\",\"name\":\"Presse \u00e0 chaud BZ 300\/PTN | Bizeta\",\"isPartOf\":{\"@id\":\"https:\/\/bizeta-macchinehf.it\/#website\"},\"datePublished\":\"2025-02-24T08:38:07+00:00\",\"dateModified\":\"2025-03-10T09:05:59+00:00\",\"breadcrumb\":{\"@id\":\"https:\/\/bizeta-macchinehf.it\/fr\/presse-a-chaud-bz-300-ptn\/#breadcrumb\"},\"inLanguage\":\"fr-FR\",\"potentialAction\":[{\"@type\":\"ReadAction\",\"target\":[\"https:\/\/bizeta-macchinehf.it\/fr\/presse-a-chaud-bz-300-ptn\/\"]}]},{\"@type\":\"BreadcrumbList\",\"@id\":\"https:\/\/bizeta-macchinehf.it\/fr\/presse-a-chaud-bz-300-ptn\/#breadcrumb\",\"itemListElement\":[{\"@type\":\"ListItem\",\"position\":1,\"name\":\"Home\",\"item\":\"https:\/\/bizeta-macchinehf.it\/fr\/\"},{\"@type\":\"ListItem\",\"position\":2,\"name\":\"Presse \u00e0 chaud BZ 300\/PTN\"}]},{\"@type\":\"WebSite\",\"@id\":\"https:\/\/bizeta-macchinehf.it\/#website\",\"url\":\"https:\/\/bizeta-macchinehf.it\/\",\"name\":\"Bizeta\",\"description\":\"Welding Machines High Frequency\",\"potentialAction\":[{\"@type\":\"SearchAction\",\"target\":{\"@type\":\"EntryPoint\",\"urlTemplate\":\"https:\/\/bizeta-macchinehf.it\/?s={search_term_string}\"},\"query-input\":{\"@type\":\"PropertyValueSpecification\",\"valueRequired\":true,\"valueName\":\"search_term_string\"}}],\"inLanguage\":\"fr-FR\"}]}<\/script>\n<!-- \/ Yoast SEO plugin. -->","yoast_head_json":{"title":"Presse \u00e0 chaud BZ 300\/PTN | Bizeta","robots":{"index":"index","follow":"follow","max-snippet":"max-snippet:-1","max-image-preview":"max-image-preview:large","max-video-preview":"max-video-preview:-1"},"canonical":"https:\/\/bizeta-macchinehf.it\/fr\/presse-a-chaud-bz-300-ptn\/","og_locale":"fr_FR","og_type":"article","og_title":"Presse \u00e0 chaud BZ 300\/PTN | Bizeta","og_description":"[vc_row content_placement=\u00a0\u00bbmiddle\u00a0\u00bb css_animation=\u00a0\u00bbnone\u00a0\u00bb css=\u00a0\u00bb.vc_custom_1738917307552{padding-top: 30px !important;}\u00a0\u00bb][vc_column width=\u00a0\u00bb1\/2&Prime;][vc_single_image image=\u00a0\u00bb4620&Prime; img_size=\u00a0\u00bb1200&#215;900&Prime; css=\u00a0\u00bb\u00a0\u00bb][\/vc_column][vc_column width=\u00a0\u00bb1\/2&Prime;][vc_column_text css=\u00a0\u00bb\u00a0\u00bb] Presse \u00e0 chaud type BZ 300\/PTN : polyvalence et pr\u00e9cision pour chaque mat\u00e9riau\u00a0 La [\u2026]","og_url":"https:\/\/bizeta-macchinehf.it\/fr\/presse-a-chaud-bz-300-ptn\/","og_site_name":"Bizeta","article_modified_time":"2025-03-10T09:05:59+00:00","twitter_card":"summary_large_image","twitter_misc":{"Dur\u00e9e de lecture estim\u00e9e":"4 minutes"},"schema":{"@context":"https:\/\/schema.org","@graph":[{"@type":"WebPage","@id":"https:\/\/bizeta-macchinehf.it\/fr\/presse-a-chaud-bz-300-ptn\/","url":"https:\/\/bizeta-macchinehf.it\/fr\/presse-a-chaud-bz-300-ptn\/","name":"Presse \u00e0 chaud BZ 300\/PTN | Bizeta","isPartOf":{"@id":"https:\/\/bizeta-macchinehf.it\/#website"},"datePublished":"2025-02-24T08:38:07+00:00","dateModified":"2025-03-10T09:05:59+00:00","breadcrumb":{"@id":"https:\/\/bizeta-macchinehf.it\/fr\/presse-a-chaud-bz-300-ptn\/#breadcrumb"},"inLanguage":"fr-FR","potentialAction":[{"@type":"ReadAction","target":["https:\/\/bizeta-macchinehf.it\/fr\/presse-a-chaud-bz-300-ptn\/"]}]},{"@type":"BreadcrumbList","@id":"https:\/\/bizeta-macchinehf.it\/fr\/presse-a-chaud-bz-300-ptn\/#breadcrumb","itemListElement":[{"@type":"ListItem","position":1,"name":"Home","item":"https:\/\/bizeta-macchinehf.it\/fr\/"},{"@type":"ListItem","position":2,"name":"Presse \u00e0 chaud BZ 300\/PTN"}]},{"@type":"WebSite","@id":"https:\/\/bizeta-macchinehf.it\/#website","url":"https:\/\/bizeta-macchinehf.it\/","name":"Bizeta","description":"Welding Machines High Frequency","potentialAction":[{"@type":"SearchAction","target":{"@type":"EntryPoint","urlTemplate":"https:\/\/bizeta-macchinehf.it\/?s={search_term_string}"},"query-input":{"@type":"PropertyValueSpecification","valueRequired":true,"valueName":"search_term_string"}}],"inLanguage":"fr-FR"}]}},"_links":{"self":[{"href":"https:\/\/bizeta-macchinehf.it\/fr\/wp-json\/wp\/v2\/pages\/5178","targetHints":{"allow":["GET"]}}],"collection":[{"href":"https:\/\/bizeta-macchinehf.it\/fr\/wp-json\/wp\/v2\/pages"}],"about":[{"href":"https:\/\/bizeta-macchinehf.it\/fr\/wp-json\/wp\/v2\/types\/page"}],"author":[{"embeddable":true,"href":"https:\/\/bizeta-macchinehf.it\/fr\/wp-json\/wp\/v2\/users\/2"}],"replies":[{"embeddable":true,"href":"https:\/\/bizeta-macchinehf.it\/fr\/wp-json\/wp\/v2\/comments?post=5178"}],"version-history":[{"count":13,"href":"https:\/\/bizeta-macchinehf.it\/fr\/wp-json\/wp\/v2\/pages\/5178\/revisions"}],"predecessor-version":[{"id":5487,"href":"https:\/\/bizeta-macchinehf.it\/fr\/wp-json\/wp\/v2\/pages\/5178\/revisions\/5487"}],"wp:attachment":[{"href":"https:\/\/bizeta-macchinehf.it\/fr\/wp-json\/wp\/v2\/media?parent=5178"}],"curies":[{"name":"wp","href":"https:\/\/api.w.org\/{rel}","templated":true}]}}