{"id":5201,"date":"2025-02-24T09:58:00","date_gmt":"2025-02-24T08:58:00","guid":{"rendered":"https:\/\/bizeta-macchinehf.it\/?page_id=5201"},"modified":"2025-03-07T10:38:33","modified_gmt":"2025-03-07T09:38:33","slug":"machine-hf-a-souder-et-decouper","status":"publish","type":"page","link":"https:\/\/bizeta-macchinehf.it\/fr\/machine-hf-a-souder-et-decouper\/","title":{"rendered":"Machine \u00e0 haute fr\u00e9quence a souder et d\u00e9couper"},"content":{"rendered":"<div class=\"wpb-content-wrapper\"><p>[vc_row gap=\u00a0\u00bb25&Prime; content_placement=\u00a0\u00bbtop\u00a0\u00bb css_animation=\u00a0\u00bbnone\u00a0\u00bb css=\u00a0\u00bb.vc_custom_1738574146150{padding-top: 30px !important;}\u00a0\u00bb el_id=\u00a0\u00bbrotative\u00a0\u00bb][vc_column width=\u00a0\u00bb1\/3&Prime;][vc_single_image image=\u00a0\u00bb4337&Prime; img_size=\u00a0\u00bbmedium\u00a0\u00bb alignment=\u00a0\u00bbcenter\u00a0\u00bb onclick=\u00a0\u00bbcustom_link\u00a0\u00bb css_animation=\u00a0\u00bbnone\u00a0\u00bb css=\u00a0\u00bb.vc_custom_1740478125424{margin-bottom: 0px !important;}\u00a0\u00bb link=\u00a0\u00bb\/fr\/machine-hf-a-souder-et-decouper\/haute-frequence-rotative-bz-2550\/\u00a0\u00bb][vc_column_text css=\u00a0\u00bb.vc_custom_1740478132472{padding-top: 8px !important;padding-bottom: 8px !important;background-color: #eb212e !important;}\u00a0\u00bb]<\/p>\n<h2 style=\"text-align: center;\"><a href=\"\/fr\/machine-hf-a-souder-et-decouper\/haute-frequence-rotative-bz-2550\/\"><span style=\"color: #ffffff;\">BZ 2550 Rotative<\/span><\/a><\/h2>\n<p>[\/vc_column_text][\/vc_column][vc_column width=\u00a0\u00bb1\/3&Prime;][vc_single_image image=\u00a0\u00bb694&Prime; img_size=\u00a0\u00bbmedium\u00a0\u00bb alignment=\u00a0\u00bbcenter\u00a0\u00bb onclick=\u00a0\u00bbcustom_link\u00a0\u00bb css=\u00a0\u00bb.vc_custom_1740478038991{margin-bottom: 0px !important;}\u00a0\u00bb link=\u00a0\u00bb\/fr\/machine-hf-a-souder-et-decouper\/haute-frequence-rotative-bz-2550t\/\u00a0\u00bb][vc_column_text css=\u00a0\u00bb.vc_custom_1740478034638{padding-top: 8px !important;padding-bottom: 8px !important;background-color: #eb212e !important;}\u00a0\u00bb]<\/p>\n<h2 style=\"text-align: center;\"><a href=\"\/fr\/machine-hf-a-souder-et-decouper\/haute-frequence-rotative-bz-2550t\/\"><span style=\"color: #ffffff;\">BZ 2550T Rotative<\/span><\/a><\/h2>\n<p>[\/vc_column_text][\/vc_column][vc_column width=\u00a0\u00bb1\/3&Prime;][vc_single_image image=\u00a0\u00bb565&Prime; img_size=\u00a0\u00bbmedium\u00a0\u00bb alignment=\u00a0\u00bbcenter\u00a0\u00bb onclick=\u00a0\u00bbcustom_link\u00a0\u00bb css=\u00a0\u00bb.vc_custom_1740478104908{margin-bottom: 0px !important;}\u00a0\u00bb link=\u00a0\u00bb\/fr\/machine-hf-a-souder-et-decouper\/haute-frequence-bz-50t-25-2-plans-mobiles\/\u00a0\u00bb][vc_column_text css=\u00a0\u00bb.vc_custom_1740478613461{padding-top: 8px !important;padding-bottom: 8px !important;background-color: #eb212e !important;}\u00a0\u00bb]<\/p>\n<h2 style=\"text-align: center; font-size: 28px;\"><a href=\"\/fr\/machine-hf-a-souder-et-decouper\/haute-frequence-bz-50t-25-2-plans-mobiles\/\"><span style=\"color: #ffffff;\">BZ 50T\/25-2 Planes mobiles<\/span><\/a><\/h2>\n<p>[\/vc_column_text][\/vc_column][\/vc_row][vc_row][vc_column][vc_column_text css=\u00a0\u00bb\u00a0\u00bb]<\/p>\n<h2>Machines \u00e0 haute fr\u00e9quence \u00e0 souder et d\u00e9couper : pr\u00e9cision, s\u00e9curit\u00e9 et polyvalence pour le traitement du cuir et des mat\u00e9riaux synth\u00e9tiques<\/h2>\n<p>Les machines \u00e0 souder et d\u00e9couper \u00e0 haute fr\u00e9quence sont particuli\u00e8rement adapt\u00e9es au traitement de mat\u00e9riaux en feuilles tels que le PVC-PU, les mat\u00e9riaux synth\u00e9tiques et les cuirs coupl\u00e9s.<\/p>\n<p>Gr\u00e2ce \u00e0 leur haute pr\u00e9cision dans le positionnement de la surface de travail, il est possible de souder et\/ou de r\u00e9aliser des reliefs et des d\u00e9coupes m\u00eame sur des mat\u00e9riaux s\u00e9rigraphi\u00e9s pr\u00e9-imprim\u00e9s.<\/p>\n<p>Ils sont \u00e9quip\u00e9s d&rsquo;un circuit anti-d\u00e9charge tr\u00e8s sensible et de protections contre les champs \u00e9lectriques radiofr\u00e9quences.<\/p>\n<p>Nos machines sont disponibles avec tables mobiles ou table rotative multipostes, jusqu&rsquo;aux plans fixes pour les grandes solutions, elles sont \u00e9quip\u00e9es d\u2019un porte-moule pr\u00e9vu pour le raccordement au circuit frigorifique, et de diverses options comme le pr\u00e9chauffeur, et bien d&rsquo;autres.[\/vc_column_text][\/vc_column][\/vc_row][vc_row full_width=\u00a0\u00bbstretch_row\u00a0\u00bb css=\u00a0\u00bb.vc_custom_1737969019009{background-color: #dd3333 !important;}\u00a0\u00bb el_id=\u00a0\u00bbrichiedi-info\u00a0\u00bb][vc_column width=\u00a0\u00bb1\/4&Prime;][\/vc_column][vc_column width=\u00a0\u00bb1\/2&Prime;][vc_column_text css=\u00a0\u00bb\u00a0\u00bb]<\/p>\n<h3 style=\"text-align: center;\"><span style=\"color: #fff;\">Remplissez le formulaire pour plus d&rsquo;informations<\/span><\/h3>\n<p>[\/vc_column_text]\n<div class=\"wpcf7 no-js\" id=\"wpcf7-f5117-o1\" lang=\"it-IT\" dir=\"ltr\" data-wpcf7-id=\"5117\">\n<div class=\"screen-reader-response\"><p role=\"status\" aria-live=\"polite\" aria-atomic=\"true\"><\/p> <ul><\/ul><\/div>\n<form action=\"\/fr\/wp-json\/wp\/v2\/pages\/5201#wpcf7-f5117-o1\" method=\"post\" class=\"wpcf7-form init\" aria-label=\"Modulo di contatto\" novalidate=\"novalidate\" data-status=\"init\">\n<fieldset class=\"hidden-fields-container\"><input type=\"hidden\" name=\"_wpcf7\" value=\"5117\" \/><input type=\"hidden\" name=\"_wpcf7_version\" value=\"6.1.5\" \/><input type=\"hidden\" name=\"_wpcf7_locale\" value=\"it_IT\" \/><input type=\"hidden\" name=\"_wpcf7_unit_tag\" value=\"wpcf7-f5117-o1\" \/><input type=\"hidden\" name=\"_wpcf7_container_post\" value=\"0\" \/><input type=\"hidden\" name=\"_wpcf7_posted_data_hash\" value=\"\" \/><input type=\"hidden\" name=\"_wpcf7_recaptcha_response\" value=\"\" \/>\n<\/fieldset>\n<div class=\"form-contatto-colonna-1\">\n\t<p><span class=\"wpcf7-form-control-wrap\" data-name=\"nome\"><input size=\"40\" maxlength=\"400\" class=\"wpcf7-form-control wpcf7-text wpcf7-validates-as-required\" id=\"nome\" aria-required=\"true\" aria-invalid=\"false\" placeholder=\"NOM*\" value=\"\" type=\"text\" name=\"nome\" \/><\/span>\n\t<\/p>\n\t<p><span class=\"wpcf7-form-control-wrap\" data-name=\"your-societa\"><input size=\"40\" maxlength=\"400\" class=\"wpcf7-form-control wpcf7-text wpcf7-validates-as-required\" id=\"your-societa\" aria-required=\"true\" aria-invalid=\"false\" placeholder=\"SOCI\u00c9T\u00c9*\" value=\"\" type=\"text\" name=\"your-societa\" \/><\/span>\n\t<\/p>\n\t<p><span class=\"wpcf7-form-control-wrap\" data-name=\"your-email\"><input size=\"40\" maxlength=\"400\" class=\"wpcf7-form-control wpcf7-email wpcf7-validates-as-required wpcf7-text wpcf7-validates-as-email\" id=\"your-email\" aria-required=\"true\" aria-invalid=\"false\" placeholder=\"EMAIL*\" value=\"\" type=\"email\" name=\"your-email\" \/><\/span>\n\t<\/p>\n<\/div>\n<div class=\"form-contatto-colonna-2\">\n\t<p><span class=\"wpcf7-form-control-wrap\" data-name=\"your-cognome\"><input size=\"40\" maxlength=\"400\" class=\"wpcf7-form-control wpcf7-text wpcf7-validates-as-required\" id=\"your-cognome\" aria-required=\"true\" aria-invalid=\"false\" placeholder=\"PR\u00c9NOM*\" value=\"\" type=\"text\" name=\"your-cognome\" \/><\/span>\n\t<\/p>\n\t<p><span class=\"wpcf7-form-control-wrap\" data-name=\"your-stato\"><input size=\"40\" maxlength=\"400\" class=\"wpcf7-form-control wpcf7-text wpcf7-validates-as-required\" id=\"your-stato\" aria-required=\"true\" aria-invalid=\"false\" placeholder=\"NATION*\" value=\"\" type=\"text\" name=\"your-stato\" \/><\/span>\n\t<\/p>\n\t<p><span class=\"wpcf7-form-control-wrap\" data-name=\"tel-407\"><input size=\"40\" maxlength=\"400\" class=\"wpcf7-form-control wpcf7-tel wpcf7-text wpcf7-validates-as-tel\" id=\"tel-407\" aria-invalid=\"false\" placeholder=\"T\u00c9L\u00c9PHONE\" value=\"\" type=\"tel\" name=\"tel-407\" \/><\/span>\n\t<\/p>\n<\/div>\n<div class=\"form-contatto-colonna-unica\" style=\"margin-bottom:20px;\">\n\t<p><span class=\"wpcf7-form-control-wrap\" data-name=\"textarea-840\"><textarea cols=\"40\" rows=\"10\" maxlength=\"2000\" class=\"wpcf7-form-control wpcf7-textarea\" aria-invalid=\"false\" placeholder=\"MESSAGE\" name=\"textarea-840\"><\/textarea><\/span>\n\t<\/p>\n<\/div>\n<p>(*) Afin d'envoyer votre demande, vous devez accepter l'utilisation de vos donn\u00e9es conform\u00e9ment \u00e0 la politique de confidentialit\u00e9 de ce site.\n<\/p>\n<p><span class=\"wpcf7-form-control-wrap\" data-name=\"acceptance-670\"><span class=\"wpcf7-form-control wpcf7-acceptance\"><span class=\"wpcf7-list-item\"><input type=\"checkbox\" name=\"acceptance-670\" value=\"1\" aria-invalid=\"false\" \/><\/span><\/span><\/span> J'ai lu et j'accepte les <a style=\"color:#020202;\" href=\"\/fr\/privacy-policy\/\" title=\"Politique de Confidentialit\u00e9\">Politique de Confidentialit\u00e9<\/a>.\n<\/p>\n<p style=\"text-align:center;\"><input class=\"wpcf7-form-control wpcf7-submit has-spinner\" type=\"submit\" value=\"ENVOYER\" \/>\n<\/p><input type='hidden' class='wpcf7-pum' value='{\"closepopup\":false,\"closedelay\":0,\"openpopup\":false,\"openpopup_id\":0}' \/><div class=\"wpcf7-response-output\" aria-hidden=\"true\"><\/div>\n<\/form>\n<\/div>\n[\/vc_column][vc_column width=\u00a0\u00bb1\/4&Prime;][\/vc_column][\/vc_row]<\/p>\n<\/div>","protected":false},"excerpt":{"rendered":"<p>[vc_row gap=\u00a0\u00bb25&Prime; content_placement=\u00a0\u00bbtop\u00a0\u00bb css_animation=\u00a0\u00bbnone\u00a0\u00bb css=\u00a0\u00bb.vc_custom_1738574146150{padding-top: 30px !important;}\u00a0\u00bb el_id=\u00a0\u00bbrotative\u00a0\u00bb][vc_column width=\u00a0\u00bb1\/3&Prime;][vc_single_image image=\u00a0\u00bb4337&Prime; img_size=\u00a0\u00bbmedium\u00a0\u00bb alignment=\u00a0\u00bbcenter\u00a0\u00bb onclick=\u00a0\u00bbcustom_link\u00a0\u00bb css_animation=\u00a0\u00bbnone\u00a0\u00bb css=\u00a0\u00bb.vc_custom_1740478125424{margin-bottom: 0px !important;}\u00a0\u00bb link=\u00a0\u00bb\/fr\/machine-hf-a-souder-et-decouper\/haute-frequence-rotative-bz-2550\/\u00a0\u00bb][vc_column_text css=\u00a0\u00bb.vc_custom_1740478132472{padding-top: 8px !important;padding-bottom: 8px !important;background-color: #eb212e !important;}\u00a0\u00bb] BZ<span class=\"excerpt-hellip\"> [\u2026]<\/span><\/p>\n","protected":false},"author":2,"featured_media":0,"parent":0,"menu_order":0,"comment_status":"closed","ping_status":"closed","template":"","meta":{"_acf_changed":false,"footnotes":""},"class_list":["post-5201","page","type-page","status-publish","hentry"],"acf":[],"yoast_head":"<!-- This site is optimized with the Yoast SEO plugin v26.9 - https:\/\/yoast.com\/product\/yoast-seo-wordpress\/ -->\n<title>Machine \u00e0 haute fr\u00e9quence a souder et d\u00e9couper | Bizeta<\/title>\n<meta name=\"robots\" content=\"index, follow, max-snippet:-1, max-image-preview:large, max-video-preview:-1\" \/>\n<link rel=\"canonical\" href=\"https:\/\/bizeta-macchinehf.it\/fr\/machine-hf-a-souder-et-decouper\/\" \/>\n<meta property=\"og:locale\" content=\"fr_FR\" \/>\n<meta property=\"og:type\" content=\"article\" \/>\n<meta property=\"og:title\" content=\"Machine \u00e0 haute fr\u00e9quence a souder et d\u00e9couper | Bizeta\" \/>\n<meta property=\"og:description\" content=\"[vc_row gap=\u00a0\u00bb25&Prime; content_placement=\u00a0\u00bbtop\u00a0\u00bb css_animation=\u00a0\u00bbnone\u00a0\u00bb css=\u00a0\u00bb.vc_custom_1738574146150{padding-top: 30px !important;}\u00a0\u00bb el_id=\u00a0\u00bbrotative\u00a0\u00bb][vc_column width=\u00a0\u00bb1\/3&Prime;][vc_single_image image=\u00a0\u00bb4337&Prime; img_size=\u00a0\u00bbmedium\u00a0\u00bb alignment=\u00a0\u00bbcenter\u00a0\u00bb onclick=\u00a0\u00bbcustom_link\u00a0\u00bb css_animation=\u00a0\u00bbnone\u00a0\u00bb css=\u00a0\u00bb.vc_custom_1740478125424{margin-bottom: 0px !important;}\u00a0\u00bb link=\u00a0\u00bb\/fr\/machine-hf-a-souder-et-decouper\/haute-frequence-rotative-bz-2550\/\u00a0\u00bb][vc_column_text css=\u00a0\u00bb.vc_custom_1740478132472{padding-top: 8px !important;padding-bottom: 8px !important;background-color: #eb212e !important;}\u00a0\u00bb] BZ [\u2026]\" \/>\n<meta property=\"og:url\" content=\"https:\/\/bizeta-macchinehf.it\/fr\/machine-hf-a-souder-et-decouper\/\" \/>\n<meta property=\"og:site_name\" content=\"Bizeta\" \/>\n<meta property=\"article:modified_time\" content=\"2025-03-07T09:38:33+00:00\" \/>\n<meta name=\"twitter:card\" content=\"summary_large_image\" \/>\n<meta name=\"twitter:label1\" content=\"Dur\u00e9e de lecture estim\u00e9e\" \/>\n\t<meta name=\"twitter:data1\" content=\"2 minutes\" \/>\n<script type=\"application\/ld+json\" class=\"yoast-schema-graph\">{\"@context\":\"https:\/\/schema.org\",\"@graph\":[{\"@type\":\"WebPage\",\"@id\":\"https:\/\/bizeta-macchinehf.it\/fr\/machine-hf-a-souder-et-decouper\/\",\"url\":\"https:\/\/bizeta-macchinehf.it\/fr\/machine-hf-a-souder-et-decouper\/\",\"name\":\"Machine \u00e0 haute fr\u00e9quence a souder et d\u00e9couper | Bizeta\",\"isPartOf\":{\"@id\":\"https:\/\/bizeta-macchinehf.it\/#website\"},\"datePublished\":\"2025-02-24T08:58:00+00:00\",\"dateModified\":\"2025-03-07T09:38:33+00:00\",\"breadcrumb\":{\"@id\":\"https:\/\/bizeta-macchinehf.it\/fr\/machine-hf-a-souder-et-decouper\/#breadcrumb\"},\"inLanguage\":\"fr-FR\",\"potentialAction\":[{\"@type\":\"ReadAction\",\"target\":[\"https:\/\/bizeta-macchinehf.it\/fr\/machine-hf-a-souder-et-decouper\/\"]}]},{\"@type\":\"BreadcrumbList\",\"@id\":\"https:\/\/bizeta-macchinehf.it\/fr\/machine-hf-a-souder-et-decouper\/#breadcrumb\",\"itemListElement\":[{\"@type\":\"ListItem\",\"position\":1,\"name\":\"Home\",\"item\":\"https:\/\/bizeta-macchinehf.it\/fr\/\"},{\"@type\":\"ListItem\",\"position\":2,\"name\":\"Machine \u00e0 haute fr\u00e9quence a souder et d\u00e9couper\"}]},{\"@type\":\"WebSite\",\"@id\":\"https:\/\/bizeta-macchinehf.it\/#website\",\"url\":\"https:\/\/bizeta-macchinehf.it\/\",\"name\":\"Bizeta\",\"description\":\"Welding Machines High Frequency\",\"potentialAction\":[{\"@type\":\"SearchAction\",\"target\":{\"@type\":\"EntryPoint\",\"urlTemplate\":\"https:\/\/bizeta-macchinehf.it\/?s={search_term_string}\"},\"query-input\":{\"@type\":\"PropertyValueSpecification\",\"valueRequired\":true,\"valueName\":\"search_term_string\"}}],\"inLanguage\":\"fr-FR\"}]}<\/script>\n<!-- \/ Yoast SEO plugin. -->","yoast_head_json":{"title":"Machine \u00e0 haute fr\u00e9quence a souder et d\u00e9couper | Bizeta","robots":{"index":"index","follow":"follow","max-snippet":"max-snippet:-1","max-image-preview":"max-image-preview:large","max-video-preview":"max-video-preview:-1"},"canonical":"https:\/\/bizeta-macchinehf.it\/fr\/machine-hf-a-souder-et-decouper\/","og_locale":"fr_FR","og_type":"article","og_title":"Machine \u00e0 haute fr\u00e9quence a souder et d\u00e9couper | Bizeta","og_description":"[vc_row gap=\u00a0\u00bb25&Prime; content_placement=\u00a0\u00bbtop\u00a0\u00bb css_animation=\u00a0\u00bbnone\u00a0\u00bb css=\u00a0\u00bb.vc_custom_1738574146150{padding-top: 30px !important;}\u00a0\u00bb el_id=\u00a0\u00bbrotative\u00a0\u00bb][vc_column width=\u00a0\u00bb1\/3&Prime;][vc_single_image image=\u00a0\u00bb4337&Prime; img_size=\u00a0\u00bbmedium\u00a0\u00bb alignment=\u00a0\u00bbcenter\u00a0\u00bb onclick=\u00a0\u00bbcustom_link\u00a0\u00bb css_animation=\u00a0\u00bbnone\u00a0\u00bb css=\u00a0\u00bb.vc_custom_1740478125424{margin-bottom: 0px !important;}\u00a0\u00bb link=\u00a0\u00bb\/fr\/machine-hf-a-souder-et-decouper\/haute-frequence-rotative-bz-2550\/\u00a0\u00bb][vc_column_text css=\u00a0\u00bb.vc_custom_1740478132472{padding-top: 8px !important;padding-bottom: 8px !important;background-color: #eb212e !important;}\u00a0\u00bb] BZ [\u2026]","og_url":"https:\/\/bizeta-macchinehf.it\/fr\/machine-hf-a-souder-et-decouper\/","og_site_name":"Bizeta","article_modified_time":"2025-03-07T09:38:33+00:00","twitter_card":"summary_large_image","twitter_misc":{"Dur\u00e9e de lecture estim\u00e9e":"2 minutes"},"schema":{"@context":"https:\/\/schema.org","@graph":[{"@type":"WebPage","@id":"https:\/\/bizeta-macchinehf.it\/fr\/machine-hf-a-souder-et-decouper\/","url":"https:\/\/bizeta-macchinehf.it\/fr\/machine-hf-a-souder-et-decouper\/","name":"Machine \u00e0 haute fr\u00e9quence a souder et d\u00e9couper | Bizeta","isPartOf":{"@id":"https:\/\/bizeta-macchinehf.it\/#website"},"datePublished":"2025-02-24T08:58:00+00:00","dateModified":"2025-03-07T09:38:33+00:00","breadcrumb":{"@id":"https:\/\/bizeta-macchinehf.it\/fr\/machine-hf-a-souder-et-decouper\/#breadcrumb"},"inLanguage":"fr-FR","potentialAction":[{"@type":"ReadAction","target":["https:\/\/bizeta-macchinehf.it\/fr\/machine-hf-a-souder-et-decouper\/"]}]},{"@type":"BreadcrumbList","@id":"https:\/\/bizeta-macchinehf.it\/fr\/machine-hf-a-souder-et-decouper\/#breadcrumb","itemListElement":[{"@type":"ListItem","position":1,"name":"Home","item":"https:\/\/bizeta-macchinehf.it\/fr\/"},{"@type":"ListItem","position":2,"name":"Machine \u00e0 haute fr\u00e9quence a souder et d\u00e9couper"}]},{"@type":"WebSite","@id":"https:\/\/bizeta-macchinehf.it\/#website","url":"https:\/\/bizeta-macchinehf.it\/","name":"Bizeta","description":"Welding Machines High Frequency","potentialAction":[{"@type":"SearchAction","target":{"@type":"EntryPoint","urlTemplate":"https:\/\/bizeta-macchinehf.it\/?s={search_term_string}"},"query-input":{"@type":"PropertyValueSpecification","valueRequired":true,"valueName":"search_term_string"}}],"inLanguage":"fr-FR"}]}},"_links":{"self":[{"href":"https:\/\/bizeta-macchinehf.it\/fr\/wp-json\/wp\/v2\/pages\/5201","targetHints":{"allow":["GET"]}}],"collection":[{"href":"https:\/\/bizeta-macchinehf.it\/fr\/wp-json\/wp\/v2\/pages"}],"about":[{"href":"https:\/\/bizeta-macchinehf.it\/fr\/wp-json\/wp\/v2\/types\/page"}],"author":[{"embeddable":true,"href":"https:\/\/bizeta-macchinehf.it\/fr\/wp-json\/wp\/v2\/users\/2"}],"replies":[{"embeddable":true,"href":"https:\/\/bizeta-macchinehf.it\/fr\/wp-json\/wp\/v2\/comments?post=5201"}],"version-history":[{"count":10,"href":"https:\/\/bizeta-macchinehf.it\/fr\/wp-json\/wp\/v2\/pages\/5201\/revisions"}],"predecessor-version":[{"id":5454,"href":"https:\/\/bizeta-macchinehf.it\/fr\/wp-json\/wp\/v2\/pages\/5201\/revisions\/5454"}],"wp:attachment":[{"href":"https:\/\/bizeta-macchinehf.it\/fr\/wp-json\/wp\/v2\/media?parent=5201"}],"curies":[{"name":"wp","href":"https:\/\/api.w.org\/{rel}","templated":true}]}}