{"id":5260,"date":"2025-02-25T10:48:26","date_gmt":"2025-02-25T09:48:26","guid":{"rendered":"https:\/\/bizeta-macchinehf.it\/?page_id=5260"},"modified":"2025-03-10T10:06:49","modified_gmt":"2025-03-10T09:06:49","slug":"haute-frequencer-bz-100-fixe","status":"publish","type":"page","link":"https:\/\/bizeta-macchinehf.it\/fr\/machine-hf-a-souder\/haute-frequencer-bz-100-fixe\/","title":{"rendered":"Machine \u00e0 haute fr\u00e9quence \u00e0 souder BZ 100 fixe"},"content":{"rendered":"<div class=\"wpb-content-wrapper\"><p>[vc_row content_placement=\u00a0\u00bbmiddle\u00a0\u00bb css_animation=\u00a0\u00bbnone\u00a0\u00bb css=\u00a0\u00bb.vc_custom_1738574354457{padding-top: 30px !important;}\u00a0\u00bb][vc_column width=\u00a0\u00bb1\/2&Prime;][vc_single_image image=\u00a0\u00bb697&Prime; img_size=\u00a0\u00bb1200&#215;900&Prime;][\/vc_column][vc_column width=\u00a0\u00bb1\/2&Prime;][vc_column_text css=\u00a0\u00bb\u00a0\u00bb]<\/p>\n<h2>Bizeta machine \u00e0 haute fr\u00e9quence fixe BZ 100: modulaire et extensible m\u00eame pour les grands formats<\/h2>\n<p>La machine \u00e0 souder \u00e0 haute fr\u00e9quence fixe BZ 100 se caract\u00e9rise par \u00eatre une machine modulaire et extensible. Les dimensions du plan de travail, en effet, peuvent \u00eatre mises en \u0153uvre au point de souder, par exemple, des matelas gonflables, des ceintures, des matelas anti-escarres.<\/p>\n<p>Elle est une machine \u00e0 haute fr\u00e9quence tr\u00e8s polyvalente \u00e9galement pour les types de traitement qu&rsquo;elle peut effectuer tels que le gaufrage et la soudure par d\u00e9chirure. La machine, qui permet la soudure \u00e0 haute fr\u00e9quence sur des mat\u00e9riaux de grands formats, garantit toujours une parfaite uniformit\u00e9 de traitement sur toute la surface.[\/vc_column_text][\/vc_column][\/vc_row][vc_row css_animation=\u00a0\u00bbnone\u00a0\u00bb][vc_column width=\u00a0\u00bb1\/4&Prime; css=\u00a0\u00bb.vc_custom_1737714520449{background-color: #eb212e !important;}\u00a0\u00bb]<div class=\"list_item lists_2 clearfix\"><div class=\"list_left list_icon\"><i class=\"fas fa-bolt\" aria-hidden=\"true\"><\/i><\/div><div class=\"list_right\"><h4 class=\"title \">Puissance aux electrodes 5 kw jusqu\u2019 \u00e0 12 kw<\/h4><div class=\"desc\"><\/div><\/div><\/div>\n[\/vc_column][vc_column width=\u00a0\u00bb1\/4&Prime; css=\u00a0\u00bb.vc_custom_1737714481184{background-color: #b31b25 !important;}\u00a0\u00bb]<div class=\"list_item lists_2 clearfix\"><div class=\"list_left list_icon\"><i class=\"fas fa-temperature-high\" aria-hidden=\"true\"><\/i><\/div><div class=\"list_right\"><h4 class=\"title \">Porte-moule chauff\u00e9 ou refroidi<\/h4><div class=\"desc\"><\/div><\/div><\/div>\n[\/vc_column][vc_column width=\u00a0\u00bb1\/4&Prime; css=\u00a0\u00bb.vc_custom_1737713399732{background-color: #eb212e !important;}\u00a0\u00bb]<div class=\"list_item lists_2 clearfix\"><div class=\"list_left list_icon\"><i class=\"fas fa-th-large\" aria-hidden=\"true\"><\/i><\/div><div class=\"list_right\"><h4 class=\"title \">Plan de travail 1200 x 500 mm<\/h4><div class=\"desc\"><\/div><\/div><\/div>\n[\/vc_column][vc_column width=\u00a0\u00bb1\/4&Prime; css=\u00a0\u00bb.vc_custom_1737713101457{background-color: #b31b25 !important;}\u00a0\u00bb]<div class=\"list_item lists_2 clearfix\"><div class=\"list_left list_icon\"><i class=\"fas fa-arrows-alt-v\" aria-hidden=\"true\"><\/i><\/div><div class=\"list_right\"><h4 class=\"title \">Espace entre plan de travail et porte-moule 250 mm<\/h4><div class=\"desc\"><\/div><\/div><\/div>\n[\/vc_column][\/vc_row][vc_row content_placement=\u00a0\u00bbmiddle\u00a0\u00bb css_animation=\u00a0\u00bbnone\u00a0\u00bb css=\u00a0\u00bb.vc_custom_1738574366780{margin-top: 30px !important;}\u00a0\u00bb][vc_column width=\u00a0\u00bb1\/2&Prime;][vc_column_text css=\u00a0\u00bb\u00a0\u00bb]<\/p>\n<h2>\u00c0 qui s&rsquo;adresse la machine \u00e0 haute fr\u00e9quence BZ 100 ?<\/h2>\n<p>La <strong>BZ 100<\/strong> est une machine \u00e0 haute fr\u00e9quence \u00e0 souder qui est parfait pour les entreprises actives en:<\/p>\n<ul>\n<li>Maroquinerie;<\/li>\n<li>Fabrication du <strong>papier<\/strong>;<\/li>\n<li>Secteur <strong>nautique<\/strong>;<\/li>\n<li>Automobile;<\/li>\n<li>Impression sur mat\u00e9riauxen PVC.<\/li>\n<\/ul>\n<p>La machine peut fonctionner sur des feuilles de mat\u00e9riaux tels que le <strong>PVC\/PU, le TPU, le polyester et le cuir<\/strong> qui ont d\u00e9j\u00e0 \u00e9t\u00e9 s\u00e9rigraphi\u00e9es ou imprim\u00e9es num\u00e9riquement.[\/vc_column_text][vc_btn title=\u00a0\u00bbFiche technique du produit\u00a0\u00bb style=\u00a0\u00bbcustom\u00a0\u00bb custom_background=\u00a0\u00bb#eb212e\u00a0\u00bb custom_text=\u00a0\u00bb#ffffff\u00a0\u00bb shape=\u00a0\u00bbsquare\u00a0\u00bb size=\u00a0\u00bblg\u00a0\u00bb align=\u00a0\u00bbcenter\u00a0\u00bb i_type=\u00a0\u00bbpixelicons\u00a0\u00bb i_icon_pixelicons=\u00a0\u00bbvc_pixel_icon vc_pixel_icon-document_pdf\u00a0\u00bb css=\u00a0\u00bb\u00a0\u00bb add_icon=\u00a0\u00bbtrue\u00a0\u00bb link=\u00a0\u00bburl:%2Fwp-content%2Fuploads%2F2025%2F02%2FScheda-tecnica-bz100.pdf\u00a0\u00bb][\/vc_column][vc_column width=\u00a0\u00bb1\/2&Prime;][vc_single_image image=\u00a0\u00bb765&Prime; img_size=\u00a0\u00bbfull\u00a0\u00bb alignment=\u00a0\u00bbcenter\u00a0\u00bb css=\u00a0\u00bb\u00a0\u00bb][\/vc_column][\/vc_row][vc_row full_width=\u00a0\u00bbstretch_row\u00a0\u00bb css_animation=\u00a0\u00bbnone\u00a0\u00bb css=\u00a0\u00bb.vc_custom_1738574410429{background-color: #eb212e !important;}\u00a0\u00bb][vc_column][vc_column_text css=\u00a0\u00bb\u00a0\u00bb]<\/p>\n<h3 style=\"text-align: center; color: #fff;\">Souhaitez-vous plus d&rsquo;informations sur notre machine \u00e0 haute fr\u00e9quence?<\/h3>\n<p>[\/vc_column_text][vc_btn title=\u00a0\u00bbDemand\u00e9s info\u00a0\u00bb style=\u00a0\u00bbcustom\u00a0\u00bb custom_background=\u00a0\u00bb#ffffff\u00a0\u00bb custom_text=\u00a0\u00bb#020202&Prime; shape=\u00a0\u00bbsquare\u00a0\u00bb size=\u00a0\u00bblg\u00a0\u00bb align=\u00a0\u00bbcenter\u00a0\u00bb css=\u00a0\u00bb\u00a0\u00bb link=\u00a0\u00bburl:%2Ffr%2Fmachine-hf-a-souder%2Fhaute-frequencer-bz-100-fixe%2F%23demandes-info\u00a0\u00bb el_class=\u00a0\u00bbscroll\u00a0\u00bb][\/vc_column][\/vc_row][vc_row content_placement=\u00a0\u00bbmiddle\u00a0\u00bb css_animation=\u00a0\u00bbnone\u00a0\u00bb][vc_column][vc_tta_accordion shape=\u00a0\u00bbsquare\u00a0\u00bb color=\u00a0\u00bbwhite\u00a0\u00bb gap=\u00a0\u00bb20&Prime; active_section=\u00a0\u00bb1&Prime; title=\u00a0\u00bbFabrication et finition de haute qualit\u00e9 et sur mesure de cuirs, de mati\u00e8res synth\u00e9tiques et de tissus pour la haute couture gr\u00e2ce \u00e0 la haute fr\u00e9quence Bizeta\u00a0\u00bb][vc_tta_section title=\u00a0\u00bbIndustrie 4.0&Prime; tab_id=\u00a0\u00bb1737712327423-cbae458a-44f9e6f6-6516&Prime;][vc_column_text css=\u00a0\u00bb\u00a0\u00bb]Toutes les machines \u00e0 haute fr\u00e9quence \u00e0 souder et \/ ou d\u00e9couper Bizeta r\u00e9pondent aux exigences de l&rsquo;Industrie 4.0, gr\u00e2ce \u00e0 l&rsquo;interconnexion avec les syst\u00e8mes informatiques de l&rsquo;entreprise, l&rsquo;\u00e9change de donn\u00e9es entre le logiciel de gestion de l&rsquo;entreprise et la machine, la possibilit\u00e9 de planification, de gestion et de surveillance continue du processus de travail et l&rsquo;assistance avec diagnostic et maintenance \u00e0 distance.[\/vc_column_text][\/vc_tta_section][vc_tta_section title=\u00a0\u00bbComposants et HMI\u00a0\u00bb tab_id=\u00a0\u00bb1737712327439-e12d4eab-fbb0e6f6-6516&Prime;][vc_column_text css=\u00a0\u00bb\u00a0\u00bb]Les machines \u00e0 souder et \/ ou d\u00e9couper \u00e0 haute fr\u00e9quence Bizeta sont \u00e9quip\u00e9es de composants Siemens et d\u2019un HMI avec une <strong>interface<\/strong> <strong>simple<\/strong> <strong>et<\/strong> <strong>intuitive<\/strong> pour l&rsquo;op\u00e9rateur.<\/p>\n<p>La technologie dont ils b\u00e9n\u00e9ficient offre la possibilit\u00e9 de cr\u00e9er de nombreuses recettes de cycles de travail en m\u00e9morisant leurs param\u00e8tres.<\/p>\n<p>Cela permet d&rsquo;optimiser les temps du processus de production en rappelant les param\u00e8tres, d\u00e9j\u00e0 enregistr\u00e9s, \u00e0 chaque fois qu&rsquo;un changement de moule est effectu\u00e9[\/vc_column_text][\/vc_tta_section][vc_tta_section title=\u00a0\u00bbHf g\u00e9n\u00e9rateur\u00a0\u00bb tab_id=\u00a0\u00bb1737715333188-9a9029ec-2326e6f6-6516&Prime;][vc_column_text css=\u00a0\u00bb\u00a0\u00bb]Bizeta a sp\u00e9cifiquement \u00e9tudi\u00e9 et con\u00e7u tous les g\u00e9n\u00e9rateurs haute fr\u00e9quence install\u00e9s dans les machines pour garantir une <strong>efficacit\u00e9<\/strong> <strong>maximale<\/strong> de distribution et de sortie uniforme du courant, dans le but d&rsquo;obtenir des processus de soudage homog\u00e8nes et pr\u00e9cis sur toute la zone de travail.[\/vc_column_text][\/vc_tta_section][vc_tta_section title=\u00a0\u00bbCoupleur automatique\u00a0\u00bb tab_id=\u00a0\u00bb1737715346882-390f5605-b900e6f6-6516&Prime;][vc_column_text css=\u00a0\u00bb\u00a0\u00bb]Toutes les machines \u00e0 haute fr\u00e9quence Bizeta peuvent \u00eatre \u00e9quip\u00e9s d&rsquo;un coupleur automatique qui effectue la fonction de r\u00e9gulation du courant de soudure.<\/p>\n<p>Le courant est r\u00e9gl\u00e9 et affich\u00e9 via HMI et maintenu constant pendant tout le temps de soudure, garantissant des d\u00e9tails avec une excellente finition.[\/vc_column_text][\/vc_tta_section][vc_tta_section title=\u00a0\u00bbSuppresseur\u00a0\u00bb tab_id=\u00a0\u00bb1737715360005-fac28608-5790e6f6-6516&Prime;][vc_column_text css=\u00a0\u00bb\u00a0\u00bb]La soudure \u00e0 haute fr\u00e9quence n\u00e9cessite la fourniture d&rsquo;un suppresseur de d\u00e9charge ayant pour fonction de pr\u00e9server les mat\u00e9riaux et les moules pendant le cycle de production.<\/p>\n<p>Gr\u00e2ce \u00e0 l\u2019exp\u00e9rience acquis en 50 ans d&rsquo;exp\u00e9rience dans le secteur, les machines \u00e0 haute fr\u00e9quence Bizeta sont \u00e9quip\u00e9es d&rsquo;un dispositif anti-d\u00e9charge avec <strong>caract\u00e9ristiques<\/strong> <strong>uniques<\/strong> par rapport \u00e0 ceux commun\u00e9ment install\u00e9s, qui se distingue par sa haute sensibilit\u00e9 dans la d\u00e9tection de la d\u00e9charge et la vitesse maximale de son blocage, \u00e9vitant ainsi le gaspillage.[\/vc_column_text][\/vc_tta_section][vc_tta_section title=\u00a0\u00bbR\u00e8glement du pression\u00a0\u00bb tab_id=\u00a0\u00bb1737715370642-e82c2456-c128e6f6-6516&Prime;][vc_column_text css=\u00a0\u00bb\u00a0\u00bb]Les machines \u00e0 haute fr\u00e9quence Bizeta peuvent \u00eatre \u00e9quip\u00e9es de la fonction qui permet de r\u00e9gler la pression d\u2019\u00e9crasement du moule sur le mat\u00e9riau pendant les phases de travail.<\/p>\n<p>La pression est r\u00e9gul\u00e9e et affich\u00e9e par HMI.[\/vc_column_text][\/vc_tta_section][vc_tta_section title=\u00a0\u00bbAcquisition automatique de quotas de travail\u00a0\u00bb tab_id=\u00a0\u00bb1737715382649-1b6d94f3-46b0e6f6-6516&Prime;][vc_column_text css=\u00a0\u00bb\u00a0\u00bb]Lors de la premi\u00e8re configuration de chaque nouveau moule, les machines \u00e0 haute fr\u00e9quence Bizeta sont capables d&rsquo;acqu\u00e9rir <strong>automatiquement<\/strong> les quotas de travail et de les enregistrer dans les recettes respectives.[\/vc_column_text][\/vc_tta_section][vc_tta_section title=\u00a0\u00bbLaser croix\u00a0\u00bb tab_id=\u00a0\u00bb1737715398444-aec4dffc-d1bee6f6-6516&Prime;][vc_column_text css=\u00a0\u00bb\u00a0\u00bb]Toutes les machines \u00e0 souder et \/ ou d\u00e9couper \u00e0 haute fr\u00e9quence Bizeta sont \u00e9quip\u00e9es de pointeurs laser en croix \u00e0 focale r\u00e9glable pour permettre un r\u00e9glage facile et pr\u00e9cis du mat\u00e9riau sur le plan de travail par rapport au moule dans la machine.[\/vc_column_text][\/vc_tta_section][vc_tta_section title=\u00a0\u00bbAssistance Apres-Vente\u00a0\u00bb tab_id=\u00a0\u00bb1737715409672-bc621156-26b9e6f6-6516&Prime;][vc_column_text css=\u00a0\u00bb\u00a0\u00bb]En Bizeta, nous r\u00e9alisons toutes les op\u00e9rations de maintenance, tant ordinaires qu&rsquo;extraordinaires, directement chez nos clients dans des d\u00e9lais rapides.<\/p>\n<p>Nous garantissons \u00e9galement toutes les r\u00e9parations m\u00e9caniques et \u00e9lectriques avec nos techniciens internes <strong>sp\u00e9cialis\u00e9s<\/strong> et continuellement mis \u00e0 jour.[\/vc_column_text][\/vc_tta_section][\/vc_tta_accordion][\/vc_column][\/vc_row][vc_row full_width=\u00a0\u00bbstretch_row\u00a0\u00bb css=\u00a0\u00bb.vc_custom_1740477255179{background-color: #dd3333 !important;}\u00a0\u00bb el_id=\u00a0\u00bbdemandes-info\u00a0\u00bb][vc_column width=\u00a0\u00bb1\/4&Prime;][\/vc_column][vc_column width=\u00a0\u00bb1\/2&Prime;][vc_column_text css=\u00a0\u00bb\u00a0\u00bb]<\/p>\n<h3 style=\"text-align: center;\"><span style=\"color: #fff;\">Remplissez le formulaire pour plus d&rsquo;informations<\/span><\/h3>\n<p>[\/vc_column_text]\n<div class=\"wpcf7 no-js\" id=\"wpcf7-f5117-o1\" lang=\"it-IT\" dir=\"ltr\" data-wpcf7-id=\"5117\">\n<div class=\"screen-reader-response\"><p role=\"status\" aria-live=\"polite\" aria-atomic=\"true\"><\/p> <ul><\/ul><\/div>\n<form action=\"\/fr\/wp-json\/wp\/v2\/pages\/5260#wpcf7-f5117-o1\" method=\"post\" class=\"wpcf7-form init\" aria-label=\"Modulo di contatto\" novalidate=\"novalidate\" data-status=\"init\">\n<fieldset class=\"hidden-fields-container\"><input type=\"hidden\" name=\"_wpcf7\" value=\"5117\" \/><input type=\"hidden\" name=\"_wpcf7_version\" value=\"6.1.5\" \/><input type=\"hidden\" name=\"_wpcf7_locale\" value=\"it_IT\" \/><input type=\"hidden\" name=\"_wpcf7_unit_tag\" value=\"wpcf7-f5117-o1\" \/><input type=\"hidden\" name=\"_wpcf7_container_post\" value=\"0\" \/><input type=\"hidden\" name=\"_wpcf7_posted_data_hash\" value=\"\" \/><input type=\"hidden\" name=\"_wpcf7_recaptcha_response\" value=\"\" \/>\n<\/fieldset>\n<div class=\"form-contatto-colonna-1\">\n\t<p><span class=\"wpcf7-form-control-wrap\" data-name=\"nome\"><input size=\"40\" maxlength=\"400\" class=\"wpcf7-form-control wpcf7-text wpcf7-validates-as-required\" id=\"nome\" aria-required=\"true\" aria-invalid=\"false\" placeholder=\"NOM*\" value=\"\" type=\"text\" name=\"nome\" \/><\/span>\n\t<\/p>\n\t<p><span class=\"wpcf7-form-control-wrap\" data-name=\"your-societa\"><input size=\"40\" maxlength=\"400\" class=\"wpcf7-form-control wpcf7-text wpcf7-validates-as-required\" id=\"your-societa\" aria-required=\"true\" aria-invalid=\"false\" placeholder=\"SOCI\u00c9T\u00c9*\" value=\"\" type=\"text\" name=\"your-societa\" \/><\/span>\n\t<\/p>\n\t<p><span class=\"wpcf7-form-control-wrap\" data-name=\"your-email\"><input size=\"40\" maxlength=\"400\" class=\"wpcf7-form-control wpcf7-email wpcf7-validates-as-required wpcf7-text wpcf7-validates-as-email\" id=\"your-email\" aria-required=\"true\" aria-invalid=\"false\" placeholder=\"EMAIL*\" value=\"\" type=\"email\" name=\"your-email\" \/><\/span>\n\t<\/p>\n<\/div>\n<div class=\"form-contatto-colonna-2\">\n\t<p><span class=\"wpcf7-form-control-wrap\" data-name=\"your-cognome\"><input size=\"40\" maxlength=\"400\" class=\"wpcf7-form-control wpcf7-text wpcf7-validates-as-required\" id=\"your-cognome\" aria-required=\"true\" aria-invalid=\"false\" placeholder=\"PR\u00c9NOM*\" value=\"\" type=\"text\" name=\"your-cognome\" \/><\/span>\n\t<\/p>\n\t<p><span class=\"wpcf7-form-control-wrap\" data-name=\"your-stato\"><input size=\"40\" maxlength=\"400\" class=\"wpcf7-form-control wpcf7-text wpcf7-validates-as-required\" id=\"your-stato\" aria-required=\"true\" aria-invalid=\"false\" placeholder=\"NATION*\" value=\"\" type=\"text\" name=\"your-stato\" \/><\/span>\n\t<\/p>\n\t<p><span class=\"wpcf7-form-control-wrap\" data-name=\"tel-407\"><input size=\"40\" maxlength=\"400\" class=\"wpcf7-form-control wpcf7-tel wpcf7-text wpcf7-validates-as-tel\" id=\"tel-407\" aria-invalid=\"false\" placeholder=\"T\u00c9L\u00c9PHONE\" value=\"\" type=\"tel\" name=\"tel-407\" \/><\/span>\n\t<\/p>\n<\/div>\n<div class=\"form-contatto-colonna-unica\" style=\"margin-bottom:20px;\">\n\t<p><span class=\"wpcf7-form-control-wrap\" data-name=\"textarea-840\"><textarea cols=\"40\" rows=\"10\" maxlength=\"2000\" class=\"wpcf7-form-control wpcf7-textarea\" aria-invalid=\"false\" placeholder=\"MESSAGE\" name=\"textarea-840\"><\/textarea><\/span>\n\t<\/p>\n<\/div>\n<p>(*) Afin d'envoyer votre demande, vous devez accepter l'utilisation de vos donn\u00e9es conform\u00e9ment \u00e0 la politique de confidentialit\u00e9 de ce site.\n<\/p>\n<p><span class=\"wpcf7-form-control-wrap\" data-name=\"acceptance-670\"><span class=\"wpcf7-form-control wpcf7-acceptance\"><span class=\"wpcf7-list-item\"><input type=\"checkbox\" name=\"acceptance-670\" value=\"1\" aria-invalid=\"false\" \/><\/span><\/span><\/span> J'ai lu et j'accepte les <a style=\"color:#020202;\" href=\"\/fr\/privacy-policy\/\" title=\"Politique de Confidentialit\u00e9\">Politique de Confidentialit\u00e9<\/a>.\n<\/p>\n<p style=\"text-align:center;\"><input class=\"wpcf7-form-control wpcf7-submit has-spinner\" type=\"submit\" value=\"ENVOYER\" \/>\n<\/p><input type='hidden' class='wpcf7-pum' value='{\"closepopup\":false,\"closedelay\":0,\"openpopup\":false,\"openpopup_id\":0}' \/><div class=\"wpcf7-response-output\" aria-hidden=\"true\"><\/div>\n<\/form>\n<\/div>\n[\/vc_column][vc_column width=\u00a0\u00bb1\/4&Prime;][\/vc_column][\/vc_row]<\/p>\n<\/div>","protected":false},"excerpt":{"rendered":"<p>[vc_row content_placement=\u00a0\u00bbmiddle\u00a0\u00bb css_animation=\u00a0\u00bbnone\u00a0\u00bb css=\u00a0\u00bb.vc_custom_1738574354457{padding-top: 30px !important;}\u00a0\u00bb][vc_column width=\u00a0\u00bb1\/2&Prime;][vc_single_image image=\u00a0\u00bb697&Prime; img_size=\u00a0\u00bb1200&#215;900&Prime;][\/vc_column][vc_column width=\u00a0\u00bb1\/2&Prime;][vc_column_text css=\u00a0\u00bb\u00a0\u00bb] Bizeta machine \u00e0 haute fr\u00e9quence fixe BZ 100: modulaire et extensible m\u00eame pour les grands<span class=\"excerpt-hellip\"> [\u2026]<\/span><\/p>\n","protected":false},"author":2,"featured_media":0,"parent":5214,"menu_order":0,"comment_status":"closed","ping_status":"closed","template":"","meta":{"_acf_changed":false,"footnotes":""},"class_list":["post-5260","page","type-page","status-publish","hentry"],"acf":[],"yoast_head":"<!-- This site is optimized with the Yoast SEO plugin v26.9 - https:\/\/yoast.com\/product\/yoast-seo-wordpress\/ -->\n<title>Machine \u00e0 haute fr\u00e9quence \u00e0 souder BZ 100 fixe | Bizeta<\/title>\n<meta name=\"robots\" content=\"index, follow, max-snippet:-1, max-image-preview:large, max-video-preview:-1\" \/>\n<link rel=\"canonical\" href=\"https:\/\/bizeta-macchinehf.it\/fr\/machine-hf-a-souder\/haute-frequencer-bz-100-fixe\/\" \/>\n<meta property=\"og:locale\" content=\"fr_FR\" \/>\n<meta property=\"og:type\" content=\"article\" \/>\n<meta property=\"og:title\" content=\"Machine \u00e0 haute fr\u00e9quence \u00e0 souder BZ 100 fixe | Bizeta\" \/>\n<meta property=\"og:description\" content=\"[vc_row content_placement=\u00a0\u00bbmiddle\u00a0\u00bb css_animation=\u00a0\u00bbnone\u00a0\u00bb css=\u00a0\u00bb.vc_custom_1738574354457{padding-top: 30px !important;}\u00a0\u00bb][vc_column width=\u00a0\u00bb1\/2&Prime;][vc_single_image image=\u00a0\u00bb697&Prime; img_size=\u00a0\u00bb1200&#215;900&Prime;][\/vc_column][vc_column width=\u00a0\u00bb1\/2&Prime;][vc_column_text css=\u00a0\u00bb\u00a0\u00bb] Bizeta machine \u00e0 haute fr\u00e9quence fixe BZ 100: modulaire et extensible m\u00eame pour les grands [\u2026]\" \/>\n<meta property=\"og:url\" content=\"https:\/\/bizeta-macchinehf.it\/fr\/machine-hf-a-souder\/haute-frequencer-bz-100-fixe\/\" \/>\n<meta property=\"og:site_name\" content=\"Bizeta\" \/>\n<meta property=\"article:modified_time\" content=\"2025-03-10T09:06:49+00:00\" \/>\n<meta name=\"twitter:card\" content=\"summary_large_image\" \/>\n<meta name=\"twitter:label1\" content=\"Dur\u00e9e de lecture estim\u00e9e\" \/>\n\t<meta name=\"twitter:data1\" content=\"5 minutes\" \/>\n<script type=\"application\/ld+json\" class=\"yoast-schema-graph\">{\"@context\":\"https:\/\/schema.org\",\"@graph\":[{\"@type\":\"WebPage\",\"@id\":\"https:\/\/bizeta-macchinehf.it\/fr\/machine-hf-a-souder\/haute-frequencer-bz-100-fixe\/\",\"url\":\"https:\/\/bizeta-macchinehf.it\/fr\/machine-hf-a-souder\/haute-frequencer-bz-100-fixe\/\",\"name\":\"Machine \u00e0 haute fr\u00e9quence \u00e0 souder BZ 100 fixe | Bizeta\",\"isPartOf\":{\"@id\":\"https:\/\/bizeta-macchinehf.it\/#website\"},\"datePublished\":\"2025-02-25T09:48:26+00:00\",\"dateModified\":\"2025-03-10T09:06:49+00:00\",\"breadcrumb\":{\"@id\":\"https:\/\/bizeta-macchinehf.it\/fr\/machine-hf-a-souder\/haute-frequencer-bz-100-fixe\/#breadcrumb\"},\"inLanguage\":\"fr-FR\",\"potentialAction\":[{\"@type\":\"ReadAction\",\"target\":[\"https:\/\/bizeta-macchinehf.it\/fr\/machine-hf-a-souder\/haute-frequencer-bz-100-fixe\/\"]}]},{\"@type\":\"BreadcrumbList\",\"@id\":\"https:\/\/bizeta-macchinehf.it\/fr\/machine-hf-a-souder\/haute-frequencer-bz-100-fixe\/#breadcrumb\",\"itemListElement\":[{\"@type\":\"ListItem\",\"position\":1,\"name\":\"Home\",\"item\":\"https:\/\/bizeta-macchinehf.it\/fr\/\"},{\"@type\":\"ListItem\",\"position\":2,\"name\":\"Machine \u00e0 haute fr\u00e9quence a souder\",\"item\":\"https:\/\/bizeta-macchinehf.it\/fr\/machine-hf-a-souder\/\"},{\"@type\":\"ListItem\",\"position\":3,\"name\":\"Machine \u00e0 haute fr\u00e9quence \u00e0 souder BZ 100 fixe\"}]},{\"@type\":\"WebSite\",\"@id\":\"https:\/\/bizeta-macchinehf.it\/#website\",\"url\":\"https:\/\/bizeta-macchinehf.it\/\",\"name\":\"Bizeta\",\"description\":\"Welding Machines High Frequency\",\"potentialAction\":[{\"@type\":\"SearchAction\",\"target\":{\"@type\":\"EntryPoint\",\"urlTemplate\":\"https:\/\/bizeta-macchinehf.it\/?s={search_term_string}\"},\"query-input\":{\"@type\":\"PropertyValueSpecification\",\"valueRequired\":true,\"valueName\":\"search_term_string\"}}],\"inLanguage\":\"fr-FR\"}]}<\/script>\n<!-- \/ Yoast SEO plugin. -->","yoast_head_json":{"title":"Machine \u00e0 haute fr\u00e9quence \u00e0 souder BZ 100 fixe | Bizeta","robots":{"index":"index","follow":"follow","max-snippet":"max-snippet:-1","max-image-preview":"max-image-preview:large","max-video-preview":"max-video-preview:-1"},"canonical":"https:\/\/bizeta-macchinehf.it\/fr\/machine-hf-a-souder\/haute-frequencer-bz-100-fixe\/","og_locale":"fr_FR","og_type":"article","og_title":"Machine \u00e0 haute fr\u00e9quence \u00e0 souder BZ 100 fixe | Bizeta","og_description":"[vc_row content_placement=\u00a0\u00bbmiddle\u00a0\u00bb css_animation=\u00a0\u00bbnone\u00a0\u00bb css=\u00a0\u00bb.vc_custom_1738574354457{padding-top: 30px !important;}\u00a0\u00bb][vc_column width=\u00a0\u00bb1\/2&Prime;][vc_single_image image=\u00a0\u00bb697&Prime; img_size=\u00a0\u00bb1200&#215;900&Prime;][\/vc_column][vc_column width=\u00a0\u00bb1\/2&Prime;][vc_column_text css=\u00a0\u00bb\u00a0\u00bb] Bizeta machine \u00e0 haute fr\u00e9quence fixe BZ 100: modulaire et extensible m\u00eame pour les grands [\u2026]","og_url":"https:\/\/bizeta-macchinehf.it\/fr\/machine-hf-a-souder\/haute-frequencer-bz-100-fixe\/","og_site_name":"Bizeta","article_modified_time":"2025-03-10T09:06:49+00:00","twitter_card":"summary_large_image","twitter_misc":{"Dur\u00e9e de lecture estim\u00e9e":"5 minutes"},"schema":{"@context":"https:\/\/schema.org","@graph":[{"@type":"WebPage","@id":"https:\/\/bizeta-macchinehf.it\/fr\/machine-hf-a-souder\/haute-frequencer-bz-100-fixe\/","url":"https:\/\/bizeta-macchinehf.it\/fr\/machine-hf-a-souder\/haute-frequencer-bz-100-fixe\/","name":"Machine \u00e0 haute fr\u00e9quence \u00e0 souder BZ 100 fixe | Bizeta","isPartOf":{"@id":"https:\/\/bizeta-macchinehf.it\/#website"},"datePublished":"2025-02-25T09:48:26+00:00","dateModified":"2025-03-10T09:06:49+00:00","breadcrumb":{"@id":"https:\/\/bizeta-macchinehf.it\/fr\/machine-hf-a-souder\/haute-frequencer-bz-100-fixe\/#breadcrumb"},"inLanguage":"fr-FR","potentialAction":[{"@type":"ReadAction","target":["https:\/\/bizeta-macchinehf.it\/fr\/machine-hf-a-souder\/haute-frequencer-bz-100-fixe\/"]}]},{"@type":"BreadcrumbList","@id":"https:\/\/bizeta-macchinehf.it\/fr\/machine-hf-a-souder\/haute-frequencer-bz-100-fixe\/#breadcrumb","itemListElement":[{"@type":"ListItem","position":1,"name":"Home","item":"https:\/\/bizeta-macchinehf.it\/fr\/"},{"@type":"ListItem","position":2,"name":"Machine \u00e0 haute fr\u00e9quence a souder","item":"https:\/\/bizeta-macchinehf.it\/fr\/machine-hf-a-souder\/"},{"@type":"ListItem","position":3,"name":"Machine \u00e0 haute fr\u00e9quence \u00e0 souder BZ 100 fixe"}]},{"@type":"WebSite","@id":"https:\/\/bizeta-macchinehf.it\/#website","url":"https:\/\/bizeta-macchinehf.it\/","name":"Bizeta","description":"Welding Machines High Frequency","potentialAction":[{"@type":"SearchAction","target":{"@type":"EntryPoint","urlTemplate":"https:\/\/bizeta-macchinehf.it\/?s={search_term_string}"},"query-input":{"@type":"PropertyValueSpecification","valueRequired":true,"valueName":"search_term_string"}}],"inLanguage":"fr-FR"}]}},"_links":{"self":[{"href":"https:\/\/bizeta-macchinehf.it\/fr\/wp-json\/wp\/v2\/pages\/5260","targetHints":{"allow":["GET"]}}],"collection":[{"href":"https:\/\/bizeta-macchinehf.it\/fr\/wp-json\/wp\/v2\/pages"}],"about":[{"href":"https:\/\/bizeta-macchinehf.it\/fr\/wp-json\/wp\/v2\/types\/page"}],"author":[{"embeddable":true,"href":"https:\/\/bizeta-macchinehf.it\/fr\/wp-json\/wp\/v2\/users\/2"}],"replies":[{"embeddable":true,"href":"https:\/\/bizeta-macchinehf.it\/fr\/wp-json\/wp\/v2\/comments?post=5260"}],"version-history":[{"count":10,"href":"https:\/\/bizeta-macchinehf.it\/fr\/wp-json\/wp\/v2\/pages\/5260\/revisions"}],"predecessor-version":[{"id":5488,"href":"https:\/\/bizeta-macchinehf.it\/fr\/wp-json\/wp\/v2\/pages\/5260\/revisions\/5488"}],"up":[{"embeddable":true,"href":"https:\/\/bizeta-macchinehf.it\/fr\/wp-json\/wp\/v2\/pages\/5214"}],"wp:attachment":[{"href":"https:\/\/bizeta-macchinehf.it\/fr\/wp-json\/wp\/v2\/media?parent=5260"}],"curies":[{"name":"wp","href":"https:\/\/api.w.org\/{rel}","templated":true}]}}