{"id":5281,"date":"2025-02-25T11:11:10","date_gmt":"2025-02-25T10:11:10","guid":{"rendered":"https:\/\/bizeta-macchinehf.it\/?page_id=5281"},"modified":"2025-03-07T10:50:37","modified_gmt":"2025-03-07T09:50:37","slug":"applications","status":"publish","type":"page","link":"https:\/\/bizeta-macchinehf.it\/fr\/applications\/","title":{"rendered":"Applications"},"content":{"rendered":"<div class=\"wpb-content-wrapper\"><p>[vc_row gap=\u00a0\u00bb15&Prime; equal_height=\u00a0\u00bbyes\u00a0\u00bb content_placement=\u00a0\u00bbmiddle\u00a0\u00bb css_animation=\u00a0\u00bbnone\u00a0\u00bb css=\u00a0\u00bb.vc_custom_1738574446711{padding-top: 50px !important;}\u00a0\u00bb][vc_column width=\u00a0\u00bb1\/4&Prime; css=\u00a0\u00bb.vc_custom_1592849897873{border-top-width: 1px !important;border-right-width: 1px !important;border-bottom-width: 1px !important;border-left-width: 1px !important;border-left-color: #eb212e !important;border-left-style: solid !important;border-right-color: #eb212e !important;border-right-style: solid !important;border-top-color: #eb212e !important;border-top-style: solid !important;border-bottom-color: #eb212e !important;border-bottom-style: solid !important;}\u00a0\u00bb][vc_column_text css=\u00a0\u00bb.vc_custom_1741340930228{padding-top: 15px !important;padding-bottom: 15px !important;}\u00a0\u00bb]<\/p>\n<h2 style=\"text-align: center;\"><a href=\"\/fr\/applications\/maroquinerie-pour-la-haute-couture\/\"><span style=\"color: #eb212e;\">Maroquinerie pour<br \/>\nla Haute Couture<\/span><\/a><\/h2>\n<p>[\/vc_column_text][\/vc_column][vc_column width=\u00a0\u00bb1\/4&Prime; css=\u00a0\u00bb.vc_custom_1592849873411{border-top-width: 1px !important;border-right-width: 1px !important;border-bottom-width: 1px !important;border-left-width: 1px !important;border-left-color: #eb212e !important;border-left-style: solid !important;border-right-color: #eb212e !important;border-right-style: solid !important;border-top-color: #eb212e !important;border-top-style: solid !important;border-bottom-color: #eb212e !important;border-bottom-style: solid !important;border-radius: 1px !important;}\u00a0\u00bb][vc_column_text css=\u00a0\u00bb.vc_custom_1740567751082{padding-top: 15px !important;padding-bottom: 15px !important;}\u00a0\u00bb]<\/p>\n<h2 style=\"text-align: center;\"><a href=\"\/fr\/applications\/secteur-des-chaussures\/\"><span style=\"color: #eb212e;\">Secteur de Chaussures<\/span><\/a><\/h2>\n<p>[\/vc_column_text][\/vc_column][vc_column width=\u00a0\u00bb1\/4&Prime; css=\u00a0\u00bb.vc_custom_1592849924084{border-top-width: 1px !important;border-right-width: 1px !important;border-bottom-width: 1px !important;border-left-width: 1px !important;border-left-color: #eb212e !important;border-left-style: solid !important;border-right-color: #eb212e !important;border-right-style: solid !important;border-top-color: #eb212e !important;border-top-style: solid !important;border-bottom-color: #eb212e !important;border-bottom-style: solid !important;}\u00a0\u00bb][vc_column_text css=\u00a0\u00bb.vc_custom_1740567769861{padding-top: 15px !important;padding-bottom: 15px !important;}\u00a0\u00bb]<\/p>\n<h2 style=\"text-align: center;\"><span style=\"color: #eb212e;\"><a style=\"color: #eb212e;\" href=\"\/fr\/applications\/hamillement\/\">Habillements<\/a><\/span><\/h2>\n<p>[\/vc_column_text][\/vc_column][vc_column width=\u00a0\u00bb1\/4&Prime; css=\u00a0\u00bb.vc_custom_1595338891488{border-top-width: 1px !important;border-right-width: 1px !important;border-bottom-width: 1px !important;border-left-width: 1px !important;border-left-color: #eb212e !important;border-left-style: solid !important;border-right-color: #eb212e !important;border-right-style: solid !important;border-top-color: #eb212e !important;border-top-style: solid !important;border-bottom-color: #eb212e !important;border-bottom-style: solid !important;}\u00a0\u00bb][vc_column_text css=\u00a0\u00bb.vc_custom_1741340954152{padding-top: 15px !important;padding-bottom: 15px !important;}\u00a0\u00bb]<\/p>\n<h2 style=\"text-align: center;\"><a href=\"\/fr\/applications\/articles-orthopedics-et-de-sante\/\"><span style=\"color: #eb212e;\">Articles Orthop\u00e9diques et de Sant\u00e9<\/span><\/a><\/h2>\n<p>[\/vc_column_text][\/vc_column][\/vc_row][vc_row gap=\u00a0\u00bb15&Prime; equal_height=\u00a0\u00bbyes\u00a0\u00bb content_placement=\u00a0\u00bbmiddle\u00a0\u00bb css_animation=\u00a0\u00bbnone\u00a0\u00bb][vc_column width=\u00a0\u00bb1\/4&Prime; css=\u00a0\u00bb.vc_custom_1592849873411{border-top-width: 1px !important;border-right-width: 1px !important;border-bottom-width: 1px !important;border-left-width: 1px !important;border-left-color: #eb212e !important;border-left-style: solid !important;border-right-color: #eb212e !important;border-right-style: solid !important;border-top-color: #eb212e !important;border-top-style: solid !important;border-bottom-color: #eb212e !important;border-bottom-style: solid !important;border-radius: 1px !important;}\u00a0\u00bb][vc_column_text css=\u00a0\u00bb.vc_custom_1741340967000{padding-top: 15px !important;padding-bottom: 15px !important;}\u00a0\u00bb]<\/p>\n<h2 style=\"text-align: center;\"><a href=\"\/fr\/applications\/traitement-et-emballage-du-papier\/\"><span style=\"color: #eb212e;\">Traitement et Emballage du Papier<\/span><\/a><\/h2>\n<p>[\/vc_column_text][\/vc_column][vc_column width=\u00a0\u00bb1\/4&Prime; css=\u00a0\u00bb.vc_custom_1592849897873{border-top-width: 1px !important;border-right-width: 1px !important;border-bottom-width: 1px !important;border-left-width: 1px !important;border-left-color: #eb212e !important;border-left-style: solid !important;border-right-color: #eb212e !important;border-right-style: solid !important;border-top-color: #eb212e !important;border-top-style: solid !important;border-bottom-color: #eb212e !important;border-bottom-style: solid !important;}\u00a0\u00bb][vc_column_text css=\u00a0\u00bb.vc_custom_1740567825802{padding-top: 15px !important;padding-bottom: 15px !important;}\u00a0\u00bb]<\/p>\n<h2 style=\"text-align: center;\"><a href=\"\/fr\/applications\/secteur-de-automobile\/\"><span style=\"color: #eb212e;\">Secteur de L&rsquo;automobile<\/span><\/a><\/h2>\n<p>[\/vc_column_text][\/vc_column][vc_column width=\u00a0\u00bb1\/4&Prime; css=\u00a0\u00bb.vc_custom_1592849924084{border-top-width: 1px !important;border-right-width: 1px !important;border-bottom-width: 1px !important;border-left-width: 1px !important;border-left-color: #eb212e !important;border-left-style: solid !important;border-right-color: #eb212e !important;border-right-style: solid !important;border-top-color: #eb212e !important;border-top-style: solid !important;border-bottom-color: #eb212e !important;border-bottom-style: solid !important;}\u00a0\u00bb][vc_column_text css=\u00a0\u00bb.vc_custom_1740503245203{padding-top: 15px !important;padding-bottom: 15px !important;}\u00a0\u00bb]<\/p>\n<h2 style=\"text-align: center;\"><a href=\"\/fr\/applications\/sport-et-loisirs\/\"><span style=\"color: #eb212e;\">Sport et Loisirs<\/span><\/a><\/h2>\n<p>[\/vc_column_text][\/vc_column][vc_column width=\u00a0\u00bb1\/4&Prime; css=\u00a0\u00bb.vc_custom_1595338891488{border-top-width: 1px !important;border-right-width: 1px !important;border-bottom-width: 1px !important;border-left-width: 1px !important;border-left-color: #eb212e !important;border-left-style: solid !important;border-right-color: #eb212e !important;border-right-style: solid !important;border-top-color: #eb212e !important;border-top-style: solid !important;border-bottom-color: #eb212e !important;border-bottom-style: solid !important;}\u00a0\u00bb][vc_column_text css=\u00a0\u00bb.vc_custom_1740503309003{padding-top: 15px !important;padding-bottom: 15px !important;}\u00a0\u00bb]<\/p>\n<h2 style=\"text-align: center;\"><a href=\"\/fr\/applications\/bagages-et-sacs\/\"><span style=\"color: #eb212e;\">Bagages et Sacs<\/span><\/a><\/h2>\n<p>[\/vc_column_text][\/vc_column][\/vc_row][vc_row][vc_column][vc_column_text css=\u00a0\u00bb.vc_custom_1741341034003{padding-top: 50px !important;}\u00a0\u00bb]<\/p>\n<h2>Soudure \u00e0 haute fr\u00e9quence Bizeta : pr\u00e9cision et durabilit\u00e9 pour une vari\u00e9t\u00e9 de mat\u00e9riaux et d\u2019industries<\/h2>\n<p>La <strong>soudure<\/strong> \u00e0 haute fr\u00e9quence est un processus d&rsquo;union de mat\u00e9riaux qui, gr\u00e2ce \u00e0 une intense production de chaleur cr\u00e9\u00e9e par la haute fr\u00e9quence des ondes radio HF et une juste pression, permet la fusion des extr\u00e9mit\u00e9s des composants \u00e0 assembler, assurant ainsi la <strong>durabilit\u00e9<\/strong> et la <strong>pr\u00e9cision<\/strong> de l&rsquo;ex\u00e9cution.<\/p>\n<p>La technologie \u00e0 haute fr\u00e9quence peut \u00eatre appliqu\u00e9e \u00e0 diff\u00e9rents <strong>mat\u00e9riaux, synth\u00e9tiques<\/strong>, PVC, PU, polyester et\/ou cuir <strong>coupl\u00e9<\/strong>. Les secteurs vers lesquels nous nous adressons et dans lesquels ce proc\u00e9d\u00e9 peut \u00eatre utilis\u00e9 sont multiples: de la chaussure \u00e0 l&rsquo;habillement, de l&rsquo;automobile \u00e0 l&rsquo;industrie du papier, \u00e0 la production de blisters d&#8217;emballage et d\u2019exposition, du secteur orthop\u00e9dique-m\u00e9dical \u00e0 la fabrication de produits pour la petite enfance et pour l&rsquo;\u00e9cole, jusqu&rsquo;aux produits pour le sport et les loisirs.[\/vc_column_text][\/vc_column][\/vc_row][vc_row full_width=\u00a0\u00bbstretch_row\u00a0\u00bb css=\u00a0\u00bb.vc_custom_1737969019009{background-color: #dd3333 !important;}\u00a0\u00bb el_id=\u00a0\u00bbrichiedi-info\u00a0\u00bb][vc_column width=\u00a0\u00bb1\/4&Prime;][\/vc_column][vc_column width=\u00a0\u00bb1\/2&Prime;][vc_column_text css=\u00a0\u00bb\u00a0\u00bb]<\/p>\n<h3 style=\"text-align: center;\"><span style=\"color: #fff;\">Remplissez le formulaire pour plus d&rsquo;informations<\/span><\/h3>\n<p>[\/vc_column_text]\n<div class=\"wpcf7 no-js\" id=\"wpcf7-f5117-o1\" lang=\"it-IT\" dir=\"ltr\" data-wpcf7-id=\"5117\">\n<div class=\"screen-reader-response\"><p role=\"status\" aria-live=\"polite\" aria-atomic=\"true\"><\/p> <ul><\/ul><\/div>\n<form action=\"\/fr\/wp-json\/wp\/v2\/pages\/5281#wpcf7-f5117-o1\" method=\"post\" class=\"wpcf7-form init\" aria-label=\"Modulo di contatto\" novalidate=\"novalidate\" data-status=\"init\">\n<fieldset class=\"hidden-fields-container\"><input type=\"hidden\" name=\"_wpcf7\" value=\"5117\" \/><input type=\"hidden\" name=\"_wpcf7_version\" value=\"6.1.5\" \/><input type=\"hidden\" name=\"_wpcf7_locale\" value=\"it_IT\" \/><input type=\"hidden\" name=\"_wpcf7_unit_tag\" value=\"wpcf7-f5117-o1\" \/><input type=\"hidden\" name=\"_wpcf7_container_post\" value=\"0\" \/><input type=\"hidden\" name=\"_wpcf7_posted_data_hash\" value=\"\" \/><input type=\"hidden\" name=\"_wpcf7_recaptcha_response\" value=\"\" \/>\n<\/fieldset>\n<div class=\"form-contatto-colonna-1\">\n\t<p><span class=\"wpcf7-form-control-wrap\" data-name=\"nome\"><input size=\"40\" maxlength=\"400\" class=\"wpcf7-form-control wpcf7-text wpcf7-validates-as-required\" id=\"nome\" aria-required=\"true\" aria-invalid=\"false\" placeholder=\"NOM*\" value=\"\" type=\"text\" name=\"nome\" \/><\/span>\n\t<\/p>\n\t<p><span class=\"wpcf7-form-control-wrap\" data-name=\"your-societa\"><input size=\"40\" maxlength=\"400\" class=\"wpcf7-form-control wpcf7-text wpcf7-validates-as-required\" id=\"your-societa\" aria-required=\"true\" aria-invalid=\"false\" placeholder=\"SOCI\u00c9T\u00c9*\" value=\"\" type=\"text\" name=\"your-societa\" \/><\/span>\n\t<\/p>\n\t<p><span class=\"wpcf7-form-control-wrap\" data-name=\"your-email\"><input size=\"40\" maxlength=\"400\" class=\"wpcf7-form-control wpcf7-email wpcf7-validates-as-required wpcf7-text wpcf7-validates-as-email\" id=\"your-email\" aria-required=\"true\" aria-invalid=\"false\" placeholder=\"EMAIL*\" value=\"\" type=\"email\" name=\"your-email\" \/><\/span>\n\t<\/p>\n<\/div>\n<div class=\"form-contatto-colonna-2\">\n\t<p><span class=\"wpcf7-form-control-wrap\" data-name=\"your-cognome\"><input size=\"40\" maxlength=\"400\" class=\"wpcf7-form-control wpcf7-text wpcf7-validates-as-required\" id=\"your-cognome\" aria-required=\"true\" aria-invalid=\"false\" placeholder=\"PR\u00c9NOM*\" value=\"\" type=\"text\" name=\"your-cognome\" \/><\/span>\n\t<\/p>\n\t<p><span class=\"wpcf7-form-control-wrap\" data-name=\"your-stato\"><input size=\"40\" maxlength=\"400\" class=\"wpcf7-form-control wpcf7-text wpcf7-validates-as-required\" id=\"your-stato\" aria-required=\"true\" aria-invalid=\"false\" placeholder=\"NATION*\" value=\"\" type=\"text\" name=\"your-stato\" \/><\/span>\n\t<\/p>\n\t<p><span class=\"wpcf7-form-control-wrap\" data-name=\"tel-407\"><input size=\"40\" maxlength=\"400\" class=\"wpcf7-form-control wpcf7-tel wpcf7-text wpcf7-validates-as-tel\" id=\"tel-407\" aria-invalid=\"false\" placeholder=\"T\u00c9L\u00c9PHONE\" value=\"\" type=\"tel\" name=\"tel-407\" \/><\/span>\n\t<\/p>\n<\/div>\n<div class=\"form-contatto-colonna-unica\" style=\"margin-bottom:20px;\">\n\t<p><span class=\"wpcf7-form-control-wrap\" data-name=\"textarea-840\"><textarea cols=\"40\" rows=\"10\" maxlength=\"2000\" class=\"wpcf7-form-control wpcf7-textarea\" aria-invalid=\"false\" placeholder=\"MESSAGE\" name=\"textarea-840\"><\/textarea><\/span>\n\t<\/p>\n<\/div>\n<p>(*) Afin d'envoyer votre demande, vous devez accepter l'utilisation de vos donn\u00e9es conform\u00e9ment \u00e0 la politique de confidentialit\u00e9 de ce site.\n<\/p>\n<p><span class=\"wpcf7-form-control-wrap\" data-name=\"acceptance-670\"><span class=\"wpcf7-form-control wpcf7-acceptance\"><span class=\"wpcf7-list-item\"><input type=\"checkbox\" name=\"acceptance-670\" value=\"1\" aria-invalid=\"false\" \/><\/span><\/span><\/span> J'ai lu et j'accepte les <a style=\"color:#020202;\" href=\"\/fr\/privacy-policy\/\" title=\"Politique de Confidentialit\u00e9\">Politique de Confidentialit\u00e9<\/a>.\n<\/p>\n<p style=\"text-align:center;\"><input class=\"wpcf7-form-control wpcf7-submit has-spinner\" type=\"submit\" value=\"ENVOYER\" \/>\n<\/p><input type='hidden' class='wpcf7-pum' value='{\"closepopup\":false,\"closedelay\":0,\"openpopup\":false,\"openpopup_id\":0}' \/><div class=\"wpcf7-response-output\" aria-hidden=\"true\"><\/div>\n<\/form>\n<\/div>\n[\/vc_column][vc_column width=\u00a0\u00bb1\/4&Prime;][\/vc_column][\/vc_row]<\/p>\n<\/div>","protected":false},"excerpt":{"rendered":"<p>[vc_row gap=\u00a0\u00bb15&Prime; equal_height=\u00a0\u00bbyes\u00a0\u00bb content_placement=\u00a0\u00bbmiddle\u00a0\u00bb css_animation=\u00a0\u00bbnone\u00a0\u00bb css=\u00a0\u00bb.vc_custom_1738574446711{padding-top: 50px !important;}\u00a0\u00bb][vc_column width=\u00a0\u00bb1\/4&Prime; css=\u00a0\u00bb.vc_custom_1592849897873{border-top-width: 1px !important;border-right-width: 1px !important;border-bottom-width: 1px !important;border-left-width: 1px !important;border-left-color: #eb212e !important;border-left-style: solid !important;border-right-color: #eb212e !important;border-right-style: solid !important;border-top-color:<span class=\"excerpt-hellip\"> [\u2026]<\/span><\/p>\n","protected":false},"author":2,"featured_media":0,"parent":0,"menu_order":0,"comment_status":"closed","ping_status":"closed","template":"","meta":{"_acf_changed":false,"footnotes":""},"class_list":["post-5281","page","type-page","status-publish","hentry"],"acf":[],"yoast_head":"<!-- This site is optimized with the Yoast SEO plugin v26.9 - https:\/\/yoast.com\/product\/yoast-seo-wordpress\/ -->\n<title>Applications | Bizeta<\/title>\n<meta name=\"robots\" content=\"index, follow, max-snippet:-1, max-image-preview:large, max-video-preview:-1\" \/>\n<link rel=\"canonical\" href=\"https:\/\/bizeta-macchinehf.it\/fr\/applications\/\" \/>\n<meta property=\"og:locale\" content=\"fr_FR\" \/>\n<meta property=\"og:type\" content=\"article\" \/>\n<meta property=\"og:title\" content=\"Applications | Bizeta\" \/>\n<meta property=\"og:description\" content=\"[vc_row gap=\u00a0\u00bb15&Prime; equal_height=\u00a0\u00bbyes\u00a0\u00bb content_placement=\u00a0\u00bbmiddle\u00a0\u00bb css_animation=\u00a0\u00bbnone\u00a0\u00bb css=\u00a0\u00bb.vc_custom_1738574446711{padding-top: 50px !important;}\u00a0\u00bb][vc_column width=\u00a0\u00bb1\/4&Prime; css=\u00a0\u00bb.vc_custom_1592849897873{border-top-width: 1px !important;border-right-width: 1px !important;border-bottom-width: 1px !important;border-left-width: 1px !important;border-left-color: #eb212e !important;border-left-style: solid !important;border-right-color: #eb212e !important;border-right-style: solid !important;border-top-color: [\u2026]\" \/>\n<meta property=\"og:url\" content=\"https:\/\/bizeta-macchinehf.it\/fr\/applications\/\" \/>\n<meta property=\"og:site_name\" content=\"Bizeta\" \/>\n<meta property=\"article:modified_time\" content=\"2025-03-07T09:50:37+00:00\" \/>\n<meta name=\"twitter:card\" content=\"summary_large_image\" \/>\n<meta name=\"twitter:label1\" content=\"Dur\u00e9e de lecture estim\u00e9e\" \/>\n\t<meta name=\"twitter:data1\" content=\"3 minutes\" \/>\n<script type=\"application\/ld+json\" class=\"yoast-schema-graph\">{\"@context\":\"https:\/\/schema.org\",\"@graph\":[{\"@type\":\"WebPage\",\"@id\":\"https:\/\/bizeta-macchinehf.it\/fr\/applications\/\",\"url\":\"https:\/\/bizeta-macchinehf.it\/fr\/applications\/\",\"name\":\"Applications | Bizeta\",\"isPartOf\":{\"@id\":\"https:\/\/bizeta-macchinehf.it\/#website\"},\"datePublished\":\"2025-02-25T10:11:10+00:00\",\"dateModified\":\"2025-03-07T09:50:37+00:00\",\"breadcrumb\":{\"@id\":\"https:\/\/bizeta-macchinehf.it\/fr\/applications\/#breadcrumb\"},\"inLanguage\":\"fr-FR\",\"potentialAction\":[{\"@type\":\"ReadAction\",\"target\":[\"https:\/\/bizeta-macchinehf.it\/fr\/applications\/\"]}]},{\"@type\":\"BreadcrumbList\",\"@id\":\"https:\/\/bizeta-macchinehf.it\/fr\/applications\/#breadcrumb\",\"itemListElement\":[{\"@type\":\"ListItem\",\"position\":1,\"name\":\"Home\",\"item\":\"https:\/\/bizeta-macchinehf.it\/fr\/\"},{\"@type\":\"ListItem\",\"position\":2,\"name\":\"Applications\"}]},{\"@type\":\"WebSite\",\"@id\":\"https:\/\/bizeta-macchinehf.it\/#website\",\"url\":\"https:\/\/bizeta-macchinehf.it\/\",\"name\":\"Bizeta\",\"description\":\"Welding Machines High Frequency\",\"potentialAction\":[{\"@type\":\"SearchAction\",\"target\":{\"@type\":\"EntryPoint\",\"urlTemplate\":\"https:\/\/bizeta-macchinehf.it\/?s={search_term_string}\"},\"query-input\":{\"@type\":\"PropertyValueSpecification\",\"valueRequired\":true,\"valueName\":\"search_term_string\"}}],\"inLanguage\":\"fr-FR\"}]}<\/script>\n<!-- \/ Yoast SEO plugin. -->","yoast_head_json":{"title":"Applications | Bizeta","robots":{"index":"index","follow":"follow","max-snippet":"max-snippet:-1","max-image-preview":"max-image-preview:large","max-video-preview":"max-video-preview:-1"},"canonical":"https:\/\/bizeta-macchinehf.it\/fr\/applications\/","og_locale":"fr_FR","og_type":"article","og_title":"Applications | Bizeta","og_description":"[vc_row gap=\u00a0\u00bb15&Prime; equal_height=\u00a0\u00bbyes\u00a0\u00bb content_placement=\u00a0\u00bbmiddle\u00a0\u00bb css_animation=\u00a0\u00bbnone\u00a0\u00bb css=\u00a0\u00bb.vc_custom_1738574446711{padding-top: 50px !important;}\u00a0\u00bb][vc_column width=\u00a0\u00bb1\/4&Prime; css=\u00a0\u00bb.vc_custom_1592849897873{border-top-width: 1px !important;border-right-width: 1px !important;border-bottom-width: 1px !important;border-left-width: 1px !important;border-left-color: #eb212e !important;border-left-style: solid !important;border-right-color: #eb212e !important;border-right-style: solid !important;border-top-color: [\u2026]","og_url":"https:\/\/bizeta-macchinehf.it\/fr\/applications\/","og_site_name":"Bizeta","article_modified_time":"2025-03-07T09:50:37+00:00","twitter_card":"summary_large_image","twitter_misc":{"Dur\u00e9e de lecture estim\u00e9e":"3 minutes"},"schema":{"@context":"https:\/\/schema.org","@graph":[{"@type":"WebPage","@id":"https:\/\/bizeta-macchinehf.it\/fr\/applications\/","url":"https:\/\/bizeta-macchinehf.it\/fr\/applications\/","name":"Applications | Bizeta","isPartOf":{"@id":"https:\/\/bizeta-macchinehf.it\/#website"},"datePublished":"2025-02-25T10:11:10+00:00","dateModified":"2025-03-07T09:50:37+00:00","breadcrumb":{"@id":"https:\/\/bizeta-macchinehf.it\/fr\/applications\/#breadcrumb"},"inLanguage":"fr-FR","potentialAction":[{"@type":"ReadAction","target":["https:\/\/bizeta-macchinehf.it\/fr\/applications\/"]}]},{"@type":"BreadcrumbList","@id":"https:\/\/bizeta-macchinehf.it\/fr\/applications\/#breadcrumb","itemListElement":[{"@type":"ListItem","position":1,"name":"Home","item":"https:\/\/bizeta-macchinehf.it\/fr\/"},{"@type":"ListItem","position":2,"name":"Applications"}]},{"@type":"WebSite","@id":"https:\/\/bizeta-macchinehf.it\/#website","url":"https:\/\/bizeta-macchinehf.it\/","name":"Bizeta","description":"Welding Machines High Frequency","potentialAction":[{"@type":"SearchAction","target":{"@type":"EntryPoint","urlTemplate":"https:\/\/bizeta-macchinehf.it\/?s={search_term_string}"},"query-input":{"@type":"PropertyValueSpecification","valueRequired":true,"valueName":"search_term_string"}}],"inLanguage":"fr-FR"}]}},"_links":{"self":[{"href":"https:\/\/bizeta-macchinehf.it\/fr\/wp-json\/wp\/v2\/pages\/5281","targetHints":{"allow":["GET"]}}],"collection":[{"href":"https:\/\/bizeta-macchinehf.it\/fr\/wp-json\/wp\/v2\/pages"}],"about":[{"href":"https:\/\/bizeta-macchinehf.it\/fr\/wp-json\/wp\/v2\/types\/page"}],"author":[{"embeddable":true,"href":"https:\/\/bizeta-macchinehf.it\/fr\/wp-json\/wp\/v2\/users\/2"}],"replies":[{"embeddable":true,"href":"https:\/\/bizeta-macchinehf.it\/fr\/wp-json\/wp\/v2\/comments?post=5281"}],"version-history":[{"count":20,"href":"https:\/\/bizeta-macchinehf.it\/fr\/wp-json\/wp\/v2\/pages\/5281\/revisions"}],"predecessor-version":[{"id":5466,"href":"https:\/\/bizeta-macchinehf.it\/fr\/wp-json\/wp\/v2\/pages\/5281\/revisions\/5466"}],"wp:attachment":[{"href":"https:\/\/bizeta-macchinehf.it\/fr\/wp-json\/wp\/v2\/media?parent=5281"}],"curies":[{"name":"wp","href":"https:\/\/api.w.org\/{rel}","templated":true}]}}