{"id":5288,"date":"2025-02-25T11:22:48","date_gmt":"2025-02-25T10:22:48","guid":{"rendered":"https:\/\/bizeta-macchinehf.it\/?page_id=5288"},"modified":"2025-04-03T10:06:27","modified_gmt":"2025-04-03T08:06:27","slug":"home","status":"publish","type":"page","link":"https:\/\/bizeta-macchinehf.it\/fr\/","title":{"rendered":"Home"},"content":{"rendered":"<div class=\"wpb-content-wrapper\"><p>[vc_row full_width=\u00a0\u00bbstretch_row\u00a0\u00bb equal_height=\u00a0\u00bbyes\u00a0\u00bb content_placement=\u00a0\u00bbmiddle\u00a0\u00bb css=\u00a0\u00bb.vc_custom_1743666164989{background-color: #FFFFFF00 !important;}\u00a0\u00bb el_id=\u00a0\u00bbmachines-a-souder-haute-frequence\u00a0\u00bb][vc_column width=\u00a0\u00bb1\/2&Prime;][vc_column_text css=\u00a0\u00bb\u00a0\u00bb]<\/p>\n<h1 style=\"font-size: 38px;\">Bizeta machines \u00e0 haute fr\u00e9quence \u00e0 souder et d\u00e9couper Made in Italy<\/h1>\n<p>[\/vc_column_text][vc_column_text css=\u00a0\u00bb\u00a0\u00bb]L&rsquo;avant-garde dans la conception et la construction sur mesure de machines \u00e0 haute fr\u00e9quence pour des finitions soign\u00e9es sur cuir et mati\u00e8res synth\u00e9tiques.<\/p>\n<p>Construction de presses pour marquage \u00e0 chaud sur cuir et tissus.[\/vc_column_text][vc_row_inner][vc_column_inner width=\u00a0\u00bb1\/2&Prime;][vc_btn title=\u00a0\u00bbMachines \u00e0 souder et d\u00e9couper hf\u00a0\u00bb style=\u00a0\u00bbcustom\u00a0\u00bb custom_background=\u00a0\u00bb#EB212E\u00a0\u00bb custom_text=\u00a0\u00bb#FFFFFF\u00a0\u00bb shape=\u00a0\u00bbsquare\u00a0\u00bb size=\u00a0\u00bblg\u00a0\u00bb css=\u00a0\u00bb\u00a0\u00bb link=\u00a0\u00bburl:%2Ffr%2Fmachine-hf-a-souder-et-decouper%2F\u00a0\u00bb][\/vc_column_inner][vc_column_inner width=\u00a0\u00bb1\/2&Prime;][vc_btn title=\u00a0\u00bbMachines \u00e0 souder hf\u00a0\u00bb style=\u00a0\u00bbcustom\u00a0\u00bb custom_background=\u00a0\u00bb#EB212E\u00a0\u00bb custom_text=\u00a0\u00bb#FFFFFF\u00a0\u00bb shape=\u00a0\u00bbsquare\u00a0\u00bb size=\u00a0\u00bblg\u00a0\u00bb css=\u00a0\u00bb\u00a0\u00bb link=\u00a0\u00bburl:%2Ffr%2Fmachine-hf-a-souder%2F\u00a0\u00bb][\/vc_column_inner][\/vc_row_inner][\/vc_column][vc_column width=\u00a0\u00bb1\/2&Prime;][vc_single_image image=\u00a0\u00bb4687&Prime; img_size=\u00a0\u00bbfull\u00a0\u00bb alignment=\u00a0\u00bbcenter\u00a0\u00bb css=\u00a0\u00bb\u00a0\u00bb][\/vc_column][\/vc_row][vc_row css_animation=\u00a0\u00bbnone\u00a0\u00bb css=\u00a0\u00bb.vc_custom_1738317593510{padding-top: 10px !important;padding-bottom: 10px !important;background-color: #EB212E00 !important;background-position: center !important;background-repeat: no-repeat !important;background-size: cover !important;}\u00a0\u00bb][vc_column width=\u00a0\u00bb1\/3&Prime; css=\u00a0\u00bb.vc_custom_1738316295644{background-color: #EB212E !important;}\u00a0\u00bb][vc_column_text css=\u00a0\u00bb.vc_custom_1740479321361{margin-top: 0px !important;}\u00a0\u00bb]<\/p>\n<h3 style=\"text-align: center;\"><span style=\"color: #ffffff;\">Structures robustes <\/span><\/h3>\n<p style=\"color: #ffffff; text-align: center;\">pour garantir une haute pr\u00e9cision dans les processus de soudage et de gaufrage et\/ou de d\u00e9bossing<\/p>\n<p>[\/vc_column_text][\/vc_column][vc_column width=\u00a0\u00bb1\/3&Prime; css=\u00a0\u00bb.vc_custom_1738317176575{background-color: #B31B25 !important;}\u00a0\u00bb][vc_column_text css=\u00a0\u00bb.vc_custom_1740479384722{margin-top: 0px !important;}\u00a0\u00bb]<\/p>\n<h3 style=\"text-align: center; font-size: 23px;\"><span style=\"color: #ffffff;\">Plan de travail rotatif, mobile ou fix\u00e9 <\/span><\/h3>\n<p style=\"color: #ffffff; text-align: center;\">pour optimiser les temps de cycle de production et augmenter la productivit\u00e9 quotidienne<\/p>\n<p>[\/vc_column_text][\/vc_column][vc_column width=\u00a0\u00bb1\/3&Prime; css=\u00a0\u00bb.vc_custom_1738317156475{background-color: #EB212E !important;}\u00a0\u00bb][vc_column_text css=\u00a0\u00bb.vc_custom_1741340033471{margin-top: 0px !important;}\u00a0\u00bb]<\/p>\n<h3 style=\"text-align: center;\"><span style=\"color: #ffffff;\">Interface simple et intuitive <\/span><\/h3>\n<p style=\"color: #ffffff; text-align: center;\">avec interconnexion au r\u00e9seau de l&rsquo;entreprise et contr\u00f4le \u00e0 distance selon les normes de IDUSTRIE 4.0<\/p>\n<p>[\/vc_column_text][\/vc_column][\/vc_row][vc_row gap=\u00a0\u00bb25&Prime; content_placement=\u00a0\u00bbtop\u00a0\u00bb css_animation=\u00a0\u00bbnone\u00a0\u00bb css=\u00a0\u00bb.vc_custom_1743666186247{padding-top: 30px !important;}\u00a0\u00bb el_id=\u00a0\u00bbmodels-machines-hf\u00a0\u00bb][vc_column width=\u00a0\u00bb1\/3&Prime;][vc_single_image image=\u00a0\u00bb4337&Prime; img_size=\u00a0\u00bbmedium\u00a0\u00bb alignment=\u00a0\u00bbcenter\u00a0\u00bb onclick=\u00a0\u00bbcustom_link\u00a0\u00bb css_animation=\u00a0\u00bbnone\u00a0\u00bb css=\u00a0\u00bb.vc_custom_1740479409255{margin-bottom: 0px !important;}\u00a0\u00bb link=\u00a0\u00bb\/fr\/machine-hf-a-souder-et-decouper\/haute-frequence-rotative-bz-2550\/\u00a0\u00bb][vc_column_text css=\u00a0\u00bb.vc_custom_1741597193066{padding-top: 8px !important;padding-bottom: 8px !important;background-color: #eb212e !important;}\u00a0\u00bb]<\/p>\n<h2 style=\"text-align: center;\"><a href=\"\/fr\/machine-hf-a-souder-et-decouper\/haute-frequence-rotative-bz-2550\/\"><span style=\"color: #ffffff;\">Machine HF \u00e0 souder et d\u00e9couper BZ 2550<br \/>\nRotative<\/span><\/a><\/h2>\n<p>[\/vc_column_text][\/vc_column][vc_column width=\u00a0\u00bb1\/3&Prime;][vc_single_image image=\u00a0\u00bb694&Prime; img_size=\u00a0\u00bbmedium\u00a0\u00bb alignment=\u00a0\u00bbcenter\u00a0\u00bb onclick=\u00a0\u00bbcustom_link\u00a0\u00bb css=\u00a0\u00bb.vc_custom_1740479586201{margin-bottom: 0px !important;}\u00a0\u00bb link=\u00a0\u00bb\/fr\/machine-hf-a-souder-et-decouper\/haute-frequence-rotative-bz-2550t\/\u00a0\u00bb][vc_column_text css=\u00a0\u00bb.vc_custom_1741340167342{padding-top: 8px !important;padding-bottom: 8px !important;background-color: #eb212e !important;}\u00a0\u00bb]<\/p>\n<h2 style=\"text-align: center;\"><a href=\"\/fr\/machine-hf-a-souder-et-decouper\/haute-frequence-rotative-bz-2550t\/\"><span style=\"color: #ffffff;\">Machine HF \u00e0 souder et d\u00e9couper BZ 2550T Rotative<\/span><\/a><\/h2>\n<p>[\/vc_column_text][\/vc_column][vc_column width=\u00a0\u00bb1\/3&Prime;][vc_single_image image=\u00a0\u00bb565&Prime; img_size=\u00a0\u00bbmedium\u00a0\u00bb alignment=\u00a0\u00bbcenter\u00a0\u00bb onclick=\u00a0\u00bbcustom_link\u00a0\u00bb css=\u00a0\u00bb.vc_custom_1740480078831{margin-bottom: 0px !important;}\u00a0\u00bb link=\u00a0\u00bb\/fr\/machine-hf-a-souder-et-decouper\/haute-frequence-bz-50t-25-2-plans-mobiles\/\u00a0\u00bb][vc_column_text css=\u00a0\u00bb.vc_custom_1741340198786{padding-top: 8px !important;padding-bottom: 8px !important;background-color: #eb212e !important;}\u00a0\u00bb]<\/p>\n<h2 style=\"text-align: center;\"><a href=\"\/fr\/machine-hf-a-souder-et-decouper\/haute-frequence-bz-50t-25-2-plans-mobiles\/\"><span style=\"color: #ffffff;\">Machine HF \u00e0 souder et d\u00e9couper BZ 50T\/25-2 Plan mobile<\/span><\/a><\/h2>\n<p>[\/vc_column_text][\/vc_column][\/vc_row][vc_row gap=\u00a0\u00bb25&Prime; content_placement=\u00a0\u00bbtop\u00a0\u00bb css_animation=\u00a0\u00bbnone\u00a0\u00bb css=\u00a0\u00bb.vc_custom_1738318540924{padding-top: 30px !important;}\u00a0\u00bb el_id=\u00a0\u00bbrotative\u00a0\u00bb][vc_column width=\u00a0\u00bb1\/3&Prime;][vc_single_image image=\u00a0\u00bb697&Prime; img_size=\u00a0\u00bbmedium\u00a0\u00bb alignment=\u00a0\u00bbcenter\u00a0\u00bb onclick=\u00a0\u00bbcustom_link\u00a0\u00bb css=\u00a0\u00bb.vc_custom_1740480134426{margin-bottom: 0px !important;}\u00a0\u00bb link=\u00a0\u00bb\/fr\/machine-hf-a-souder\/haute-frequencer-bz-100-fixe\/\u00a0\u00bb][vc_column_text css=\u00a0\u00bb.vc_custom_1741340235287{padding-top: 8px !important;padding-bottom: 8px !important;background-color: #eb212e !important;}\u00a0\u00bb]<\/p>\n<h2 style=\"text-align: center;\"><a href=\"\/fr\/machine-hf-a-souder\/haute-frequencer-bz-100-fixe\/\"><span style=\"color: #ffffff;\">Machine HF \u00e0 souder BZ 100 Fixe<\/span><\/a><\/h2>\n<p>[\/vc_column_text][\/vc_column][vc_column width=\u00a0\u00bb1\/3&Prime;][vc_single_image image=\u00a0\u00bb695&Prime; img_size=\u00a0\u00bbmedium\u00a0\u00bb alignment=\u00a0\u00bbcenter\u00a0\u00bb onclick=\u00a0\u00bbcustom_link\u00a0\u00bb css=\u00a0\u00bb.vc_custom_1740480317550{margin-bottom: 0px !important;}\u00a0\u00bb link=\u00a0\u00bb\/fr\/machine-hf-a-souder\/rotative-haute-frequence-bz-250-i-3\/\u00a0\u00bb][vc_column_text css=\u00a0\u00bb.vc_custom_1741340257244{padding-top: 8px !important;padding-bottom: 8px !important;background-color: #eb212e !important;}\u00a0\u00bb]<\/p>\n<h2 style=\"text-align: center;\"><a href=\"\/fr\/machine-hf-a-souder\/rotative-haute-frequence-bz-250-i-3\/\"><span style=\"color: #ffffff;\">Machine HF \u00e0 souder BZ 250-I\/3 Rotative<\/span><\/a><\/h2>\n<p>[\/vc_column_text][\/vc_column][vc_column width=\u00a0\u00bb1\/3&Prime;][vc_single_image image=\u00a0\u00bb4620&Prime; img_size=\u00a0\u00bbmedium\u00a0\u00bb alignment=\u00a0\u00bbcenter\u00a0\u00bb onclick=\u00a0\u00bbcustom_link\u00a0\u00bb css=\u00a0\u00bb.vc_custom_1740480357278{margin-bottom: 0px !important;}\u00a0\u00bb link=\u00a0\u00bb\/fr\/presse-a-chaud-bz-300-ptn\/\u00a0\u00bb][vc_column_text css=\u00a0\u00bb.vc_custom_1740480399295{padding-top: 8px !important;padding-bottom: 8px !important;background-color: #eb212e !important;}\u00a0\u00bb]<\/p>\n<h2 style=\"text-align: center;\"><a href=\"\/fr\/presse-a-chaud-bz-300-ptn\/\"><span style=\"color: #ffffff;\">Presse pour marquage \u00e0 chaud BZ 300\/PTN<\/span><\/a><\/h2>\n<p>[\/vc_column_text][\/vc_column][\/vc_row][vc_row equal_height=\u00a0\u00bbyes\u00a0\u00bb css_animation=\u00a0\u00bbnone\u00a0\u00bb el_id=\u00a0\u00bbapplications-haute-frequence\u00a0\u00bb][vc_column width=\u00a0\u00bb1\/2&Prime;][vc_column_text css=\u00a0\u00bb\u00a0\u00bb]<\/p>\n<h2>\u00c0 qui s\u2019adressent les machines Bizeta?<\/h2>\n<p>Nos machines sont fabriqu\u00e9es pour les entreprises op\u00e9rant dans les secteurs:<\/p>\n<ul>\n<li><a href=\"\/fr\/applications\/maroquinerie-pour-la-haute-couture\/\">Articles en cuir pour la haute couture<\/a>;<\/li>\n<li><a href=\"\/fr\/applications\/secteur-des-chaussures\/\">Industrie de la chaussure<\/a>;<\/li>\n<li><a href=\"\/fr\/applications\/habillement\/\">Produits pour l\u2019habillement<\/a>;<\/li>\n<li><a href=\"\/fr\/applications\/articles-orthopediques-et-de-sante\/\">Industrie des articles orthop\u00e9diques et de sant\u00e9<\/a>;<\/li>\n<li><a href=\"\/fr\/applications\/traitement-et-emballage-du-papier\/\">Secteur de la transformation du papier et de l\u2019emballage<\/a>;<\/li>\n<li><a href=\"\/fr\/applications\/secteur-de-automobile\/\">Secteur de l\u2019automobile<\/a>;<\/li>\n<li><a href=\"\/fr\/applications\/sport-et-loisirs\/\">Sports et loisirs<\/a>;<\/li>\n<li><a href=\"\/fr\/applications\/bagages-et-sacs\/\">Bagages et sacs<\/a>;<\/li>\n<li>Secteur nautique.<\/li>\n<\/ul>\n<p>[\/vc_column_text][\/vc_column][vc_column width=\u00a0\u00bb1\/2&Prime; css=\u00a0\u00bb.vc_custom_1738320844941{margin-top: 30px !important;}\u00a0\u00bb][vc_video link=\u00a0\u00bbhttps:\/\/youtu.be\/sugtPvQDLG4&Prime; align=\u00a0\u00bbcenter\u00a0\u00bb css_animation=\u00a0\u00bbnone\u00a0\u00bb css=\u00a0\u00bb.vc_custom_1738320819966{margin-bottom: 0px !important;}\u00a0\u00bb][\/vc_column][\/vc_row][vc_row full_width=\u00a0\u00bbstretch_row\u00a0\u00bb css_animation=\u00a0\u00bbnone\u00a0\u00bb css=\u00a0\u00bb.vc_custom_1739270433835{background-color: #eb212e !important;}\u00a0\u00bb][vc_column][vc_column_text css=\u00a0\u00bb\u00a0\u00bb]<\/p>\n<h3 style=\"text-align: center; color: #fff;\">Souhaitez-vous plus d&rsquo;informations sur les machines \u00e0 haute fr\u00e9quence Bizeta?<\/h3>\n<p>[\/vc_column_text][vc_btn title=\u00a0\u00bbDemand\u00e9s info\u00a0\u00bb style=\u00a0\u00bbcustom\u00a0\u00bb custom_background=\u00a0\u00bb#ffffff\u00a0\u00bb custom_text=\u00a0\u00bb#020202&Prime; shape=\u00a0\u00bbsquare\u00a0\u00bb size=\u00a0\u00bblg\u00a0\u00bb align=\u00a0\u00bbcenter\u00a0\u00bb css=\u00a0\u00bb\u00a0\u00bb link=\u00a0\u00bburl:%2Ffr%2F%23domandes-info\u00a0\u00bb el_class=\u00a0\u00bbscroll\u00a0\u00bb][\/vc_column][\/vc_row][vc_row equal_height=\u00a0\u00bbyes\u00a0\u00bb content_placement=\u00a0\u00bbmiddle\u00a0\u00bb css_animation=\u00a0\u00bbnone\u00a0\u00bb el_id=\u00a0\u00bbenterprise\u00a0\u00bb][vc_column width=\u00a0\u00bb1\/2&Prime;][vc_video link=\u00a0\u00bbhttps:\/\/youtu.be\/6hlYomZCpNA\u00a0\u00bb css=\u00a0\u00bb.vc_custom_1738575676731{margin-bottom: 0px !important;}\u00a0\u00bb][\/vc_column][vc_column width=\u00a0\u00bb1\/2&Prime;][vc_column_text css=\u00a0\u00bb\u00a0\u00bb]<\/p>\n<h2>Bizeta srl depuis 1976<\/h2>\n<p>BIZETA srl depuis presque 50 ans con\u00e7oit et construit machines \u00e0 haute fr\u00e9quence pour la soudure ou la soudure et le d\u00e9coupage, offrant des solutions personnalis\u00e9es et innovantes pour l&rsquo;am\u00e9lioration des processus de production.<\/p>\n<p>Gr\u00e2ce \u00e0 une <a href=\"\/fr\/enterprise\/\">longue exp\u00e9rience<\/a> dans cette industrie et de recherche continue, nous garantissons l&rsquo;efficacit\u00e9 et la qualit\u00e9 du Made in Italy pour <strong>le<\/strong> <strong>march\u00e9<\/strong> <strong>national<\/strong> <strong>et<\/strong> <strong>international<\/strong>.<\/p>\n<p>Nous proposons un service d&rsquo;assistance apr\u00e8s-vente d\u00e9di\u00e9 aux entreprises nos clients, garantissant un support constant et des solutions rapides.[\/vc_column_text][\/vc_column][\/vc_row][vc_row full_width=\u00a0\u00bbstretch_row\u00a0\u00bb css=\u00a0\u00bb.vc_custom_1740480717558{background-color: #dd3333 !important;}\u00a0\u00bb el_id=\u00a0\u00bbdomandes-info\u00a0\u00bb][vc_column width=\u00a0\u00bb1\/4&Prime;][\/vc_column][vc_column width=\u00a0\u00bb1\/2&Prime;][vc_column_text css=\u00a0\u00bb\u00a0\u00bb]<\/p>\n<h3 style=\"text-align: center;\"><span style=\"color: #fff;\">Remplissez le formulaire pour plus d\u2019informations<\/span><\/h3>\n<p>[\/vc_column_text]\n<div class=\"wpcf7 no-js\" id=\"wpcf7-f5524-o1\" lang=\"it-IT\" dir=\"ltr\" data-wpcf7-id=\"5524\">\n<div class=\"screen-reader-response\"><p role=\"status\" aria-live=\"polite\" aria-atomic=\"true\"><\/p> <ul><\/ul><\/div>\n<form action=\"\/fr\/wp-json\/wp\/v2\/pages\/5288#wpcf7-f5524-o1\" method=\"post\" class=\"wpcf7-form init\" aria-label=\"Modulo di contatto\" novalidate=\"novalidate\" data-status=\"init\">\n<fieldset class=\"hidden-fields-container\"><input type=\"hidden\" name=\"_wpcf7\" value=\"5524\" \/><input type=\"hidden\" name=\"_wpcf7_version\" value=\"6.1.5\" \/><input type=\"hidden\" name=\"_wpcf7_locale\" value=\"it_IT\" \/><input type=\"hidden\" name=\"_wpcf7_unit_tag\" value=\"wpcf7-f5524-o1\" \/><input type=\"hidden\" name=\"_wpcf7_container_post\" value=\"0\" \/><input type=\"hidden\" name=\"_wpcf7_posted_data_hash\" value=\"\" \/><input type=\"hidden\" name=\"_wpcf7_recaptcha_response\" value=\"\" \/>\n<\/fieldset>\n<div class=\"form-contatto-colonna-1\">\n\t<p><span class=\"wpcf7-form-control-wrap\" data-name=\"nome\"><input size=\"40\" maxlength=\"400\" class=\"wpcf7-form-control wpcf7-text wpcf7-validates-as-required\" id=\"nome\" aria-required=\"true\" aria-invalid=\"false\" placeholder=\"NOM*\" value=\"\" type=\"text\" name=\"nome\" \/><\/span>\n\t<\/p>\n\t<p><span class=\"wpcf7-form-control-wrap\" data-name=\"your-societa\"><input size=\"40\" maxlength=\"400\" class=\"wpcf7-form-control wpcf7-text wpcf7-validates-as-required\" id=\"your-societa\" aria-required=\"true\" aria-invalid=\"false\" placeholder=\"SOCI\u00c9T\u00c9*\" value=\"\" type=\"text\" name=\"your-societa\" \/><\/span>\n\t<\/p>\n\t<p><span class=\"wpcf7-form-control-wrap\" data-name=\"your-email\"><input size=\"40\" maxlength=\"400\" class=\"wpcf7-form-control wpcf7-email wpcf7-validates-as-required wpcf7-text wpcf7-validates-as-email\" id=\"your-email\" aria-required=\"true\" aria-invalid=\"false\" placeholder=\"EMAIL*\" value=\"\" type=\"email\" name=\"your-email\" \/><\/span>\n\t<\/p>\n<\/div>\n<div class=\"form-contatto-colonna-2\">\n\t<p><span class=\"wpcf7-form-control-wrap\" data-name=\"your-cognome\"><input size=\"40\" maxlength=\"400\" class=\"wpcf7-form-control wpcf7-text wpcf7-validates-as-required\" id=\"your-cognome\" aria-required=\"true\" aria-invalid=\"false\" placeholder=\"PR\u00c9NOM*\" value=\"\" type=\"text\" name=\"your-cognome\" \/><\/span>\n\t<\/p>\n\t<p><span class=\"wpcf7-form-control-wrap\" data-name=\"your-stato\"><input size=\"40\" maxlength=\"400\" class=\"wpcf7-form-control wpcf7-text wpcf7-validates-as-required\" id=\"your-stato\" aria-required=\"true\" aria-invalid=\"false\" placeholder=\"NATION*\" value=\"\" type=\"text\" name=\"your-stato\" \/><\/span>\n\t<\/p>\n\t<p><span class=\"wpcf7-form-control-wrap\" data-name=\"tel-407\"><input size=\"40\" maxlength=\"400\" class=\"wpcf7-form-control wpcf7-tel wpcf7-text wpcf7-validates-as-tel\" id=\"tel-407\" aria-invalid=\"false\" placeholder=\"T\u00c9L\u00c9PHONE\" value=\"\" type=\"tel\" name=\"tel-407\" \/><\/span>\n\t<\/p>\n<\/div>\n<div class=\"form-contatto-colonna-unica\" style=\"margin-bottom:20px;\">\n\t<p><span class=\"wpcf7-form-control-wrap\" data-name=\"textarea-840\"><textarea cols=\"40\" rows=\"10\" maxlength=\"2000\" class=\"wpcf7-form-control wpcf7-textarea\" aria-invalid=\"false\" placeholder=\"MESSAGE\" name=\"textarea-840\"><\/textarea><\/span>\n\t<\/p>\n<\/div>\n<p>(*) Afin d'envoyer votre demande, vous devez accepter l'utilisation de vos donn\u00e9es conform\u00e9ment \u00e0 la politique de confidentialit\u00e9 de ce site.\n<\/p>\n<p><span class=\"wpcf7-form-control-wrap\" data-name=\"acceptance-670\"><span class=\"wpcf7-form-control wpcf7-acceptance\"><span class=\"wpcf7-list-item\"><input type=\"checkbox\" name=\"acceptance-670\" value=\"1\" aria-invalid=\"false\" \/><\/span><\/span><\/span> J'ai lu et j'accepte les <a style=\"color:#020202;\" href=\"\/fr\/privacy-policy\/\" title=\"Politique de Confidentialit\u00e9\">Politique de Confidentialit\u00e9<\/a>.\n<\/p>\n<p style=\"text-align:center;\"><input class=\"wpcf7-form-control wpcf7-submit has-spinner\" type=\"submit\" value=\"ENVOYER\" \/>\n<\/p><input type='hidden' class='wpcf7-pum' value='{\"closepopup\":false,\"closedelay\":0,\"openpopup\":false,\"openpopup_id\":0}' \/><div class=\"wpcf7-response-output\" aria-hidden=\"true\"><\/div>\n<\/form>\n<\/div>\n[\/vc_column][vc_column width=\u00a0\u00bb1\/4&Prime;][\/vc_column][\/vc_row]<\/p>\n<\/div>","protected":false},"excerpt":{"rendered":"<p>[vc_row full_width=\u00a0\u00bbstretch_row\u00a0\u00bb equal_height=\u00a0\u00bbyes\u00a0\u00bb content_placement=\u00a0\u00bbmiddle\u00a0\u00bb css=\u00a0\u00bb.vc_custom_1743666164989{background-color: #FFFFFF00 !important;}\u00a0\u00bb el_id=\u00a0\u00bbmachines-a-souder-haute-frequence\u00a0\u00bb][vc_column width=\u00a0\u00bb1\/2&Prime;][vc_column_text css=\u00a0\u00bb\u00a0\u00bb] Bizeta machines \u00e0 haute fr\u00e9quence \u00e0 souder et d\u00e9couper Made in Italy [\/vc_column_text][vc_column_text css=\u00a0\u00bb\u00a0\u00bb]L&rsquo;avant-garde dans la<span class=\"excerpt-hellip\"> [\u2026]<\/span><\/p>\n","protected":false},"author":2,"featured_media":0,"parent":0,"menu_order":0,"comment_status":"closed","ping_status":"closed","template":"","meta":{"_acf_changed":false,"footnotes":""},"class_list":["post-5288","page","type-page","status-publish","hentry"],"acf":[],"yoast_head":"<!-- This site is optimized with the Yoast SEO plugin v26.9 - https:\/\/yoast.com\/product\/yoast-seo-wordpress\/ -->\n<title>Home | Bizeta<\/title>\n<meta name=\"robots\" content=\"index, follow, max-snippet:-1, max-image-preview:large, max-video-preview:-1\" \/>\n<link rel=\"canonical\" href=\"https:\/\/bizeta-macchinehf.it\/fr\/\" \/>\n<meta property=\"og:locale\" content=\"fr_FR\" \/>\n<meta property=\"og:type\" content=\"article\" \/>\n<meta property=\"og:title\" content=\"Home | Bizeta\" \/>\n<meta property=\"og:description\" content=\"[vc_row full_width=\u00a0\u00bbstretch_row\u00a0\u00bb equal_height=\u00a0\u00bbyes\u00a0\u00bb content_placement=\u00a0\u00bbmiddle\u00a0\u00bb css=\u00a0\u00bb.vc_custom_1743666164989{background-color: #FFFFFF00 !important;}\u00a0\u00bb el_id=\u00a0\u00bbmachines-a-souder-haute-frequence\u00a0\u00bb][vc_column width=\u00a0\u00bb1\/2&Prime;][vc_column_text css=\u00a0\u00bb\u00a0\u00bb] Bizeta machines \u00e0 haute fr\u00e9quence \u00e0 souder et d\u00e9couper Made in Italy [\/vc_column_text][vc_column_text css=\u00a0\u00bb\u00a0\u00bb]L&rsquo;avant-garde dans la [\u2026]\" \/>\n<meta property=\"og:url\" content=\"https:\/\/bizeta-macchinehf.it\/fr\/\" \/>\n<meta property=\"og:site_name\" content=\"Bizeta\" \/>\n<meta property=\"article:modified_time\" content=\"2025-04-03T08:06:27+00:00\" \/>\n<meta name=\"twitter:card\" content=\"summary_large_image\" \/>\n<meta name=\"twitter:label1\" content=\"Dur\u00e9e de lecture estim\u00e9e\" \/>\n\t<meta name=\"twitter:data1\" content=\"4 minutes\" \/>\n<script type=\"application\/ld+json\" class=\"yoast-schema-graph\">{\"@context\":\"https:\/\/schema.org\",\"@graph\":[{\"@type\":\"WebPage\",\"@id\":\"https:\/\/bizeta-macchinehf.it\/fr\/\",\"url\":\"https:\/\/bizeta-macchinehf.it\/fr\/\",\"name\":\"Home | Bizeta\",\"isPartOf\":{\"@id\":\"https:\/\/bizeta-macchinehf.it\/#website\"},\"datePublished\":\"2025-02-25T10:22:48+00:00\",\"dateModified\":\"2025-04-03T08:06:27+00:00\",\"breadcrumb\":{\"@id\":\"https:\/\/bizeta-macchinehf.it\/fr\/#breadcrumb\"},\"inLanguage\":\"fr-FR\",\"potentialAction\":[{\"@type\":\"ReadAction\",\"target\":[\"https:\/\/bizeta-macchinehf.it\/fr\/\"]}]},{\"@type\":\"BreadcrumbList\",\"@id\":\"https:\/\/bizeta-macchinehf.it\/fr\/#breadcrumb\",\"itemListElement\":[{\"@type\":\"ListItem\",\"position\":1,\"name\":\"Home\",\"item\":\"https:\/\/bizeta-macchinehf.it\/fr\/\"},{\"@type\":\"ListItem\",\"position\":2,\"name\":\"Home\"}]},{\"@type\":\"WebSite\",\"@id\":\"https:\/\/bizeta-macchinehf.it\/#website\",\"url\":\"https:\/\/bizeta-macchinehf.it\/\",\"name\":\"Bizeta\",\"description\":\"Welding Machines High Frequency\",\"potentialAction\":[{\"@type\":\"SearchAction\",\"target\":{\"@type\":\"EntryPoint\",\"urlTemplate\":\"https:\/\/bizeta-macchinehf.it\/?s={search_term_string}\"},\"query-input\":{\"@type\":\"PropertyValueSpecification\",\"valueRequired\":true,\"valueName\":\"search_term_string\"}}],\"inLanguage\":\"fr-FR\"}]}<\/script>\n<!-- \/ Yoast SEO plugin. -->","yoast_head_json":{"title":"Home | Bizeta","robots":{"index":"index","follow":"follow","max-snippet":"max-snippet:-1","max-image-preview":"max-image-preview:large","max-video-preview":"max-video-preview:-1"},"canonical":"https:\/\/bizeta-macchinehf.it\/fr\/","og_locale":"fr_FR","og_type":"article","og_title":"Home | Bizeta","og_description":"[vc_row full_width=\u00a0\u00bbstretch_row\u00a0\u00bb equal_height=\u00a0\u00bbyes\u00a0\u00bb content_placement=\u00a0\u00bbmiddle\u00a0\u00bb css=\u00a0\u00bb.vc_custom_1743666164989{background-color: #FFFFFF00 !important;}\u00a0\u00bb el_id=\u00a0\u00bbmachines-a-souder-haute-frequence\u00a0\u00bb][vc_column width=\u00a0\u00bb1\/2&Prime;][vc_column_text css=\u00a0\u00bb\u00a0\u00bb] Bizeta machines \u00e0 haute fr\u00e9quence \u00e0 souder et d\u00e9couper Made in Italy [\/vc_column_text][vc_column_text css=\u00a0\u00bb\u00a0\u00bb]L&rsquo;avant-garde dans la [\u2026]","og_url":"https:\/\/bizeta-macchinehf.it\/fr\/","og_site_name":"Bizeta","article_modified_time":"2025-04-03T08:06:27+00:00","twitter_card":"summary_large_image","twitter_misc":{"Dur\u00e9e de lecture estim\u00e9e":"4 minutes"},"schema":{"@context":"https:\/\/schema.org","@graph":[{"@type":"WebPage","@id":"https:\/\/bizeta-macchinehf.it\/fr\/","url":"https:\/\/bizeta-macchinehf.it\/fr\/","name":"Home | Bizeta","isPartOf":{"@id":"https:\/\/bizeta-macchinehf.it\/#website"},"datePublished":"2025-02-25T10:22:48+00:00","dateModified":"2025-04-03T08:06:27+00:00","breadcrumb":{"@id":"https:\/\/bizeta-macchinehf.it\/fr\/#breadcrumb"},"inLanguage":"fr-FR","potentialAction":[{"@type":"ReadAction","target":["https:\/\/bizeta-macchinehf.it\/fr\/"]}]},{"@type":"BreadcrumbList","@id":"https:\/\/bizeta-macchinehf.it\/fr\/#breadcrumb","itemListElement":[{"@type":"ListItem","position":1,"name":"Home","item":"https:\/\/bizeta-macchinehf.it\/fr\/"},{"@type":"ListItem","position":2,"name":"Home"}]},{"@type":"WebSite","@id":"https:\/\/bizeta-macchinehf.it\/#website","url":"https:\/\/bizeta-macchinehf.it\/","name":"Bizeta","description":"Welding Machines High Frequency","potentialAction":[{"@type":"SearchAction","target":{"@type":"EntryPoint","urlTemplate":"https:\/\/bizeta-macchinehf.it\/?s={search_term_string}"},"query-input":{"@type":"PropertyValueSpecification","valueRequired":true,"valueName":"search_term_string"}}],"inLanguage":"fr-FR"}]}},"_links":{"self":[{"href":"https:\/\/bizeta-macchinehf.it\/fr\/wp-json\/wp\/v2\/pages\/5288","targetHints":{"allow":["GET"]}}],"collection":[{"href":"https:\/\/bizeta-macchinehf.it\/fr\/wp-json\/wp\/v2\/pages"}],"about":[{"href":"https:\/\/bizeta-macchinehf.it\/fr\/wp-json\/wp\/v2\/types\/page"}],"author":[{"embeddable":true,"href":"https:\/\/bizeta-macchinehf.it\/fr\/wp-json\/wp\/v2\/users\/2"}],"replies":[{"embeddable":true,"href":"https:\/\/bizeta-macchinehf.it\/fr\/wp-json\/wp\/v2\/comments?post=5288"}],"version-history":[{"count":37,"href":"https:\/\/bizeta-macchinehf.it\/fr\/wp-json\/wp\/v2\/pages\/5288\/revisions"}],"predecessor-version":[{"id":5528,"href":"https:\/\/bizeta-macchinehf.it\/fr\/wp-json\/wp\/v2\/pages\/5288\/revisions\/5528"}],"wp:attachment":[{"href":"https:\/\/bizeta-macchinehf.it\/fr\/wp-json\/wp\/v2\/media?parent=5288"}],"curies":[{"name":"wp","href":"https:\/\/api.w.org\/{rel}","templated":true}]}}