{"id":5327,"date":"2025-02-26T11:14:49","date_gmt":"2025-02-26T10:14:49","guid":{"rendered":"https:\/\/bizeta-macchinehf.it\/?page_id=5327"},"modified":"2025-03-07T10:51:42","modified_gmt":"2025-03-07T09:51:42","slug":"maroquinerie-pour-la-haute-couture","status":"publish","type":"page","link":"https:\/\/bizeta-macchinehf.it\/fr\/applications\/maroquinerie-pour-la-haute-couture\/","title":{"rendered":"Maroquinerie pour la haute couture"},"content":{"rendered":"<div class=\"wpb-content-wrapper\"><p>[vc_row gap=\u00a0\u00bb25&Prime; css_animation=\u00a0\u00bbnone\u00a0\u00bb css=\u00a0\u00bb.vc_custom_1738574475135{padding-top: 30px !important;}\u00a0\u00bb][vc_column width=\u00a0\u00bb1\/2&Prime;][vc_images_carousel images=\u00a0\u00bb3597,773,775,776&Prime; img_size=\u00a0\u00bb1400&#215;1050&Prime; speed=\u00a0\u00bb3000&Prime; autoplay=\u00a0\u00bbyes\u00a0\u00bb wrap=\u00a0\u00bbyes\u00a0\u00bb][\/vc_column][vc_column width=\u00a0\u00bb1\/2&Prime;][vc_column_text css=\u00a0\u00bb\u00a0\u00bb]Soudure et d\u00e9coupage \u00e0 haute fr\u00e9quence de maroquinerie coupl\u00e9e tels que des \u00e9tuis, des porte-documents et des supports pour t\u00e9l\u00e9phones portables de diff\u00e9rentes tailles, proc\u00e9d\u00e9s sp\u00e9ciaux sur des parties de chaussures telles que des tiges et des semelles int\u00e9rieures.<\/p>\n<ul>\n<li>Sacset portefeuilles;<\/li>\n<li>Ceintures;<\/li>\n<li>Bracelets de montre;<\/li>\n<li>Cas;<\/li>\n<li>Porte-documents;<\/li>\n<li>Supports de t\u00e9l\u00e9phone portable;<\/li>\n<li>Pochettes pour documents;<\/li>\n<li>Trousse \u00e0 cosm\u00e9tiques.<\/li>\n<\/ul>\n<p>[\/vc_column_text][\/vc_column][\/vc_row][vc_row css_animation=\u00a0\u00bbnone\u00a0\u00bb][vc_column][vc_separator color=\u00a0\u00bbcustom\u00a0\u00bb accent_color=\u00a0\u00bb#eb212e\u00a0\u00bb][\/vc_column][\/vc_row][vc_row css_animation=\u00a0\u00bbnone\u00a0\u00bb][vc_column][vc_column_text css=\u00a0\u00bb\u00a0\u00bb]<\/p>\n<h2 style=\"text-align: center;\">Machine \u00e0 haute fr\u00e9quence<\/h2>\n<p>[\/vc_column_text][\/vc_column][\/vc_row][vc_row gap=\u00a0\u00bb25&Prime; equal_height=\u00a0\u00bbyes\u00a0\u00bb content_placement=\u00a0\u00bbtop\u00a0\u00bb css_animation=\u00a0\u00bbnone\u00a0\u00bb][vc_column width=\u00a0\u00bb1\/3&Prime;][vc_single_image image=\u00a0\u00bb694&Prime; img_size=\u00a0\u00bbmedium\u00a0\u00bb alignment=\u00a0\u00bbcenter\u00a0\u00bb onclick=\u00a0\u00bbcustom_link\u00a0\u00bb css=\u00a0\u00bb\u00a0\u00bb link=\u00a0\u00bb\/fr\/machine-hf-a-souder-et-decouper\/haute-frequence-rotative-bz-2550t\/\u00a0\u00bb][vc_column_text css=\u00a0\u00bb.vc_custom_1740565026649{padding-top: 8px !important;padding-bottom: 8px !important;background-color: #eb212e !important;}\u00a0\u00bb]<\/p>\n<h4 style=\"text-align: center;\"><a href=\"\/fr\/machine-hf-a-souder-et-decouper\/haute-frequence-rotative-bz-2550t\/\"><span style=\"color: #ffffff;\">Machine \u00e0 souder et d\u00e9couper rotative BZ 2550T<\/span><\/a><\/h4>\n<p>[\/vc_column_text][\/vc_column][vc_column width=\u00a0\u00bb1\/3&Prime;][vc_single_image image=\u00a0\u00bb4337&Prime; img_size=\u00a0\u00bbmedium\u00a0\u00bb alignment=\u00a0\u00bbcenter\u00a0\u00bb onclick=\u00a0\u00bbcustom_link\u00a0\u00bb css=\u00a0\u00bb\u00a0\u00bb link=\u00a0\u00bb\/fr\/machine-hf-a-souder-et-decouper\/haute-frequence-rotative-bz-2550\/\u00a0\u00bb][vc_column_text css=\u00a0\u00bb.vc_custom_1740565074951{padding-top: 8px !important;padding-bottom: 8px !important;background-color: #eb212e !important;}\u00a0\u00bb]<\/p>\n<h4 style=\"text-align: center;\"><span style=\"color: #ffffff;\"><a style=\"color: #ffffff;\" href=\"\/fr\/machine-hf-a-souder-et-decouper\/haute-frequence-rotative-bz-2550\/\">Machine \u00e0 souder et d\u00e9couper rotative BZ 2550<\/a><\/span><\/h4>\n<p>[\/vc_column_text][\/vc_column][vc_column width=\u00a0\u00bb1\/3&Prime;][vc_single_image image=\u00a0\u00bb565&Prime; img_size=\u00a0\u00bbmedium\u00a0\u00bb alignment=\u00a0\u00bbcenter\u00a0\u00bb onclick=\u00a0\u00bbcustom_link\u00a0\u00bb css=\u00a0\u00bb\u00a0\u00bb link=\u00a0\u00bb\/fr\/machine-hf-a-souder-et-decouper\/haute-frequence-bz-50t-25-2-plans-mobiles\/\u00a0\u00bb][vc_column_text css=\u00a0\u00bb.vc_custom_1740565122551{padding-top: 8px !important;padding-bottom: 8px !important;background-color: #eb212e !important;}\u00a0\u00bb]<\/p>\n<h4 style=\"text-align: center;\"><span style=\"color: #ffffff;\"><a style=\"color: #ffffff;\" href=\"\/fr\/machine-hf-a-souder-et-decouper\/haute-frequence-bz-50t-25-2-plans-mobiles\/\">Machine \u00e0 souder et d\u00e9couper plans mobiles BZ 50T\/25-2<\/a><\/span><\/h4>\n<p>[\/vc_column_text][\/vc_column][\/vc_row][vc_row][vc_column][vc_column_text][\/vc_column_text][\/vc_column][\/vc_row]<\/p>\n<\/div>","protected":false},"excerpt":{"rendered":"<p>[vc_row gap=\u00a0\u00bb25&Prime; css_animation=\u00a0\u00bbnone\u00a0\u00bb css=\u00a0\u00bb.vc_custom_1738574475135{padding-top: 30px !important;}\u00a0\u00bb][vc_column width=\u00a0\u00bb1\/2&Prime;][vc_images_carousel images=\u00a0\u00bb3597,773,775,776&Prime; img_size=\u00a0\u00bb1400&#215;1050&Prime; speed=\u00a0\u00bb3000&Prime; autoplay=\u00a0\u00bbyes\u00a0\u00bb wrap=\u00a0\u00bbyes\u00a0\u00bb][\/vc_column][vc_column width=\u00a0\u00bb1\/2&Prime;][vc_column_text css=\u00a0\u00bb\u00a0\u00bb]Soudure et d\u00e9coupage \u00e0 haute fr\u00e9quence de maroquinerie coupl\u00e9e tels que des \u00e9tuis,<span class=\"excerpt-hellip\"> [\u2026]<\/span><\/p>\n","protected":false},"author":2,"featured_media":0,"parent":5281,"menu_order":0,"comment_status":"closed","ping_status":"closed","template":"","meta":{"_acf_changed":false,"footnotes":""},"class_list":["post-5327","page","type-page","status-publish","hentry"],"acf":[],"yoast_head":"<!-- This site is optimized with the Yoast SEO plugin v26.9 - https:\/\/yoast.com\/product\/yoast-seo-wordpress\/ -->\n<title>Maroquinerie pour la haute couture | Bizeta<\/title>\n<meta name=\"robots\" content=\"index, follow, max-snippet:-1, max-image-preview:large, max-video-preview:-1\" \/>\n<link rel=\"canonical\" href=\"https:\/\/bizeta-macchinehf.it\/fr\/applications\/maroquinerie-pour-la-haute-couture\/\" \/>\n<meta property=\"og:locale\" content=\"fr_FR\" \/>\n<meta property=\"og:type\" content=\"article\" \/>\n<meta property=\"og:title\" content=\"Maroquinerie pour la haute couture | Bizeta\" \/>\n<meta property=\"og:description\" content=\"[vc_row gap=\u00a0\u00bb25&Prime; css_animation=\u00a0\u00bbnone\u00a0\u00bb css=\u00a0\u00bb.vc_custom_1738574475135{padding-top: 30px !important;}\u00a0\u00bb][vc_column width=\u00a0\u00bb1\/2&Prime;][vc_images_carousel images=\u00a0\u00bb3597,773,775,776&Prime; img_size=\u00a0\u00bb1400&#215;1050&Prime; speed=\u00a0\u00bb3000&Prime; autoplay=\u00a0\u00bbyes\u00a0\u00bb wrap=\u00a0\u00bbyes\u00a0\u00bb][\/vc_column][vc_column width=\u00a0\u00bb1\/2&Prime;][vc_column_text css=\u00a0\u00bb\u00a0\u00bb]Soudure et d\u00e9coupage \u00e0 haute fr\u00e9quence de maroquinerie coupl\u00e9e tels que des \u00e9tuis, [\u2026]\" \/>\n<meta property=\"og:url\" content=\"https:\/\/bizeta-macchinehf.it\/fr\/applications\/maroquinerie-pour-la-haute-couture\/\" \/>\n<meta property=\"og:site_name\" content=\"Bizeta\" \/>\n<meta property=\"article:modified_time\" content=\"2025-03-07T09:51:42+00:00\" \/>\n<meta name=\"twitter:card\" content=\"summary_large_image\" \/>\n<meta name=\"twitter:label1\" content=\"Dur\u00e9e de lecture estim\u00e9e\" \/>\n\t<meta name=\"twitter:data1\" content=\"3 minutes\" \/>\n<script type=\"application\/ld+json\" class=\"yoast-schema-graph\">{\"@context\":\"https:\/\/schema.org\",\"@graph\":[{\"@type\":\"WebPage\",\"@id\":\"https:\/\/bizeta-macchinehf.it\/fr\/applications\/maroquinerie-pour-la-haute-couture\/\",\"url\":\"https:\/\/bizeta-macchinehf.it\/fr\/applications\/maroquinerie-pour-la-haute-couture\/\",\"name\":\"Maroquinerie pour la haute couture | Bizeta\",\"isPartOf\":{\"@id\":\"https:\/\/bizeta-macchinehf.it\/#website\"},\"datePublished\":\"2025-02-26T10:14:49+00:00\",\"dateModified\":\"2025-03-07T09:51:42+00:00\",\"breadcrumb\":{\"@id\":\"https:\/\/bizeta-macchinehf.it\/fr\/applications\/maroquinerie-pour-la-haute-couture\/#breadcrumb\"},\"inLanguage\":\"fr-FR\",\"potentialAction\":[{\"@type\":\"ReadAction\",\"target\":[\"https:\/\/bizeta-macchinehf.it\/fr\/applications\/maroquinerie-pour-la-haute-couture\/\"]}]},{\"@type\":\"BreadcrumbList\",\"@id\":\"https:\/\/bizeta-macchinehf.it\/fr\/applications\/maroquinerie-pour-la-haute-couture\/#breadcrumb\",\"itemListElement\":[{\"@type\":\"ListItem\",\"position\":1,\"name\":\"Home\",\"item\":\"https:\/\/bizeta-macchinehf.it\/fr\/\"},{\"@type\":\"ListItem\",\"position\":2,\"name\":\"Applications\",\"item\":\"https:\/\/bizeta-macchinehf.it\/fr\/applications\/\"},{\"@type\":\"ListItem\",\"position\":3,\"name\":\"Maroquinerie pour la haute couture\"}]},{\"@type\":\"WebSite\",\"@id\":\"https:\/\/bizeta-macchinehf.it\/#website\",\"url\":\"https:\/\/bizeta-macchinehf.it\/\",\"name\":\"Bizeta\",\"description\":\"Welding Machines High Frequency\",\"potentialAction\":[{\"@type\":\"SearchAction\",\"target\":{\"@type\":\"EntryPoint\",\"urlTemplate\":\"https:\/\/bizeta-macchinehf.it\/?s={search_term_string}\"},\"query-input\":{\"@type\":\"PropertyValueSpecification\",\"valueRequired\":true,\"valueName\":\"search_term_string\"}}],\"inLanguage\":\"fr-FR\"}]}<\/script>\n<!-- \/ Yoast SEO plugin. -->","yoast_head_json":{"title":"Maroquinerie pour la haute couture | Bizeta","robots":{"index":"index","follow":"follow","max-snippet":"max-snippet:-1","max-image-preview":"max-image-preview:large","max-video-preview":"max-video-preview:-1"},"canonical":"https:\/\/bizeta-macchinehf.it\/fr\/applications\/maroquinerie-pour-la-haute-couture\/","og_locale":"fr_FR","og_type":"article","og_title":"Maroquinerie pour la haute couture | Bizeta","og_description":"[vc_row gap=\u00a0\u00bb25&Prime; css_animation=\u00a0\u00bbnone\u00a0\u00bb css=\u00a0\u00bb.vc_custom_1738574475135{padding-top: 30px !important;}\u00a0\u00bb][vc_column width=\u00a0\u00bb1\/2&Prime;][vc_images_carousel images=\u00a0\u00bb3597,773,775,776&Prime; img_size=\u00a0\u00bb1400&#215;1050&Prime; speed=\u00a0\u00bb3000&Prime; autoplay=\u00a0\u00bbyes\u00a0\u00bb wrap=\u00a0\u00bbyes\u00a0\u00bb][\/vc_column][vc_column width=\u00a0\u00bb1\/2&Prime;][vc_column_text css=\u00a0\u00bb\u00a0\u00bb]Soudure et d\u00e9coupage \u00e0 haute fr\u00e9quence de maroquinerie coupl\u00e9e tels que des \u00e9tuis, [\u2026]","og_url":"https:\/\/bizeta-macchinehf.it\/fr\/applications\/maroquinerie-pour-la-haute-couture\/","og_site_name":"Bizeta","article_modified_time":"2025-03-07T09:51:42+00:00","twitter_card":"summary_large_image","twitter_misc":{"Dur\u00e9e de lecture estim\u00e9e":"3 minutes"},"schema":{"@context":"https:\/\/schema.org","@graph":[{"@type":"WebPage","@id":"https:\/\/bizeta-macchinehf.it\/fr\/applications\/maroquinerie-pour-la-haute-couture\/","url":"https:\/\/bizeta-macchinehf.it\/fr\/applications\/maroquinerie-pour-la-haute-couture\/","name":"Maroquinerie pour la haute couture | Bizeta","isPartOf":{"@id":"https:\/\/bizeta-macchinehf.it\/#website"},"datePublished":"2025-02-26T10:14:49+00:00","dateModified":"2025-03-07T09:51:42+00:00","breadcrumb":{"@id":"https:\/\/bizeta-macchinehf.it\/fr\/applications\/maroquinerie-pour-la-haute-couture\/#breadcrumb"},"inLanguage":"fr-FR","potentialAction":[{"@type":"ReadAction","target":["https:\/\/bizeta-macchinehf.it\/fr\/applications\/maroquinerie-pour-la-haute-couture\/"]}]},{"@type":"BreadcrumbList","@id":"https:\/\/bizeta-macchinehf.it\/fr\/applications\/maroquinerie-pour-la-haute-couture\/#breadcrumb","itemListElement":[{"@type":"ListItem","position":1,"name":"Home","item":"https:\/\/bizeta-macchinehf.it\/fr\/"},{"@type":"ListItem","position":2,"name":"Applications","item":"https:\/\/bizeta-macchinehf.it\/fr\/applications\/"},{"@type":"ListItem","position":3,"name":"Maroquinerie pour la haute couture"}]},{"@type":"WebSite","@id":"https:\/\/bizeta-macchinehf.it\/#website","url":"https:\/\/bizeta-macchinehf.it\/","name":"Bizeta","description":"Welding Machines High Frequency","potentialAction":[{"@type":"SearchAction","target":{"@type":"EntryPoint","urlTemplate":"https:\/\/bizeta-macchinehf.it\/?s={search_term_string}"},"query-input":{"@type":"PropertyValueSpecification","valueRequired":true,"valueName":"search_term_string"}}],"inLanguage":"fr-FR"}]}},"_links":{"self":[{"href":"https:\/\/bizeta-macchinehf.it\/fr\/wp-json\/wp\/v2\/pages\/5327","targetHints":{"allow":["GET"]}}],"collection":[{"href":"https:\/\/bizeta-macchinehf.it\/fr\/wp-json\/wp\/v2\/pages"}],"about":[{"href":"https:\/\/bizeta-macchinehf.it\/fr\/wp-json\/wp\/v2\/types\/page"}],"author":[{"embeddable":true,"href":"https:\/\/bizeta-macchinehf.it\/fr\/wp-json\/wp\/v2\/users\/2"}],"replies":[{"embeddable":true,"href":"https:\/\/bizeta-macchinehf.it\/fr\/wp-json\/wp\/v2\/comments?post=5327"}],"version-history":[{"count":7,"href":"https:\/\/bizeta-macchinehf.it\/fr\/wp-json\/wp\/v2\/pages\/5327\/revisions"}],"predecessor-version":[{"id":5467,"href":"https:\/\/bizeta-macchinehf.it\/fr\/wp-json\/wp\/v2\/pages\/5327\/revisions\/5467"}],"up":[{"embeddable":true,"href":"https:\/\/bizeta-macchinehf.it\/fr\/wp-json\/wp\/v2\/pages\/5281"}],"wp:attachment":[{"href":"https:\/\/bizeta-macchinehf.it\/fr\/wp-json\/wp\/v2\/media?parent=5327"}],"curies":[{"name":"wp","href":"https:\/\/api.w.org\/{rel}","templated":true}]}}