{"id":5353,"date":"2025-02-26T11:35:56","date_gmt":"2025-02-26T10:35:56","guid":{"rendered":"https:\/\/bizeta-macchinehf.it\/?page_id=5353"},"modified":"2025-03-07T10:58:24","modified_gmt":"2025-03-07T09:58:24","slug":"articles-orthopediques-et-de-sante","status":"publish","type":"page","link":"https:\/\/bizeta-macchinehf.it\/fr\/applications\/articles-orthopediques-et-de-sante\/","title":{"rendered":"Articles orthop\u00e9diques et de sant\u00e9"},"content":{"rendered":"<div class=\"wpb-content-wrapper\"><p>[vc_row gap=\u00a0\u00bb25&Prime; css_animation=\u00a0\u00bbnone\u00a0\u00bb css=\u00a0\u00bb.vc_custom_1738574694102{padding-top: 30px !important;}\u00a0\u00bb][vc_column width=\u00a0\u00bb1\/2&Prime;][vc_images_carousel images=\u00a0\u00bb772&Prime; img_size=\u00a0\u00bb1400&#215;1050&Prime; speed=\u00a0\u00bb3000&Prime; autoplay=\u00a0\u00bbyes\u00a0\u00bb wrap=\u00a0\u00bbyes\u00a0\u00bb][\/vc_column][vc_column width=\u00a0\u00bb1\/2&Prime;][vc_column_text css=\u00a0\u00bb\u00a0\u00bb]Articles orthop\u00e9dics et de sant\u00e9 : soudure et d\u00e9coupage \u00e0 haute fr\u00e9quence sur les sacs m\u00e9dicaux, transformation de divers types de produits m\u00e9dicaux et param\u00e9dicaux tels que genouill\u00e8res, chevilli\u00e8res, supports de r\u00e9\u00e9ducation et d&rsquo;orthop\u00e9die, applications sur articles orthop\u00e9diques.<\/p>\n<ul>\n<li>Colliers;<\/li>\n<li>Corsets;<\/li>\n<li>Menottes;<\/li>\n<li>Bracelets;<\/li>\n<li>Gardiens;<\/li>\n<li>Semelles orthop\u00e9diques;<\/li>\n<li>Bustes;<\/li>\n<li>Sacs avec valve.<\/li>\n<\/ul>\n<p>[\/vc_column_text][\/vc_column][\/vc_row][vc_row css_animation=\u00a0\u00bbnone\u00a0\u00bb][vc_column][vc_separator color=\u00a0\u00bbcustom\u00a0\u00bb accent_color=\u00a0\u00bb#eb212e\u00a0\u00bb][\/vc_column][\/vc_row][vc_row css_animation=\u00a0\u00bbnone\u00a0\u00bb][vc_column][vc_column_text css=\u00a0\u00bb\u00a0\u00bb]<\/p>\n<h2 style=\"text-align: center;\">Machines \u00e0 haute frequence<\/h2>\n<p>[\/vc_column_text][\/vc_column][\/vc_row][vc_row gap=\u00a0\u00bb25&Prime; equal_height=\u00a0\u00bbyes\u00a0\u00bb content_placement=\u00a0\u00bbtop\u00a0\u00bb css_animation=\u00a0\u00bbnone\u00a0\u00bb][vc_column width=\u00a0\u00bb1\/3&Prime;][vc_single_image image=\u00a0\u00bb694&Prime; img_size=\u00a0\u00bbmedium\u00a0\u00bb alignment=\u00a0\u00bbcenter\u00a0\u00bb onclick=\u00a0\u00bbcustom_link\u00a0\u00bb css=\u00a0\u00bb\u00a0\u00bb link=\u00a0\u00bb\/fr\/machine-hf-a-souder-et-decouper\/haute-frequence-rotative-bz-2550t\/\u00a0\u00bb][vc_column_text css=\u00a0\u00bb.vc_custom_1740566261132{padding-top: 8px !important;padding-bottom: 8px !important;background-color: #eb212e !important;}\u00a0\u00bb]<\/p>\n<h4 style=\"text-align: center;\"><a href=\"\/fr\/machine-hf-a-souder-et-decouper\/haute-frequence-rotative-bz-2550t\/\"><span style=\"color: #ffffff;\">Machine \u00e0 souder et d\u00e9couper rotative BZ 2550T<\/span><\/a><\/h4>\n<p>[\/vc_column_text][\/vc_column][vc_column width=\u00a0\u00bb1\/3&Prime;][vc_single_image image=\u00a0\u00bb4337&Prime; img_size=\u00a0\u00bbmedium\u00a0\u00bb alignment=\u00a0\u00bbcenter\u00a0\u00bb onclick=\u00a0\u00bbcustom_link\u00a0\u00bb css=\u00a0\u00bb\u00a0\u00bb link=\u00a0\u00bb\/fr\/machine-hf-a-souder-et-decouper\/haute-frequence-rotative-bz-2550\/\u00a0\u00bb][vc_column_text css=\u00a0\u00bb.vc_custom_1740566338572{padding-top: 8px !important;padding-bottom: 8px !important;background-color: #eb212e !important;}\u00a0\u00bb]<\/p>\n<h4 style=\"text-align: center;\"><span style=\"color: #ffffff;\"><a style=\"color: #ffffff;\" href=\"\/fr\/machine-hf-a-souder-et-decouper\/haute-frequence-rotative-bz-2550\/\">Machine \u00e0 souder et d\u00e9couper rotative BZ 2550<\/a><\/span><\/h4>\n<p>[\/vc_column_text][\/vc_column][vc_column width=\u00a0\u00bb1\/3&Prime;][vc_single_image image=\u00a0\u00bb565&Prime; img_size=\u00a0\u00bbmedium\u00a0\u00bb alignment=\u00a0\u00bbcenter\u00a0\u00bb onclick=\u00a0\u00bbcustom_link\u00a0\u00bb css=\u00a0\u00bb\u00a0\u00bb link=\u00a0\u00bb\/fr\/machine-hf-a-souder-et-decouper\/haute-frequence-bz-50t-25-2-plans-mobiles\/\u00a0\u00bb][vc_column_text css=\u00a0\u00bb.vc_custom_1740566383947{padding-top: 8px !important;padding-bottom: 8px !important;background-color: #eb212e !important;}\u00a0\u00bb]<\/p>\n<h4 style=\"text-align: center;\"><span style=\"color: #ffffff;\"><a style=\"color: #ffffff;\" href=\"\/fr\/machine-hf-a-souder-et-decouper\/haute-frequence-bz-50t-25-2-plans-mobiles\/\">Machine \u00e0 souder et d\u00e9couper plans mobiles BZ 50T\/25-2<\/a><\/span><\/h4>\n<p>[\/vc_column_text][\/vc_column][\/vc_row]<\/p>\n<\/div>","protected":false},"excerpt":{"rendered":"<p>[vc_row gap=\u00a0\u00bb25&Prime; css_animation=\u00a0\u00bbnone\u00a0\u00bb css=\u00a0\u00bb.vc_custom_1738574694102{padding-top: 30px !important;}\u00a0\u00bb][vc_column width=\u00a0\u00bb1\/2&Prime;][vc_images_carousel images=\u00a0\u00bb772&Prime; img_size=\u00a0\u00bb1400&#215;1050&Prime; speed=\u00a0\u00bb3000&Prime; autoplay=\u00a0\u00bbyes\u00a0\u00bb wrap=\u00a0\u00bbyes\u00a0\u00bb][\/vc_column][vc_column width=\u00a0\u00bb1\/2&Prime;][vc_column_text css=\u00a0\u00bb\u00a0\u00bb]Articles orthop\u00e9dics et de sant\u00e9 : soudure et d\u00e9coupage \u00e0 haute fr\u00e9quence sur<span class=\"excerpt-hellip\"> [\u2026]<\/span><\/p>\n","protected":false},"author":2,"featured_media":0,"parent":5281,"menu_order":0,"comment_status":"closed","ping_status":"closed","template":"","meta":{"_acf_changed":false,"footnotes":""},"class_list":["post-5353","page","type-page","status-publish","hentry"],"acf":[],"yoast_head":"<!-- This site is optimized with the Yoast SEO plugin v26.9 - https:\/\/yoast.com\/product\/yoast-seo-wordpress\/ -->\n<title>Articles orthop\u00e9diques et de sant\u00e9 | Bizeta<\/title>\n<meta name=\"robots\" content=\"index, follow, max-snippet:-1, max-image-preview:large, max-video-preview:-1\" \/>\n<link rel=\"canonical\" href=\"https:\/\/bizeta-macchinehf.it\/fr\/applications\/articles-orthopediques-et-de-sante\/\" \/>\n<meta property=\"og:locale\" content=\"fr_FR\" \/>\n<meta property=\"og:type\" content=\"article\" \/>\n<meta property=\"og:title\" content=\"Articles orthop\u00e9diques et de sant\u00e9 | Bizeta\" \/>\n<meta property=\"og:description\" content=\"[vc_row gap=\u00a0\u00bb25&Prime; css_animation=\u00a0\u00bbnone\u00a0\u00bb css=\u00a0\u00bb.vc_custom_1738574694102{padding-top: 30px !important;}\u00a0\u00bb][vc_column width=\u00a0\u00bb1\/2&Prime;][vc_images_carousel images=\u00a0\u00bb772&Prime; img_size=\u00a0\u00bb1400&#215;1050&Prime; speed=\u00a0\u00bb3000&Prime; autoplay=\u00a0\u00bbyes\u00a0\u00bb wrap=\u00a0\u00bbyes\u00a0\u00bb][\/vc_column][vc_column width=\u00a0\u00bb1\/2&Prime;][vc_column_text css=\u00a0\u00bb\u00a0\u00bb]Articles orthop\u00e9dics et de sant\u00e9 : soudure et d\u00e9coupage \u00e0 haute fr\u00e9quence sur [\u2026]\" \/>\n<meta property=\"og:url\" content=\"https:\/\/bizeta-macchinehf.it\/fr\/applications\/articles-orthopediques-et-de-sante\/\" \/>\n<meta property=\"og:site_name\" content=\"Bizeta\" \/>\n<meta property=\"article:modified_time\" content=\"2025-03-07T09:58:24+00:00\" \/>\n<meta name=\"twitter:card\" content=\"summary_large_image\" \/>\n<meta name=\"twitter:label1\" content=\"Dur\u00e9e de lecture estim\u00e9e\" \/>\n\t<meta name=\"twitter:data1\" content=\"2 minutes\" \/>\n<script type=\"application\/ld+json\" class=\"yoast-schema-graph\">{\"@context\":\"https:\/\/schema.org\",\"@graph\":[{\"@type\":\"WebPage\",\"@id\":\"https:\/\/bizeta-macchinehf.it\/fr\/applications\/articles-orthopediques-et-de-sante\/\",\"url\":\"https:\/\/bizeta-macchinehf.it\/fr\/applications\/articles-orthopediques-et-de-sante\/\",\"name\":\"Articles orthop\u00e9diques et de sant\u00e9 | Bizeta\",\"isPartOf\":{\"@id\":\"https:\/\/bizeta-macchinehf.it\/#website\"},\"datePublished\":\"2025-02-26T10:35:56+00:00\",\"dateModified\":\"2025-03-07T09:58:24+00:00\",\"breadcrumb\":{\"@id\":\"https:\/\/bizeta-macchinehf.it\/fr\/applications\/articles-orthopediques-et-de-sante\/#breadcrumb\"},\"inLanguage\":\"fr-FR\",\"potentialAction\":[{\"@type\":\"ReadAction\",\"target\":[\"https:\/\/bizeta-macchinehf.it\/fr\/applications\/articles-orthopediques-et-de-sante\/\"]}]},{\"@type\":\"BreadcrumbList\",\"@id\":\"https:\/\/bizeta-macchinehf.it\/fr\/applications\/articles-orthopediques-et-de-sante\/#breadcrumb\",\"itemListElement\":[{\"@type\":\"ListItem\",\"position\":1,\"name\":\"Home\",\"item\":\"https:\/\/bizeta-macchinehf.it\/fr\/\"},{\"@type\":\"ListItem\",\"position\":2,\"name\":\"Applications\",\"item\":\"https:\/\/bizeta-macchinehf.it\/fr\/applications\/\"},{\"@type\":\"ListItem\",\"position\":3,\"name\":\"Articles orthop\u00e9diques et de sant\u00e9\"}]},{\"@type\":\"WebSite\",\"@id\":\"https:\/\/bizeta-macchinehf.it\/#website\",\"url\":\"https:\/\/bizeta-macchinehf.it\/\",\"name\":\"Bizeta\",\"description\":\"Welding Machines High Frequency\",\"potentialAction\":[{\"@type\":\"SearchAction\",\"target\":{\"@type\":\"EntryPoint\",\"urlTemplate\":\"https:\/\/bizeta-macchinehf.it\/?s={search_term_string}\"},\"query-input\":{\"@type\":\"PropertyValueSpecification\",\"valueRequired\":true,\"valueName\":\"search_term_string\"}}],\"inLanguage\":\"fr-FR\"}]}<\/script>\n<!-- \/ Yoast SEO plugin. -->","yoast_head_json":{"title":"Articles orthop\u00e9diques et de sant\u00e9 | Bizeta","robots":{"index":"index","follow":"follow","max-snippet":"max-snippet:-1","max-image-preview":"max-image-preview:large","max-video-preview":"max-video-preview:-1"},"canonical":"https:\/\/bizeta-macchinehf.it\/fr\/applications\/articles-orthopediques-et-de-sante\/","og_locale":"fr_FR","og_type":"article","og_title":"Articles orthop\u00e9diques et de sant\u00e9 | Bizeta","og_description":"[vc_row gap=\u00a0\u00bb25&Prime; css_animation=\u00a0\u00bbnone\u00a0\u00bb css=\u00a0\u00bb.vc_custom_1738574694102{padding-top: 30px !important;}\u00a0\u00bb][vc_column width=\u00a0\u00bb1\/2&Prime;][vc_images_carousel images=\u00a0\u00bb772&Prime; img_size=\u00a0\u00bb1400&#215;1050&Prime; speed=\u00a0\u00bb3000&Prime; autoplay=\u00a0\u00bbyes\u00a0\u00bb wrap=\u00a0\u00bbyes\u00a0\u00bb][\/vc_column][vc_column width=\u00a0\u00bb1\/2&Prime;][vc_column_text css=\u00a0\u00bb\u00a0\u00bb]Articles orthop\u00e9dics et de sant\u00e9 : soudure et d\u00e9coupage \u00e0 haute fr\u00e9quence sur [\u2026]","og_url":"https:\/\/bizeta-macchinehf.it\/fr\/applications\/articles-orthopediques-et-de-sante\/","og_site_name":"Bizeta","article_modified_time":"2025-03-07T09:58:24+00:00","twitter_card":"summary_large_image","twitter_misc":{"Dur\u00e9e de lecture estim\u00e9e":"2 minutes"},"schema":{"@context":"https:\/\/schema.org","@graph":[{"@type":"WebPage","@id":"https:\/\/bizeta-macchinehf.it\/fr\/applications\/articles-orthopediques-et-de-sante\/","url":"https:\/\/bizeta-macchinehf.it\/fr\/applications\/articles-orthopediques-et-de-sante\/","name":"Articles orthop\u00e9diques et de sant\u00e9 | Bizeta","isPartOf":{"@id":"https:\/\/bizeta-macchinehf.it\/#website"},"datePublished":"2025-02-26T10:35:56+00:00","dateModified":"2025-03-07T09:58:24+00:00","breadcrumb":{"@id":"https:\/\/bizeta-macchinehf.it\/fr\/applications\/articles-orthopediques-et-de-sante\/#breadcrumb"},"inLanguage":"fr-FR","potentialAction":[{"@type":"ReadAction","target":["https:\/\/bizeta-macchinehf.it\/fr\/applications\/articles-orthopediques-et-de-sante\/"]}]},{"@type":"BreadcrumbList","@id":"https:\/\/bizeta-macchinehf.it\/fr\/applications\/articles-orthopediques-et-de-sante\/#breadcrumb","itemListElement":[{"@type":"ListItem","position":1,"name":"Home","item":"https:\/\/bizeta-macchinehf.it\/fr\/"},{"@type":"ListItem","position":2,"name":"Applications","item":"https:\/\/bizeta-macchinehf.it\/fr\/applications\/"},{"@type":"ListItem","position":3,"name":"Articles orthop\u00e9diques et de sant\u00e9"}]},{"@type":"WebSite","@id":"https:\/\/bizeta-macchinehf.it\/#website","url":"https:\/\/bizeta-macchinehf.it\/","name":"Bizeta","description":"Welding Machines High Frequency","potentialAction":[{"@type":"SearchAction","target":{"@type":"EntryPoint","urlTemplate":"https:\/\/bizeta-macchinehf.it\/?s={search_term_string}"},"query-input":{"@type":"PropertyValueSpecification","valueRequired":true,"valueName":"search_term_string"}}],"inLanguage":"fr-FR"}]}},"_links":{"self":[{"href":"https:\/\/bizeta-macchinehf.it\/fr\/wp-json\/wp\/v2\/pages\/5353","targetHints":{"allow":["GET"]}}],"collection":[{"href":"https:\/\/bizeta-macchinehf.it\/fr\/wp-json\/wp\/v2\/pages"}],"about":[{"href":"https:\/\/bizeta-macchinehf.it\/fr\/wp-json\/wp\/v2\/types\/page"}],"author":[{"embeddable":true,"href":"https:\/\/bizeta-macchinehf.it\/fr\/wp-json\/wp\/v2\/users\/2"}],"replies":[{"embeddable":true,"href":"https:\/\/bizeta-macchinehf.it\/fr\/wp-json\/wp\/v2\/comments?post=5353"}],"version-history":[{"count":7,"href":"https:\/\/bizeta-macchinehf.it\/fr\/wp-json\/wp\/v2\/pages\/5353\/revisions"}],"predecessor-version":[{"id":5476,"href":"https:\/\/bizeta-macchinehf.it\/fr\/wp-json\/wp\/v2\/pages\/5353\/revisions\/5476"}],"up":[{"embeddable":true,"href":"https:\/\/bizeta-macchinehf.it\/fr\/wp-json\/wp\/v2\/pages\/5281"}],"wp:attachment":[{"href":"https:\/\/bizeta-macchinehf.it\/fr\/wp-json\/wp\/v2\/media?parent=5353"}],"curies":[{"name":"wp","href":"https:\/\/api.w.org\/{rel}","templated":true}]}}