{"id":5367,"date":"2025-02-26T11:46:52","date_gmt":"2025-02-26T10:46:52","guid":{"rendered":"https:\/\/bizeta-macchinehf.it\/?page_id=5367"},"modified":"2025-03-07T10:55:05","modified_gmt":"2025-03-07T09:55:05","slug":"secteur-de-automobile","status":"publish","type":"page","link":"https:\/\/bizeta-macchinehf.it\/fr\/applications\/secteur-de-automobile\/","title":{"rendered":"Secteur de l\u2019 automobile"},"content":{"rendered":"<div class=\"wpb-content-wrapper\"><p>[vc_row gap=\u00a0\u00bb25&Prime; css_animation=\u00a0\u00bbnone\u00a0\u00bb css=\u00a0\u00bb.vc_custom_1738574751233{padding-top: 30px !important;}\u00a0\u00bb][vc_column width=\u00a0\u00bb1\/2&Prime;][vc_images_carousel images=\u00a0\u00bb765,766&Prime; img_size=\u00a0\u00bb1400&#215;1050&Prime; speed=\u00a0\u00bb3000&Prime; autoplay=\u00a0\u00bbyes\u00a0\u00bb wrap=\u00a0\u00bbyes\u00a0\u00bb][\/vc_column][vc_column width=\u00a0\u00bb1\/2&Prime;][vc_column_text css=\u00a0\u00bb\u00a0\u00bb]Machines pour la soudure \u00e0 haute fr\u00e9quence pour la r\u00e9alisation des traitement des seuils de porte sur les tapis de voiture et applications de soudure par d\u00e9chirure sur les int\u00e9rieurs des voitures tels que les si\u00e8ges pour enfants.<\/p>\n<ul>\n<li>Tapis de sol;<\/li>\n<li>Int\u00e9rieurs de voiture (pare-soleil, si\u00e8ges, applications int\u00e9rieures sur si\u00e8ges);<\/li>\n<li>Applications sur les si\u00e8ges auto pour enfants.<\/li>\n<\/ul>\n<p>[\/vc_column_text][\/vc_column][\/vc_row][vc_row css_animation=\u00a0\u00bbnone\u00a0\u00bb][vc_column][vc_separator color=\u00a0\u00bbcustom\u00a0\u00bb accent_color=\u00a0\u00bb#eb212e\u00a0\u00bb][\/vc_column][\/vc_row][vc_row css_animation=\u00a0\u00bbnone\u00a0\u00bb][vc_column][vc_column_text css=\u00a0\u00bb\u00a0\u00bb]<\/p>\n<h2 style=\"text-align: center;\">Machines \u00e0 haute fr\u00e9quence<\/h2>\n<p>[\/vc_column_text][\/vc_column][\/vc_row][vc_row gap=\u00a0\u00bb25&Prime; equal_height=\u00a0\u00bbyes\u00a0\u00bb content_placement=\u00a0\u00bbtop\u00a0\u00bb css_animation=\u00a0\u00bbnone\u00a0\u00bb][vc_column width=\u00a0\u00bb1\/3&Prime;][vc_single_image image=\u00a0\u00bb694&Prime; img_size=\u00a0\u00bbmedium\u00a0\u00bb alignment=\u00a0\u00bbcenter\u00a0\u00bb onclick=\u00a0\u00bbcustom_link\u00a0\u00bb css=\u00a0\u00bb\u00a0\u00bb link=\u00a0\u00bb\/fr\/machine-hf-a-souder-et-decouper\/haute-frequence-rotative-bz-2550t\/\u00a0\u00bb][vc_column_text css=\u00a0\u00bb.vc_custom_1740566577138{padding-top: 8px !important;padding-bottom: 8px !important;background-color: #eb212e !important;}\u00a0\u00bb]<\/p>\n<h4 style=\"text-align: center;\"><a href=\"\/fr\/machine-hf-a-souder-et-decouper\/haute-frequence-rotative-bz-2550t\/\"><span style=\"color: #ffffff;\">Machine \u00e0 souder et d\u00e9couper rotative BZ 2550T<\/span><\/a><\/h4>\n<p>[\/vc_column_text][\/vc_column][vc_column width=\u00a0\u00bb1\/3&Prime;][vc_single_image image=\u00a0\u00bb565&Prime; img_size=\u00a0\u00bbmedium\u00a0\u00bb alignment=\u00a0\u00bbcenter\u00a0\u00bb onclick=\u00a0\u00bbcustom_link\u00a0\u00bb css=\u00a0\u00bb\u00a0\u00bb link=\u00a0\u00bb\/fr\/machine-hf-a-souder-et-decouper\/haute-frequence-bz-50t-25-2-plans-mobiles\/\u00a0\u00bb][vc_column_text css=\u00a0\u00bb.vc_custom_1740566621668{padding-top: 8px !important;padding-bottom: 8px !important;background-color: #eb212e !important;}\u00a0\u00bb]<\/p>\n<h4 style=\"text-align: center;\"><span style=\"color: #ffffff;\"><a style=\"color: #ffffff;\" href=\"\/fr\/machine-hf-a-souder-et-decouper\/haute-frequence-bz-50t-25-2-plans-mobiles\/\">Machine \u00e0 souder et d\u00e9couper plans mobiles BZ 50T\/25-2<\/a><\/span><\/h4>\n<p>[\/vc_column_text][\/vc_column][vc_column width=\u00a0\u00bb1\/3&Prime;][vc_single_image image=\u00a0\u00bb695&Prime; img_size=\u00a0\u00bbmedium\u00a0\u00bb alignment=\u00a0\u00bbcenter\u00a0\u00bb onclick=\u00a0\u00bbcustom_link\u00a0\u00bb css=\u00a0\u00bb\u00a0\u00bb link=\u00a0\u00bb\/fr\/machine-hf-a-souder\/rotative-haute-frequence-bz-250-i-3\/\u00a0\u00bb][vc_column_text css=\u00a0\u00bb.vc_custom_1740566659759{padding-top: 8px !important;padding-bottom: 8px !important;background-color: #eb212e !important;}\u00a0\u00bb]<\/p>\n<h4 style=\"text-align: center;\"><a href=\"\/fr\/machine-hf-a-souder\/rotative-haute-frequence-bz-250-i-3\/\"><span style=\"color: #ffffff;\">Machine \u00e0 souder rotative BZ 250-I\/3 <\/span><\/a><\/h4>\n<p>[\/vc_column_text][\/vc_column][\/vc_row]<\/p>\n<\/div>","protected":false},"excerpt":{"rendered":"<p>[vc_row gap=\u00a0\u00bb25&Prime; css_animation=\u00a0\u00bbnone\u00a0\u00bb css=\u00a0\u00bb.vc_custom_1738574751233{padding-top: 30px !important;}\u00a0\u00bb][vc_column width=\u00a0\u00bb1\/2&Prime;][vc_images_carousel images=\u00a0\u00bb765,766&Prime; img_size=\u00a0\u00bb1400&#215;1050&Prime; speed=\u00a0\u00bb3000&Prime; autoplay=\u00a0\u00bbyes\u00a0\u00bb wrap=\u00a0\u00bbyes\u00a0\u00bb][\/vc_column][vc_column width=\u00a0\u00bb1\/2&Prime;][vc_column_text css=\u00a0\u00bb\u00a0\u00bb]Machines pour la soudure \u00e0 haute fr\u00e9quence pour la r\u00e9alisation des traitement des<span class=\"excerpt-hellip\"> [\u2026]<\/span><\/p>\n","protected":false},"author":2,"featured_media":0,"parent":5281,"menu_order":0,"comment_status":"closed","ping_status":"closed","template":"","meta":{"_acf_changed":false,"footnotes":""},"class_list":["post-5367","page","type-page","status-publish","hentry"],"acf":[],"yoast_head":"<!-- This site is optimized with the Yoast SEO plugin v26.9 - https:\/\/yoast.com\/product\/yoast-seo-wordpress\/ -->\n<title>Secteur de l\u2019 automobile | Bizeta<\/title>\n<meta name=\"robots\" content=\"index, follow, max-snippet:-1, max-image-preview:large, max-video-preview:-1\" \/>\n<link rel=\"canonical\" href=\"https:\/\/bizeta-macchinehf.it\/fr\/applications\/secteur-de-automobile\/\" \/>\n<meta property=\"og:locale\" content=\"fr_FR\" \/>\n<meta property=\"og:type\" content=\"article\" \/>\n<meta property=\"og:title\" content=\"Secteur de l\u2019 automobile | Bizeta\" \/>\n<meta property=\"og:description\" content=\"[vc_row gap=\u00a0\u00bb25&Prime; css_animation=\u00a0\u00bbnone\u00a0\u00bb css=\u00a0\u00bb.vc_custom_1738574751233{padding-top: 30px !important;}\u00a0\u00bb][vc_column width=\u00a0\u00bb1\/2&Prime;][vc_images_carousel images=\u00a0\u00bb765,766&Prime; img_size=\u00a0\u00bb1400&#215;1050&Prime; speed=\u00a0\u00bb3000&Prime; autoplay=\u00a0\u00bbyes\u00a0\u00bb wrap=\u00a0\u00bbyes\u00a0\u00bb][\/vc_column][vc_column width=\u00a0\u00bb1\/2&Prime;][vc_column_text css=\u00a0\u00bb\u00a0\u00bb]Machines pour la soudure \u00e0 haute fr\u00e9quence pour la r\u00e9alisation des traitement des [\u2026]\" \/>\n<meta property=\"og:url\" content=\"https:\/\/bizeta-macchinehf.it\/fr\/applications\/secteur-de-automobile\/\" \/>\n<meta property=\"og:site_name\" content=\"Bizeta\" \/>\n<meta property=\"article:modified_time\" content=\"2025-03-07T09:55:05+00:00\" \/>\n<meta name=\"twitter:card\" content=\"summary_large_image\" \/>\n<meta name=\"twitter:label1\" content=\"Dur\u00e9e de lecture estim\u00e9e\" \/>\n\t<meta name=\"twitter:data1\" content=\"1 minute\" \/>\n<script type=\"application\/ld+json\" class=\"yoast-schema-graph\">{\"@context\":\"https:\/\/schema.org\",\"@graph\":[{\"@type\":\"WebPage\",\"@id\":\"https:\/\/bizeta-macchinehf.it\/fr\/applications\/secteur-de-automobile\/\",\"url\":\"https:\/\/bizeta-macchinehf.it\/fr\/applications\/secteur-de-automobile\/\",\"name\":\"Secteur de l\u2019 automobile | Bizeta\",\"isPartOf\":{\"@id\":\"https:\/\/bizeta-macchinehf.it\/#website\"},\"datePublished\":\"2025-02-26T10:46:52+00:00\",\"dateModified\":\"2025-03-07T09:55:05+00:00\",\"breadcrumb\":{\"@id\":\"https:\/\/bizeta-macchinehf.it\/fr\/applications\/secteur-de-automobile\/#breadcrumb\"},\"inLanguage\":\"fr-FR\",\"potentialAction\":[{\"@type\":\"ReadAction\",\"target\":[\"https:\/\/bizeta-macchinehf.it\/fr\/applications\/secteur-de-automobile\/\"]}]},{\"@type\":\"BreadcrumbList\",\"@id\":\"https:\/\/bizeta-macchinehf.it\/fr\/applications\/secteur-de-automobile\/#breadcrumb\",\"itemListElement\":[{\"@type\":\"ListItem\",\"position\":1,\"name\":\"Home\",\"item\":\"https:\/\/bizeta-macchinehf.it\/fr\/\"},{\"@type\":\"ListItem\",\"position\":2,\"name\":\"Applications\",\"item\":\"https:\/\/bizeta-macchinehf.it\/fr\/applications\/\"},{\"@type\":\"ListItem\",\"position\":3,\"name\":\"Secteur de l\u2019 automobile\"}]},{\"@type\":\"WebSite\",\"@id\":\"https:\/\/bizeta-macchinehf.it\/#website\",\"url\":\"https:\/\/bizeta-macchinehf.it\/\",\"name\":\"Bizeta\",\"description\":\"Welding Machines High Frequency\",\"potentialAction\":[{\"@type\":\"SearchAction\",\"target\":{\"@type\":\"EntryPoint\",\"urlTemplate\":\"https:\/\/bizeta-macchinehf.it\/?s={search_term_string}\"},\"query-input\":{\"@type\":\"PropertyValueSpecification\",\"valueRequired\":true,\"valueName\":\"search_term_string\"}}],\"inLanguage\":\"fr-FR\"}]}<\/script>\n<!-- \/ Yoast SEO plugin. -->","yoast_head_json":{"title":"Secteur de l\u2019 automobile | Bizeta","robots":{"index":"index","follow":"follow","max-snippet":"max-snippet:-1","max-image-preview":"max-image-preview:large","max-video-preview":"max-video-preview:-1"},"canonical":"https:\/\/bizeta-macchinehf.it\/fr\/applications\/secteur-de-automobile\/","og_locale":"fr_FR","og_type":"article","og_title":"Secteur de l\u2019 automobile | Bizeta","og_description":"[vc_row gap=\u00a0\u00bb25&Prime; css_animation=\u00a0\u00bbnone\u00a0\u00bb css=\u00a0\u00bb.vc_custom_1738574751233{padding-top: 30px !important;}\u00a0\u00bb][vc_column width=\u00a0\u00bb1\/2&Prime;][vc_images_carousel images=\u00a0\u00bb765,766&Prime; img_size=\u00a0\u00bb1400&#215;1050&Prime; speed=\u00a0\u00bb3000&Prime; autoplay=\u00a0\u00bbyes\u00a0\u00bb wrap=\u00a0\u00bbyes\u00a0\u00bb][\/vc_column][vc_column width=\u00a0\u00bb1\/2&Prime;][vc_column_text css=\u00a0\u00bb\u00a0\u00bb]Machines pour la soudure \u00e0 haute fr\u00e9quence pour la r\u00e9alisation des traitement des [\u2026]","og_url":"https:\/\/bizeta-macchinehf.it\/fr\/applications\/secteur-de-automobile\/","og_site_name":"Bizeta","article_modified_time":"2025-03-07T09:55:05+00:00","twitter_card":"summary_large_image","twitter_misc":{"Dur\u00e9e de lecture estim\u00e9e":"1 minute"},"schema":{"@context":"https:\/\/schema.org","@graph":[{"@type":"WebPage","@id":"https:\/\/bizeta-macchinehf.it\/fr\/applications\/secteur-de-automobile\/","url":"https:\/\/bizeta-macchinehf.it\/fr\/applications\/secteur-de-automobile\/","name":"Secteur de l\u2019 automobile | Bizeta","isPartOf":{"@id":"https:\/\/bizeta-macchinehf.it\/#website"},"datePublished":"2025-02-26T10:46:52+00:00","dateModified":"2025-03-07T09:55:05+00:00","breadcrumb":{"@id":"https:\/\/bizeta-macchinehf.it\/fr\/applications\/secteur-de-automobile\/#breadcrumb"},"inLanguage":"fr-FR","potentialAction":[{"@type":"ReadAction","target":["https:\/\/bizeta-macchinehf.it\/fr\/applications\/secteur-de-automobile\/"]}]},{"@type":"BreadcrumbList","@id":"https:\/\/bizeta-macchinehf.it\/fr\/applications\/secteur-de-automobile\/#breadcrumb","itemListElement":[{"@type":"ListItem","position":1,"name":"Home","item":"https:\/\/bizeta-macchinehf.it\/fr\/"},{"@type":"ListItem","position":2,"name":"Applications","item":"https:\/\/bizeta-macchinehf.it\/fr\/applications\/"},{"@type":"ListItem","position":3,"name":"Secteur de l\u2019 automobile"}]},{"@type":"WebSite","@id":"https:\/\/bizeta-macchinehf.it\/#website","url":"https:\/\/bizeta-macchinehf.it\/","name":"Bizeta","description":"Welding Machines High Frequency","potentialAction":[{"@type":"SearchAction","target":{"@type":"EntryPoint","urlTemplate":"https:\/\/bizeta-macchinehf.it\/?s={search_term_string}"},"query-input":{"@type":"PropertyValueSpecification","valueRequired":true,"valueName":"search_term_string"}}],"inLanguage":"fr-FR"}]}},"_links":{"self":[{"href":"https:\/\/bizeta-macchinehf.it\/fr\/wp-json\/wp\/v2\/pages\/5367","targetHints":{"allow":["GET"]}}],"collection":[{"href":"https:\/\/bizeta-macchinehf.it\/fr\/wp-json\/wp\/v2\/pages"}],"about":[{"href":"https:\/\/bizeta-macchinehf.it\/fr\/wp-json\/wp\/v2\/types\/page"}],"author":[{"embeddable":true,"href":"https:\/\/bizeta-macchinehf.it\/fr\/wp-json\/wp\/v2\/users\/2"}],"replies":[{"embeddable":true,"href":"https:\/\/bizeta-macchinehf.it\/fr\/wp-json\/wp\/v2\/comments?post=5367"}],"version-history":[{"count":3,"href":"https:\/\/bizeta-macchinehf.it\/fr\/wp-json\/wp\/v2\/pages\/5367\/revisions"}],"predecessor-version":[{"id":5472,"href":"https:\/\/bizeta-macchinehf.it\/fr\/wp-json\/wp\/v2\/pages\/5367\/revisions\/5472"}],"up":[{"embeddable":true,"href":"https:\/\/bizeta-macchinehf.it\/fr\/wp-json\/wp\/v2\/pages\/5281"}],"wp:attachment":[{"href":"https:\/\/bizeta-macchinehf.it\/fr\/wp-json\/wp\/v2\/media?parent=5367"}],"curies":[{"name":"wp","href":"https:\/\/api.w.org\/{rel}","templated":true}]}}