{"id":5400,"date":"2025-02-27T10:35:11","date_gmt":"2025-02-27T09:35:11","guid":{"rendered":"https:\/\/bizeta-macchinehf.it\/?page_id=5400"},"modified":"2025-02-27T10:37:05","modified_gmt":"2025-02-27T09:37:05","slug":"cookies","status":"publish","type":"page","link":"https:\/\/bizeta-macchinehf.it\/fr\/cookies\/","title":{"rendered":"Cookie Policy"},"content":{"rendered":"        <div class=\"ct-ultimate-gdpr-container\">\n            <label for=\"ct-ultimate-gdpr-party-filter\"> First or Third Party Filter<\/label>\n            <select name=\"ct-ultimate-gdpr-party-filter\" id=\"ct-ultimate-gdpr-party-filter\">\n                <option value=\"\">Any<\/option>\n                <option value=\"1ere Partie\">1ere Partie<\/option>\n                <option value=\"Tierce partie\">Tierce partie<\/option>\n            <\/select>\n        <\/div>\n        <div id=\"ct-ultimate-gdpr-cookies-table\" class=\"ct-ultimate-gdpr-table-responsive table-responsive\">\n            <table>\n                <thead>\n                    <tr>\n                        <th>\n                            Noms des cookies                        <\/th>\n                        <th>\n                            Type de cookie                        <\/th>\n                        <th>\n                            Premi\u00e8re ou Tierce partie                        <\/th>\n                        <th>\n                            Peut \u00eatre bloqu\u00e9e                        <\/th>\n                        <th>\n                            Session ou persistante                        <\/th>\n                        <th>\n                            Dur\u00e9e d&#039;expiration                        <\/th>\n                        <th>\n                            Objet                        <\/th>\n                    <\/tr>\n                <\/thead>\n                <tbody><\/tbody>\n            <\/table>\n        <\/div>\n\t\t\n<p>Gestion des Cookies et Traitement des Donn\u00e9es Personnelles<\/p>\n<p>Cette page r\u00e9sume la mani\u00e8re de g\u00e9rer les pr\u00e9f\u00e9rences de cookies et le traitement des donn\u00e9es personnelles, en se basant sur les informations fournies.<\/p>\n<h3>Gestion des cookies tiers<\/h3>\n<p>Les <b>cookies tiers<\/b> et les liens pour plus d&rsquo;informations et leur d\u00e9sactivation sont disponibles dans la liste des services dans la section \u00ab\u00a0<a href=\"#dettagli-trattamento-dati\">D\u00e9tails sur le traitement des donn\u00e9es personnelles<\/a>\u00ab\u00a0.<\/p>\n<h3>Modalit\u00e9s de traitement<\/h3>\n<p>Le traitement des donn\u00e9es s&rsquo;effectue via des <b>outils automatis\u00e9s<\/b> et n&rsquo;entra\u00eene aucune diffusion ou communication.<\/p>\n<h3>Fourniture des donn\u00e9es<\/h3>\n<p>\u00c0 l&rsquo;exception des <b>cookies techniques<\/b> n\u00e9cessaires \u00e0 la navigation, la fourniture des donn\u00e9es est facultative et d\u00e9pend de la volont\u00e9 de l&rsquo;utilisateur de naviguer sur le site apr\u00e8s avoir pris connaissance de la br\u00e8ve information. L&rsquo;utilisateur peut \u00e9viter l&rsquo;installation de cookies en maintenant la banni\u00e8re d&rsquo;information ouverte ou en modifiant les param\u00e8tres du navigateur.<\/p>\n<h3>D\u00e9sactivation des cookies<\/h3>\n<p>L&rsquo;utilisateur peut g\u00e9rer les pr\u00e9f\u00e9rences de cookies directement dans le <b>navigateur<\/b>, emp\u00eachant ainsi l&rsquo;installation par des tiers et supprimant ceux d\u00e9j\u00e0 install\u00e9s. La d\u00e9sactivation de tous les cookies pourrait compromettre le fonctionnement du site.<\/p>\n<h3>Instructions sp\u00e9cifiques pour les navigateurs<\/h3>\n<p>Des liens vers des instructions sp\u00e9cifiques pour la gestion des cookies dans les navigateurs les plus courants sont fournis :<\/p>\n<ul>\n<li><b>Microsoft Windows Explorer<\/b>: <a href=\"http:\/\/windows.microsoft.com\/it-it\/windows7\/block-enable-or-allow-cookies\">http:\/\/windows.microsoft.com\/it-it\/windows7\/block-enable-or-allow-cookies<\/a><\/li>\n<li><b>Google Chrome<\/b>: <a href=\"https:\/\/support.google.com\/chrome\/bin\/answer.py?hl=it&amp;answer=95647&amp;p=cpn_cookies\">https:\/\/support.google.com\/chrome\/bin\/answer.py?hl=it&amp;answer=95647&amp;p=cpn_cookies<\/a><\/li>\n<li><b>Mozilla Firefox<\/b>: <a href=\"https:\/\/support.mozilla.org\/it-IT\/kb\/Enabling%20and%20disabling%20cookies\">https:\/\/support.mozilla.org\/it-IT\/kb\/Enabling%20and%20disabling%20cookies<\/a><\/li>\n<li><b>Apple Safari<\/b>: <a href=\"https:\/\/support.apple.com\/kb\/PH17191?viewlocale=it_IT&amp;locale=it_IT\">https:\/\/support.apple.com\/kb\/PH17191?viewlocale=it_IT&amp;locale=it_IT<\/a><\/li>\n<li><b>Opera<\/b>: <a href=\"http:\/\/help.opera.com\/Windows\/10.00\/it\/cookies.html\">http:\/\/help.opera.com\/Windows\/10.00\/it\/cookies.html<\/a><\/li>\n<\/ul>\n<h3>D\u00e9sactivation des cookies tiers<\/h3>\n<p>Il est possible de d\u00e9sactiver les cookies tiers via les m\u00e9thodes fournies directement par les soci\u00e9t\u00e9s tierces responsables du traitement, ou via la <b>politique de confidentialit\u00e9<\/b> de la tierce partie ou le lien de d\u00e9sinscription, si disponible.<\/p>\n<h3>Informations et d\u00e9sactivation des cookies stock\u00e9s<\/h3>\n<p>Pour plus d&rsquo;informations sur les cookies stock\u00e9s sur l&rsquo;appareil de l&rsquo;utilisateur et pour les d\u00e9sactiver individuellement, un lien est fourni vers : <a href=\"http:\/\/www.youronlinechoices.com\/it\/le-tue-choix\">youronlinechoices.com<\/a>.<\/p>\n","protected":false},"excerpt":{"rendered":"<p>Gestion des Cookies et Traitement des Donn\u00e9es Personnelles Cette page r\u00e9sume la mani\u00e8re de g\u00e9rer les pr\u00e9f\u00e9rences de cookies et le traitement des donn\u00e9es personnelles, en<span class=\"excerpt-hellip\"> [\u2026]<\/span><\/p>\n","protected":false},"author":2,"featured_media":0,"parent":0,"menu_order":0,"comment_status":"closed","ping_status":"closed","template":"","meta":{"_acf_changed":false,"footnotes":""},"class_list":["post-5400","page","type-page","status-publish","hentry"],"acf":[],"yoast_head":"<!-- This site is optimized with the Yoast SEO plugin v26.9 - https:\/\/yoast.com\/product\/yoast-seo-wordpress\/ -->\n<title>Cookie Policy | Bizeta<\/title>\n<meta name=\"robots\" content=\"index, follow, max-snippet:-1, max-image-preview:large, max-video-preview:-1\" \/>\n<link rel=\"canonical\" href=\"https:\/\/bizeta-macchinehf.it\/fr\/cookies\/\" \/>\n<meta property=\"og:locale\" content=\"fr_FR\" \/>\n<meta property=\"og:type\" content=\"article\" \/>\n<meta property=\"og:title\" content=\"Cookie Policy | Bizeta\" \/>\n<meta property=\"og:description\" content=\"Gestion des Cookies et Traitement des Donn\u00e9es Personnelles Cette page r\u00e9sume la mani\u00e8re de g\u00e9rer les pr\u00e9f\u00e9rences de cookies et le traitement des donn\u00e9es personnelles, en [\u2026]\" \/>\n<meta property=\"og:url\" content=\"https:\/\/bizeta-macchinehf.it\/fr\/cookies\/\" \/>\n<meta property=\"og:site_name\" content=\"Bizeta\" \/>\n<meta property=\"article:modified_time\" content=\"2025-02-27T09:37:05+00:00\" \/>\n<meta name=\"twitter:card\" content=\"summary_large_image\" \/>\n<meta name=\"twitter:label1\" content=\"Dur\u00e9e de lecture estim\u00e9e\" \/>\n\t<meta name=\"twitter:data1\" content=\"2 minutes\" \/>\n<script type=\"application\/ld+json\" class=\"yoast-schema-graph\">{\"@context\":\"https:\/\/schema.org\",\"@graph\":[{\"@type\":\"WebPage\",\"@id\":\"https:\/\/bizeta-macchinehf.it\/fr\/cookies\/\",\"url\":\"https:\/\/bizeta-macchinehf.it\/fr\/cookies\/\",\"name\":\"Cookie Policy | Bizeta\",\"isPartOf\":{\"@id\":\"https:\/\/bizeta-macchinehf.it\/#website\"},\"datePublished\":\"2025-02-27T09:35:11+00:00\",\"dateModified\":\"2025-02-27T09:37:05+00:00\",\"breadcrumb\":{\"@id\":\"https:\/\/bizeta-macchinehf.it\/fr\/cookies\/#breadcrumb\"},\"inLanguage\":\"fr-FR\",\"potentialAction\":[{\"@type\":\"ReadAction\",\"target\":[\"https:\/\/bizeta-macchinehf.it\/fr\/cookies\/\"]}]},{\"@type\":\"BreadcrumbList\",\"@id\":\"https:\/\/bizeta-macchinehf.it\/fr\/cookies\/#breadcrumb\",\"itemListElement\":[{\"@type\":\"ListItem\",\"position\":1,\"name\":\"Home\",\"item\":\"https:\/\/bizeta-macchinehf.it\/fr\/\"},{\"@type\":\"ListItem\",\"position\":2,\"name\":\"Cookie Policy\"}]},{\"@type\":\"WebSite\",\"@id\":\"https:\/\/bizeta-macchinehf.it\/#website\",\"url\":\"https:\/\/bizeta-macchinehf.it\/\",\"name\":\"Bizeta\",\"description\":\"Welding Machines High Frequency\",\"potentialAction\":[{\"@type\":\"SearchAction\",\"target\":{\"@type\":\"EntryPoint\",\"urlTemplate\":\"https:\/\/bizeta-macchinehf.it\/?s={search_term_string}\"},\"query-input\":{\"@type\":\"PropertyValueSpecification\",\"valueRequired\":true,\"valueName\":\"search_term_string\"}}],\"inLanguage\":\"fr-FR\"}]}<\/script>\n<!-- \/ Yoast SEO plugin. -->","yoast_head_json":{"title":"Cookie Policy | Bizeta","robots":{"index":"index","follow":"follow","max-snippet":"max-snippet:-1","max-image-preview":"max-image-preview:large","max-video-preview":"max-video-preview:-1"},"canonical":"https:\/\/bizeta-macchinehf.it\/fr\/cookies\/","og_locale":"fr_FR","og_type":"article","og_title":"Cookie Policy | Bizeta","og_description":"Gestion des Cookies et Traitement des Donn\u00e9es Personnelles Cette page r\u00e9sume la mani\u00e8re de g\u00e9rer les pr\u00e9f\u00e9rences de cookies et le traitement des donn\u00e9es personnelles, en [\u2026]","og_url":"https:\/\/bizeta-macchinehf.it\/fr\/cookies\/","og_site_name":"Bizeta","article_modified_time":"2025-02-27T09:37:05+00:00","twitter_card":"summary_large_image","twitter_misc":{"Dur\u00e9e de lecture estim\u00e9e":"2 minutes"},"schema":{"@context":"https:\/\/schema.org","@graph":[{"@type":"WebPage","@id":"https:\/\/bizeta-macchinehf.it\/fr\/cookies\/","url":"https:\/\/bizeta-macchinehf.it\/fr\/cookies\/","name":"Cookie Policy | Bizeta","isPartOf":{"@id":"https:\/\/bizeta-macchinehf.it\/#website"},"datePublished":"2025-02-27T09:35:11+00:00","dateModified":"2025-02-27T09:37:05+00:00","breadcrumb":{"@id":"https:\/\/bizeta-macchinehf.it\/fr\/cookies\/#breadcrumb"},"inLanguage":"fr-FR","potentialAction":[{"@type":"ReadAction","target":["https:\/\/bizeta-macchinehf.it\/fr\/cookies\/"]}]},{"@type":"BreadcrumbList","@id":"https:\/\/bizeta-macchinehf.it\/fr\/cookies\/#breadcrumb","itemListElement":[{"@type":"ListItem","position":1,"name":"Home","item":"https:\/\/bizeta-macchinehf.it\/fr\/"},{"@type":"ListItem","position":2,"name":"Cookie Policy"}]},{"@type":"WebSite","@id":"https:\/\/bizeta-macchinehf.it\/#website","url":"https:\/\/bizeta-macchinehf.it\/","name":"Bizeta","description":"Welding Machines High Frequency","potentialAction":[{"@type":"SearchAction","target":{"@type":"EntryPoint","urlTemplate":"https:\/\/bizeta-macchinehf.it\/?s={search_term_string}"},"query-input":{"@type":"PropertyValueSpecification","valueRequired":true,"valueName":"search_term_string"}}],"inLanguage":"fr-FR"}]}},"_links":{"self":[{"href":"https:\/\/bizeta-macchinehf.it\/fr\/wp-json\/wp\/v2\/pages\/5400","targetHints":{"allow":["GET"]}}],"collection":[{"href":"https:\/\/bizeta-macchinehf.it\/fr\/wp-json\/wp\/v2\/pages"}],"about":[{"href":"https:\/\/bizeta-macchinehf.it\/fr\/wp-json\/wp\/v2\/types\/page"}],"author":[{"embeddable":true,"href":"https:\/\/bizeta-macchinehf.it\/fr\/wp-json\/wp\/v2\/users\/2"}],"replies":[{"embeddable":true,"href":"https:\/\/bizeta-macchinehf.it\/fr\/wp-json\/wp\/v2\/comments?post=5400"}],"version-history":[{"count":2,"href":"https:\/\/bizeta-macchinehf.it\/fr\/wp-json\/wp\/v2\/pages\/5400\/revisions"}],"predecessor-version":[{"id":5403,"href":"https:\/\/bizeta-macchinehf.it\/fr\/wp-json\/wp\/v2\/pages\/5400\/revisions\/5403"}],"wp:attachment":[{"href":"https:\/\/bizeta-macchinehf.it\/fr\/wp-json\/wp\/v2\/media?parent=5400"}],"curies":[{"name":"wp","href":"https:\/\/api.w.org\/{rel}","templated":true}]}}